{"id":30716,"date":"2026-03-13T03:19:36","date_gmt":"2026-03-12T19:19:36","guid":{"rendered":"https:\/\/cuttale.com\/?post_type=product&#038;p=30716"},"modified":"2026-03-21T03:21:52","modified_gmt":"2026-03-20T19:21:52","slug":"%e3%83%9d%e3%83%bc%e3%83%88%e3%83%ac%e3%83%bc%e3%83%88%e3%83%94%e3%83%ad%e3%83%bc%e3%82%ab%e3%82%b9%e3%82%bf%e3%83%9e%e3%82%a4%e3%82%ba","status":"publish","type":"product","link":"https:\/\/cuttale.com\/de\/produkt\/%e3%83%9d%e3%83%bc%e3%83%88%e3%83%ac%e3%83%bc%e3%83%88%e3%83%94%e3%83%ad%e3%83%bc%e3%82%ab%e3%82%b9%e3%82%bf%e3%83%9e%e3%82%a4%e3%82%ba\/","title":{"rendered":"\u30dd\u30fc\u30c8\u30ec\u30fc\u30c8\u30d4\u30ed\u30fc\u30ab\u30b9\u30bf\u30de\u30a4\u30ba"},"content":{"rendered":"<p><img loading=\"lazy\" decoding=\"async\" class=\"alignnone size-full wp-image-30726\" src=\"http:\/\/cuttale.com\/wp-content\/uploads\/2026\/03\/2-4.jpg\" alt=\"\" width=\"750\" height=\"750\" srcset=\"https:\/\/cuttale.com\/wp-content\/uploads\/2026\/03\/2-4.jpg 750w, https:\/\/cuttale.com\/wp-content\/uploads\/2026\/03\/2-4-300x300.jpg 300w, https:\/\/cuttale.com\/wp-content\/uploads\/2026\/03\/2-4-150x150.jpg 150w, https:\/\/cuttale.com\/wp-content\/uploads\/2026\/03\/2-4-12x12.jpg 12w, https:\/\/cuttale.com\/wp-content\/uploads\/2026\/03\/2-4-430x430.jpg 430w, https:\/\/cuttale.com\/wp-content\/uploads\/2026\/03\/2-4-700x700.jpg 700w, https:\/\/cuttale.com\/wp-content\/uploads\/2026\/03\/2-4-50x50.jpg 50w, https:\/\/cuttale.com\/wp-content\/uploads\/2026\/03\/2-4-100x100.jpg 100w\" sizes=\"auto, (max-width: 750px) 100vw, 750px\" \/> <img loading=\"lazy\" decoding=\"async\" class=\"alignnone size-full wp-image-30734\" src=\"http:\/\/cuttale.com\/wp-content\/uploads\/2026\/03\/\uff08Chinese-Traditional\uff09-2.jpg\" alt=\"\" width=\"750\" height=\"750\" srcset=\"https:\/\/cuttale.com\/wp-content\/uploads\/2026\/03\/\uff08Chinese-Traditional\uff09-2.jpg 750w, https:\/\/cuttale.com\/wp-content\/uploads\/2026\/03\/\uff08Chinese-Traditional\uff09-2-300x300.jpg 300w, https:\/\/cuttale.com\/wp-content\/uploads\/2026\/03\/\uff08Chinese-Traditional\uff09-2-150x150.jpg 150w, https:\/\/cuttale.com\/wp-content\/uploads\/2026\/03\/\uff08Chinese-Traditional\uff09-2-12x12.jpg 12w, https:\/\/cuttale.com\/wp-content\/uploads\/2026\/03\/\uff08Chinese-Traditional\uff09-2-430x430.jpg 430w, https:\/\/cuttale.com\/wp-content\/uploads\/2026\/03\/\uff08Chinese-Traditional\uff09-2-700x700.jpg 700w, https:\/\/cuttale.com\/wp-content\/uploads\/2026\/03\/\uff08Chinese-Traditional\uff09-2-50x50.jpg 50w, https:\/\/cuttale.com\/wp-content\/uploads\/2026\/03\/\uff08Chinese-Traditional\uff09-2-100x100.jpg 100w\" sizes=\"auto, (max-width: 750px) 100vw, 750px\" \/> <img loading=\"lazy\" decoding=\"async\" class=\"alignnone size-full wp-image-30729\" src=\"http:\/\/cuttale.com\/wp-content\/uploads\/2026\/03\/5-5.jpg\" alt=\"\" width=\"750\" height=\"750\" srcset=\"https:\/\/cuttale.com\/wp-content\/uploads\/2026\/03\/5-5.jpg 750w, https:\/\/cuttale.com\/wp-content\/uploads\/2026\/03\/5-5-300x300.jpg 300w, https:\/\/cuttale.com\/wp-content\/uploads\/2026\/03\/5-5-150x150.jpg 150w, https:\/\/cuttale.com\/wp-content\/uploads\/2026\/03\/5-5-12x12.jpg 12w, https:\/\/cuttale.com\/wp-content\/uploads\/2026\/03\/5-5-430x430.jpg 430w, https:\/\/cuttale.com\/wp-content\/uploads\/2026\/03\/5-5-700x700.jpg 700w, https:\/\/cuttale.com\/wp-content\/uploads\/2026\/03\/5-5-50x50.jpg 50w, https:\/\/cuttale.com\/wp-content\/uploads\/2026\/03\/5-5-100x100.jpg 100w\" sizes=\"auto, (max-width: 750px) 100vw, 750px\" \/> <img loading=\"lazy\" decoding=\"async\" class=\"alignnone size-full wp-image-30730\" src=\"http:\/\/cuttale.com\/wp-content\/uploads\/2026\/03\/6-4.jpg\" alt=\"\" width=\"750\" height=\"750\" srcset=\"https:\/\/cuttale.com\/wp-content\/uploads\/2026\/03\/6-4.jpg 750w, https:\/\/cuttale.com\/wp-content\/uploads\/2026\/03\/6-4-300x300.jpg 300w, https:\/\/cuttale.com\/wp-content\/uploads\/2026\/03\/6-4-150x150.jpg 150w, https:\/\/cuttale.com\/wp-content\/uploads\/2026\/03\/6-4-12x12.jpg 12w, https:\/\/cuttale.com\/wp-content\/uploads\/2026\/03\/6-4-430x430.jpg 430w, https:\/\/cuttale.com\/wp-content\/uploads\/2026\/03\/6-4-700x700.jpg 700w, https:\/\/cuttale.com\/wp-content\/uploads\/2026\/03\/6-4-50x50.jpg 50w, https:\/\/cuttale.com\/wp-content\/uploads\/2026\/03\/6-4-100x100.jpg 100w\" sizes=\"auto, (max-width: 750px) 100vw, 750px\" \/> <img loading=\"lazy\" decoding=\"async\" class=\"alignnone size-full wp-image-30731\" src=\"http:\/\/cuttale.com\/wp-content\/uploads\/2026\/03\/7-5.jpg\" alt=\"\" width=\"750\" height=\"750\" srcset=\"https:\/\/cuttale.com\/wp-content\/uploads\/2026\/03\/7-5.jpg 750w, https:\/\/cuttale.com\/wp-content\/uploads\/2026\/03\/7-5-300x300.jpg 300w, https:\/\/cuttale.com\/wp-content\/uploads\/2026\/03\/7-5-150x150.jpg 150w, https:\/\/cuttale.com\/wp-content\/uploads\/2026\/03\/7-5-12x12.jpg 12w, https:\/\/cuttale.com\/wp-content\/uploads\/2026\/03\/7-5-430x430.jpg 430w, https:\/\/cuttale.com\/wp-content\/uploads\/2026\/03\/7-5-700x700.jpg 700w, https:\/\/cuttale.com\/wp-content\/uploads\/2026\/03\/7-5-50x50.jpg 50w, https:\/\/cuttale.com\/wp-content\/uploads\/2026\/03\/7-5-100x100.jpg 100w\" sizes=\"auto, (max-width: 750px) 100vw, 750px\" \/> <img loading=\"lazy\" decoding=\"async\" class=\"alignnone size-full wp-image-30732\" src=\"http:\/\/cuttale.com\/wp-content\/uploads\/2026\/03\/8-5.jpg\" alt=\"\" width=\"750\" height=\"750\" srcset=\"https:\/\/cuttale.com\/wp-content\/uploads\/2026\/03\/8-5.jpg 750w, https:\/\/cuttale.com\/wp-content\/uploads\/2026\/03\/8-5-300x300.jpg 300w, https:\/\/cuttale.com\/wp-content\/uploads\/2026\/03\/8-5-150x150.jpg 150w, https:\/\/cuttale.com\/wp-content\/uploads\/2026\/03\/8-5-12x12.jpg 12w, https:\/\/cuttale.com\/wp-content\/uploads\/2026\/03\/8-5-430x430.jpg 430w, https:\/\/cuttale.com\/wp-content\/uploads\/2026\/03\/8-5-700x700.jpg 700w, https:\/\/cuttale.com\/wp-content\/uploads\/2026\/03\/8-5-50x50.jpg 50w, https:\/\/cuttale.com\/wp-content\/uploads\/2026\/03\/8-5-100x100.jpg 100w\" sizes=\"auto, (max-width: 750px) 100vw, 750px\" \/> <img loading=\"lazy\" decoding=\"async\" class=\"alignnone size-full wp-image-30733\" src=\"http:\/\/cuttale.com\/wp-content\/uploads\/2026\/03\/9-5.jpg\" alt=\"\" width=\"750\" height=\"750\" srcset=\"https:\/\/cuttale.com\/wp-content\/uploads\/2026\/03\/9-5.jpg 750w, https:\/\/cuttale.com\/wp-content\/uploads\/2026\/03\/9-5-300x300.jpg 300w, https:\/\/cuttale.com\/wp-content\/uploads\/2026\/03\/9-5-150x150.jpg 150w, https:\/\/cuttale.com\/wp-content\/uploads\/2026\/03\/9-5-12x12.jpg 12w, https:\/\/cuttale.com\/wp-content\/uploads\/2026\/03\/9-5-430x430.jpg 430w, https:\/\/cuttale.com\/wp-content\/uploads\/2026\/03\/9-5-700x700.jpg 700w, https:\/\/cuttale.com\/wp-content\/uploads\/2026\/03\/9-5-50x50.jpg 50w, https:\/\/cuttale.com\/wp-content\/uploads\/2026\/03\/9-5-100x100.jpg 100w\" sizes=\"auto, (max-width: 750px) 100vw, 750px\" \/><img loading=\"lazy\" decoding=\"async\" class=\"alignnone size-full wp-image-30728\" src=\"http:\/\/cuttale.com\/wp-content\/uploads\/2026\/03\/4-4.jpg\" alt=\"\" width=\"750\" height=\"750\" srcset=\"https:\/\/cuttale.com\/wp-content\/uploads\/2026\/03\/4-4.jpg 750w, https:\/\/cuttale.com\/wp-content\/uploads\/2026\/03\/4-4-300x300.jpg 300w, https:\/\/cuttale.com\/wp-content\/uploads\/2026\/03\/4-4-150x150.jpg 150w, https:\/\/cuttale.com\/wp-content\/uploads\/2026\/03\/4-4-12x12.jpg 12w, https:\/\/cuttale.com\/wp-content\/uploads\/2026\/03\/4-4-430x430.jpg 430w, https:\/\/cuttale.com\/wp-content\/uploads\/2026\/03\/4-4-700x700.jpg 700w, https:\/\/cuttale.com\/wp-content\/uploads\/2026\/03\/4-4-50x50.jpg 50w, https:\/\/cuttale.com\/wp-content\/uploads\/2026\/03\/4-4-100x100.jpg 100w\" sizes=\"auto, (max-width: 750px) 100vw, 750px\" \/> <img loading=\"lazy\" decoding=\"async\" class=\"alignnone size-full wp-image-30718\" src=\"http:\/\/cuttale.com\/wp-content\/uploads\/2026\/03\/10-5.jpg\" alt=\"\" width=\"750\" height=\"750\" srcset=\"https:\/\/cuttale.com\/wp-content\/uploads\/2026\/03\/10-5.jpg 750w, https:\/\/cuttale.com\/wp-content\/uploads\/2026\/03\/10-5-300x300.jpg 300w, https:\/\/cuttale.com\/wp-content\/uploads\/2026\/03\/10-5-150x150.jpg 150w, https:\/\/cuttale.com\/wp-content\/uploads\/2026\/03\/10-5-12x12.jpg 12w, https:\/\/cuttale.com\/wp-content\/uploads\/2026\/03\/10-5-430x430.jpg 430w, https:\/\/cuttale.com\/wp-content\/uploads\/2026\/03\/10-5-700x700.jpg 700w, https:\/\/cuttale.com\/wp-content\/uploads\/2026\/03\/10-5-50x50.jpg 50w, https:\/\/cuttale.com\/wp-content\/uploads\/2026\/03\/10-5-100x100.jpg 100w\" sizes=\"auto, (max-width: 750px) 100vw, 750px\" \/> <img loading=\"lazy\" decoding=\"async\" class=\"alignnone size-full wp-image-30719\" src=\"http:\/\/cuttale.com\/wp-content\/uploads\/2026\/03\/11-5.jpg\" alt=\"\" width=\"750\" height=\"750\" srcset=\"https:\/\/cuttale.com\/wp-content\/uploads\/2026\/03\/11-5.jpg 750w, https:\/\/cuttale.com\/wp-content\/uploads\/2026\/03\/11-5-300x300.jpg 300w, https:\/\/cuttale.com\/wp-content\/uploads\/2026\/03\/11-5-150x150.jpg 150w, https:\/\/cuttale.com\/wp-content\/uploads\/2026\/03\/11-5-12x12.jpg 12w, https:\/\/cuttale.com\/wp-content\/uploads\/2026\/03\/11-5-430x430.jpg 430w, https:\/\/cuttale.com\/wp-content\/uploads\/2026\/03\/11-5-700x700.jpg 700w, https:\/\/cuttale.com\/wp-content\/uploads\/2026\/03\/11-5-50x50.jpg 50w, https:\/\/cuttale.com\/wp-content\/uploads\/2026\/03\/11-5-100x100.jpg 100w\" sizes=\"auto, (max-width: 750px) 100vw, 750px\" \/> <img loading=\"lazy\" decoding=\"async\" class=\"alignnone size-full wp-image-30720\" src=\"http:\/\/cuttale.com\/wp-content\/uploads\/2026\/03\/12-5.jpg\" alt=\"\" width=\"750\" height=\"750\" srcset=\"https:\/\/cuttale.com\/wp-content\/uploads\/2026\/03\/12-5.jpg 750w, https:\/\/cuttale.com\/wp-content\/uploads\/2026\/03\/12-5-300x300.jpg 300w, https:\/\/cuttale.com\/wp-content\/uploads\/2026\/03\/12-5-150x150.jpg 150w, https:\/\/cuttale.com\/wp-content\/uploads\/2026\/03\/12-5-12x12.jpg 12w, https:\/\/cuttale.com\/wp-content\/uploads\/2026\/03\/12-5-430x430.jpg 430w, https:\/\/cuttale.com\/wp-content\/uploads\/2026\/03\/12-5-700x700.jpg 700w, https:\/\/cuttale.com\/wp-content\/uploads\/2026\/03\/12-5-50x50.jpg 50w, https:\/\/cuttale.com\/wp-content\/uploads\/2026\/03\/12-5-100x100.jpg 100w\" sizes=\"auto, (max-width: 750px) 100vw, 750px\" \/> <img loading=\"lazy\" decoding=\"async\" class=\"alignnone size-full wp-image-30723\" src=\"http:\/\/cuttale.com\/wp-content\/uploads\/2026\/03\/15-4.jpg\" alt=\"\" width=\"750\" height=\"750\" srcset=\"https:\/\/cuttale.com\/wp-content\/uploads\/2026\/03\/15-4.jpg 750w, https:\/\/cuttale.com\/wp-content\/uploads\/2026\/03\/15-4-300x300.jpg 300w, https:\/\/cuttale.com\/wp-content\/uploads\/2026\/03\/15-4-150x150.jpg 150w, https:\/\/cuttale.com\/wp-content\/uploads\/2026\/03\/15-4-12x12.jpg 12w, https:\/\/cuttale.com\/wp-content\/uploads\/2026\/03\/15-4-430x430.jpg 430w, https:\/\/cuttale.com\/wp-content\/uploads\/2026\/03\/15-4-700x700.jpg 700w, https:\/\/cuttale.com\/wp-content\/uploads\/2026\/03\/15-4-50x50.jpg 50w, https:\/\/cuttale.com\/wp-content\/uploads\/2026\/03\/15-4-100x100.jpg 100w\" sizes=\"auto, (max-width: 750px) 100vw, 750px\" \/> <img loading=\"lazy\" decoding=\"async\" class=\"alignnone size-full wp-image-30724\" src=\"http:\/\/cuttale.com\/wp-content\/uploads\/2026\/03\/16-4.jpg\" alt=\"\" width=\"750\" height=\"750\" srcset=\"https:\/\/cuttale.com\/wp-content\/uploads\/2026\/03\/16-4.jpg 750w, https:\/\/cuttale.com\/wp-content\/uploads\/2026\/03\/16-4-300x300.jpg 300w, https:\/\/cuttale.com\/wp-content\/uploads\/2026\/03\/16-4-150x150.jpg 150w, https:\/\/cuttale.com\/wp-content\/uploads\/2026\/03\/16-4-12x12.jpg 12w, https:\/\/cuttale.com\/wp-content\/uploads\/2026\/03\/16-4-430x430.jpg 430w, https:\/\/cuttale.com\/wp-content\/uploads\/2026\/03\/16-4-700x700.jpg 700w, https:\/\/cuttale.com\/wp-content\/uploads\/2026\/03\/16-4-50x50.jpg 50w, https:\/\/cuttale.com\/wp-content\/uploads\/2026\/03\/16-4-100x100.jpg 100w\" sizes=\"auto, (max-width: 750px) 100vw, 750px\" \/> <img loading=\"lazy\" decoding=\"async\" class=\"alignnone size-full wp-image-30725\" src=\"http:\/\/cuttale.com\/wp-content\/uploads\/2026\/03\/17-4.jpg\" alt=\"\" width=\"750\" height=\"750\" srcset=\"https:\/\/cuttale.com\/wp-content\/uploads\/2026\/03\/17-4.jpg 750w, https:\/\/cuttale.com\/wp-content\/uploads\/2026\/03\/17-4-300x300.jpg 300w, https:\/\/cuttale.com\/wp-content\/uploads\/2026\/03\/17-4-150x150.jpg 150w, https:\/\/cuttale.com\/wp-content\/uploads\/2026\/03\/17-4-12x12.jpg 12w, https:\/\/cuttale.com\/wp-content\/uploads\/2026\/03\/17-4-430x430.jpg 430w, https:\/\/cuttale.com\/wp-content\/uploads\/2026\/03\/17-4-700x700.jpg 700w, https:\/\/cuttale.com\/wp-content\/uploads\/2026\/03\/17-4-50x50.jpg 50w, https:\/\/cuttale.com\/wp-content\/uploads\/2026\/03\/17-4-100x100.jpg 100w\" sizes=\"auto, (max-width: 750px) 100vw, 750px\" \/> <img loading=\"lazy\" decoding=\"async\" class=\"alignnone size-full wp-image-30722\" src=\"http:\/\/cuttale.com\/wp-content\/uploads\/2026\/03\/14-4.jpg\" alt=\"\" width=\"750\" height=\"750\" srcset=\"https:\/\/cuttale.com\/wp-content\/uploads\/2026\/03\/14-4.jpg 750w, https:\/\/cuttale.com\/wp-content\/uploads\/2026\/03\/14-4-300x300.jpg 300w, https:\/\/cuttale.com\/wp-content\/uploads\/2026\/03\/14-4-150x150.jpg 150w, https:\/\/cuttale.com\/wp-content\/uploads\/2026\/03\/14-4-12x12.jpg 12w, https:\/\/cuttale.com\/wp-content\/uploads\/2026\/03\/14-4-430x430.jpg 430w, https:\/\/cuttale.com\/wp-content\/uploads\/2026\/03\/14-4-700x700.jpg 700w, https:\/\/cuttale.com\/wp-content\/uploads\/2026\/03\/14-4-50x50.jpg 50w, https:\/\/cuttale.com\/wp-content\/uploads\/2026\/03\/14-4-100x100.jpg 100w\" sizes=\"auto, (max-width: 750px) 100vw, 750px\" \/><\/p>","protected":false},"excerpt":{"rendered":"<ul>\n<li>Ankunftsdatum: Voraussichtliche Lieferung innerhalb von 30 Tagen.<\/li>\n<li>\u8fd4\u54c1\u671f\u9650\uff1a\u30aa\u30fc\u30c0\u30fc\u30e1\u30a4\u30c9\u5546\u54c1\u306e\u305f\u3081\u3001\u8fd4\u54c1\u30fb\u8fd4\u91d1\u306b\u306f\u5bfe\u5fdc\u3057\u3066\u304a\u308a\u307e\u305b\u3093\u3002\u5546\u54c1\u7834\u640d\u306e\u5834\u5408\u306e\u307f\u3001\u8ca9\u58f2\u8005\u304c\u518d\u9001\u54c1\u624b\u914d\u3044\u305f\u3057\u307e\u3059\u3002<\/li>\n<li>Versand: Dieses Produkt ist nicht in den Versandkosten enthalten.<\/li>\n<li>R\u00fcckporto: Der Kunde ist f\u00fcr das R\u00fcckporto verantwortlich.<\/li>\n<li>R\u00fcckgabe: Dieses Produkt kann nicht zur\u00fcckgegeben werden.<\/li>\n<\/ul>","protected":false},"featured_media":30717,"comment_status":"open","ping_status":"closed","template":"","meta":[],"product_brand":[],"product_cat":[95,106],"product_tag":[],"class_list":{"0":"post-30716","1":"product","2":"type-product","3":"status-publish","4":"has-post-thumbnail","6":"product_cat-95","7":"product_cat-106","9":"first","10":"instock","11":"sale","12":"shipping-taxable","13":"purchasable","14":"product-type-variable"},"_links":{"self":[{"href":"https:\/\/cuttale.com\/de\/wp-json\/wp\/v2\/product\/30716","targetHints":{"allow":["GET"]}}],"collection":[{"href":"https:\/\/cuttale.com\/de\/wp-json\/wp\/v2\/product"}],"about":[{"href":"https:\/\/cuttale.com\/de\/wp-json\/wp\/v2\/types\/product"}],"replies":[{"embeddable":true,"href":"https:\/\/cuttale.com\/de\/wp-json\/wp\/v2\/comments?post=30716"}],"version-history":[{"count":0,"href":"https:\/\/cuttale.com\/de\/wp-json\/wp\/v2\/product\/30716\/revisions"}],"wp:featuredmedia":[{"embeddable":true,"href":"https:\/\/cuttale.com\/de\/wp-json\/wp\/v2\/media\/30717"}],"wp:attachment":[{"href":"https:\/\/cuttale.com\/de\/wp-json\/wp\/v2\/media?parent=30716"}],"wp:term":[{"taxonomy":"product_brand","embeddable":true,"href":"https:\/\/cuttale.com\/de\/wp-json\/wp\/v2\/product_brand?post=30716"},{"taxonomy":"product_cat","embeddable":true,"href":"https:\/\/cuttale.com\/de\/wp-json\/wp\/v2\/product_cat?post=30716"},{"taxonomy":"product_tag","embeddable":true,"href":"https:\/\/cuttale.com\/de\/wp-json\/wp\/v2\/product_tag?post=30716"}],"curies":[{"name":"wp","href":"https:\/\/api.w.org\/{rel}","templated":true}]}}