{"id":30799,"date":"2026-03-13T05:28:09","date_gmt":"2026-03-12T21:28:09","guid":{"rendered":"https:\/\/cuttale.com\/?post_type=product&#038;p=30799"},"modified":"2026-03-22T00:13:33","modified_gmt":"2026-03-21T16:13:33","slug":"%e3%83%9d%e3%83%bc%e3%83%88%e3%83%ac%e3%83%bc%e3%83%88%e3%83%94%e3%83%ad%e3%83%bc%e3%81%ae%e3%82%ab%e3%82%b9%e3%82%bf%e3%83%9e%e3%82%a4%e3%82%ba-2","status":"publish","type":"product","link":"https:\/\/cuttale.com\/de\/produkt\/%e3%83%9d%e3%83%bc%e3%83%88%e3%83%ac%e3%83%bc%e3%83%88%e3%83%94%e3%83%ad%e3%83%bc%e3%81%ae%e3%82%ab%e3%82%b9%e3%82%bf%e3%83%9e%e3%82%a4%e3%82%ba-2\/","title":{"rendered":"Individuelles Portrait-Kissen."},"content":{"rendered":"<p><img loading=\"lazy\" decoding=\"async\" class=\"alignnone size-full wp-image-30810\" src=\"http:\/\/cuttale.com\/wp-content\/uploads\/2026\/03\/2-6.jpg\" alt=\"\" width=\"750\" height=\"750\" srcset=\"https:\/\/cuttale.com\/wp-content\/uploads\/2026\/03\/2-6.jpg 750w, https:\/\/cuttale.com\/wp-content\/uploads\/2026\/03\/2-6-300x300.jpg 300w, https:\/\/cuttale.com\/wp-content\/uploads\/2026\/03\/2-6-150x150.jpg 150w, https:\/\/cuttale.com\/wp-content\/uploads\/2026\/03\/2-6-12x12.jpg 12w, https:\/\/cuttale.com\/wp-content\/uploads\/2026\/03\/2-6-430x430.jpg 430w, https:\/\/cuttale.com\/wp-content\/uploads\/2026\/03\/2-6-700x700.jpg 700w, https:\/\/cuttale.com\/wp-content\/uploads\/2026\/03\/2-6-50x50.jpg 50w, https:\/\/cuttale.com\/wp-content\/uploads\/2026\/03\/2-6-100x100.jpg 100w\" sizes=\"auto, (max-width: 750px) 100vw, 750px\" \/> <img loading=\"lazy\" decoding=\"async\" class=\"alignnone size-full wp-image-30818\" src=\"http:\/\/cuttale.com\/wp-content\/uploads\/2026\/03\/\uff08Chinese-Traditional\uff09-3.jpg\" alt=\"\" width=\"750\" height=\"750\" srcset=\"https:\/\/cuttale.com\/wp-content\/uploads\/2026\/03\/\uff08Chinese-Traditional\uff09-3.jpg 750w, https:\/\/cuttale.com\/wp-content\/uploads\/2026\/03\/\uff08Chinese-Traditional\uff09-3-300x300.jpg 300w, https:\/\/cuttale.com\/wp-content\/uploads\/2026\/03\/\uff08Chinese-Traditional\uff09-3-150x150.jpg 150w, https:\/\/cuttale.com\/wp-content\/uploads\/2026\/03\/\uff08Chinese-Traditional\uff09-3-12x12.jpg 12w, https:\/\/cuttale.com\/wp-content\/uploads\/2026\/03\/\uff08Chinese-Traditional\uff09-3-430x430.jpg 430w, https:\/\/cuttale.com\/wp-content\/uploads\/2026\/03\/\uff08Chinese-Traditional\uff09-3-700x700.jpg 700w, https:\/\/cuttale.com\/wp-content\/uploads\/2026\/03\/\uff08Chinese-Traditional\uff09-3-50x50.jpg 50w, https:\/\/cuttale.com\/wp-content\/uploads\/2026\/03\/\uff08Chinese-Traditional\uff09-3-100x100.jpg 100w\" sizes=\"auto, (max-width: 750px) 100vw, 750px\" \/> <img loading=\"lazy\" decoding=\"async\" class=\"alignnone size-full wp-image-30812\" src=\"http:\/\/cuttale.com\/wp-content\/uploads\/2026\/03\/4-6.jpg\" alt=\"\" width=\"750\" height=\"750\" srcset=\"https:\/\/cuttale.com\/wp-content\/uploads\/2026\/03\/4-6.jpg 750w, https:\/\/cuttale.com\/wp-content\/uploads\/2026\/03\/4-6-300x300.jpg 300w, https:\/\/cuttale.com\/wp-content\/uploads\/2026\/03\/4-6-150x150.jpg 150w, https:\/\/cuttale.com\/wp-content\/uploads\/2026\/03\/4-6-12x12.jpg 12w, https:\/\/cuttale.com\/wp-content\/uploads\/2026\/03\/4-6-430x430.jpg 430w, https:\/\/cuttale.com\/wp-content\/uploads\/2026\/03\/4-6-700x700.jpg 700w, https:\/\/cuttale.com\/wp-content\/uploads\/2026\/03\/4-6-50x50.jpg 50w, https:\/\/cuttale.com\/wp-content\/uploads\/2026\/03\/4-6-100x100.jpg 100w\" sizes=\"auto, (max-width: 750px) 100vw, 750px\" \/> <img loading=\"lazy\" decoding=\"async\" class=\"alignnone size-full wp-image-30813\" src=\"http:\/\/cuttale.com\/wp-content\/uploads\/2026\/03\/5-7.jpg\" alt=\"\" width=\"750\" height=\"750\" srcset=\"https:\/\/cuttale.com\/wp-content\/uploads\/2026\/03\/5-7.jpg 750w, https:\/\/cuttale.com\/wp-content\/uploads\/2026\/03\/5-7-300x300.jpg 300w, https:\/\/cuttale.com\/wp-content\/uploads\/2026\/03\/5-7-150x150.jpg 150w, https:\/\/cuttale.com\/wp-content\/uploads\/2026\/03\/5-7-12x12.jpg 12w, https:\/\/cuttale.com\/wp-content\/uploads\/2026\/03\/5-7-430x430.jpg 430w, https:\/\/cuttale.com\/wp-content\/uploads\/2026\/03\/5-7-700x700.jpg 700w, https:\/\/cuttale.com\/wp-content\/uploads\/2026\/03\/5-7-50x50.jpg 50w, https:\/\/cuttale.com\/wp-content\/uploads\/2026\/03\/5-7-100x100.jpg 100w\" sizes=\"auto, (max-width: 750px) 100vw, 750px\" \/> <img loading=\"lazy\" decoding=\"async\" class=\"alignnone size-full wp-image-30814\" src=\"http:\/\/cuttale.com\/wp-content\/uploads\/2026\/03\/6-6.jpg\" alt=\"\" width=\"750\" height=\"750\" srcset=\"https:\/\/cuttale.com\/wp-content\/uploads\/2026\/03\/6-6.jpg 750w, https:\/\/cuttale.com\/wp-content\/uploads\/2026\/03\/6-6-300x300.jpg 300w, https:\/\/cuttale.com\/wp-content\/uploads\/2026\/03\/6-6-150x150.jpg 150w, https:\/\/cuttale.com\/wp-content\/uploads\/2026\/03\/6-6-12x12.jpg 12w, https:\/\/cuttale.com\/wp-content\/uploads\/2026\/03\/6-6-430x430.jpg 430w, https:\/\/cuttale.com\/wp-content\/uploads\/2026\/03\/6-6-700x700.jpg 700w, https:\/\/cuttale.com\/wp-content\/uploads\/2026\/03\/6-6-50x50.jpg 50w, https:\/\/cuttale.com\/wp-content\/uploads\/2026\/03\/6-6-100x100.jpg 100w\" sizes=\"auto, (max-width: 750px) 100vw, 750px\" \/> <img loading=\"lazy\" decoding=\"async\" class=\"alignnone size-full wp-image-30815\" src=\"http:\/\/cuttale.com\/wp-content\/uploads\/2026\/03\/7-7.jpg\" alt=\"\" width=\"750\" height=\"750\" srcset=\"https:\/\/cuttale.com\/wp-content\/uploads\/2026\/03\/7-7.jpg 750w, https:\/\/cuttale.com\/wp-content\/uploads\/2026\/03\/7-7-300x300.jpg 300w, https:\/\/cuttale.com\/wp-content\/uploads\/2026\/03\/7-7-150x150.jpg 150w, https:\/\/cuttale.com\/wp-content\/uploads\/2026\/03\/7-7-12x12.jpg 12w, https:\/\/cuttale.com\/wp-content\/uploads\/2026\/03\/7-7-430x430.jpg 430w, https:\/\/cuttale.com\/wp-content\/uploads\/2026\/03\/7-7-700x700.jpg 700w, https:\/\/cuttale.com\/wp-content\/uploads\/2026\/03\/7-7-50x50.jpg 50w, https:\/\/cuttale.com\/wp-content\/uploads\/2026\/03\/7-7-100x100.jpg 100w\" sizes=\"auto, (max-width: 750px) 100vw, 750px\" \/> <img loading=\"lazy\" decoding=\"async\" class=\"alignnone size-full wp-image-30816\" src=\"http:\/\/cuttale.com\/wp-content\/uploads\/2026\/03\/8-7.jpg\" alt=\"\" width=\"750\" height=\"750\" srcset=\"https:\/\/cuttale.com\/wp-content\/uploads\/2026\/03\/8-7.jpg 750w, https:\/\/cuttale.com\/wp-content\/uploads\/2026\/03\/8-7-300x300.jpg 300w, https:\/\/cuttale.com\/wp-content\/uploads\/2026\/03\/8-7-150x150.jpg 150w, https:\/\/cuttale.com\/wp-content\/uploads\/2026\/03\/8-7-12x12.jpg 12w, https:\/\/cuttale.com\/wp-content\/uploads\/2026\/03\/8-7-430x430.jpg 430w, https:\/\/cuttale.com\/wp-content\/uploads\/2026\/03\/8-7-700x700.jpg 700w, https:\/\/cuttale.com\/wp-content\/uploads\/2026\/03\/8-7-50x50.jpg 50w, https:\/\/cuttale.com\/wp-content\/uploads\/2026\/03\/8-7-100x100.jpg 100w\" sizes=\"auto, (max-width: 750px) 100vw, 750px\" \/> <img loading=\"lazy\" decoding=\"async\" class=\"alignnone size-full wp-image-30817\" src=\"http:\/\/cuttale.com\/wp-content\/uploads\/2026\/03\/9-6.jpg\" alt=\"\" width=\"750\" height=\"750\" srcset=\"https:\/\/cuttale.com\/wp-content\/uploads\/2026\/03\/9-6.jpg 750w, https:\/\/cuttale.com\/wp-content\/uploads\/2026\/03\/9-6-300x300.jpg 300w, https:\/\/cuttale.com\/wp-content\/uploads\/2026\/03\/9-6-150x150.jpg 150w, https:\/\/cuttale.com\/wp-content\/uploads\/2026\/03\/9-6-12x12.jpg 12w, https:\/\/cuttale.com\/wp-content\/uploads\/2026\/03\/9-6-430x430.jpg 430w, https:\/\/cuttale.com\/wp-content\/uploads\/2026\/03\/9-6-700x700.jpg 700w, https:\/\/cuttale.com\/wp-content\/uploads\/2026\/03\/9-6-50x50.jpg 50w, https:\/\/cuttale.com\/wp-content\/uploads\/2026\/03\/9-6-100x100.jpg 100w\" sizes=\"auto, (max-width: 750px) 100vw, 750px\" \/> <img loading=\"lazy\" decoding=\"async\" class=\"alignnone size-full wp-image-30801\" src=\"http:\/\/cuttale.com\/wp-content\/uploads\/2026\/03\/10-7.jpg\" alt=\"\" width=\"750\" height=\"750\" srcset=\"https:\/\/cuttale.com\/wp-content\/uploads\/2026\/03\/10-7.jpg 750w, https:\/\/cuttale.com\/wp-content\/uploads\/2026\/03\/10-7-300x300.jpg 300w, https:\/\/cuttale.com\/wp-content\/uploads\/2026\/03\/10-7-150x150.jpg 150w, https:\/\/cuttale.com\/wp-content\/uploads\/2026\/03\/10-7-12x12.jpg 12w, https:\/\/cuttale.com\/wp-content\/uploads\/2026\/03\/10-7-430x430.jpg 430w, https:\/\/cuttale.com\/wp-content\/uploads\/2026\/03\/10-7-700x700.jpg 700w, https:\/\/cuttale.com\/wp-content\/uploads\/2026\/03\/10-7-50x50.jpg 50w, https:\/\/cuttale.com\/wp-content\/uploads\/2026\/03\/10-7-100x100.jpg 100w\" sizes=\"auto, (max-width: 750px) 100vw, 750px\" \/> <img loading=\"lazy\" decoding=\"async\" class=\"alignnone size-full wp-image-30802\" src=\"http:\/\/cuttale.com\/wp-content\/uploads\/2026\/03\/11-7.jpg\" alt=\"\" width=\"750\" height=\"750\" srcset=\"https:\/\/cuttale.com\/wp-content\/uploads\/2026\/03\/11-7.jpg 750w, https:\/\/cuttale.com\/wp-content\/uploads\/2026\/03\/11-7-300x300.jpg 300w, https:\/\/cuttale.com\/wp-content\/uploads\/2026\/03\/11-7-150x150.jpg 150w, https:\/\/cuttale.com\/wp-content\/uploads\/2026\/03\/11-7-12x12.jpg 12w, https:\/\/cuttale.com\/wp-content\/uploads\/2026\/03\/11-7-430x430.jpg 430w, https:\/\/cuttale.com\/wp-content\/uploads\/2026\/03\/11-7-700x700.jpg 700w, https:\/\/cuttale.com\/wp-content\/uploads\/2026\/03\/11-7-50x50.jpg 50w, https:\/\/cuttale.com\/wp-content\/uploads\/2026\/03\/11-7-100x100.jpg 100w\" sizes=\"auto, (max-width: 750px) 100vw, 750px\" \/> <img loading=\"lazy\" decoding=\"async\" class=\"alignnone size-full wp-image-30803\" src=\"http:\/\/cuttale.com\/wp-content\/uploads\/2026\/03\/12-7.jpg\" alt=\"\" width=\"750\" height=\"750\" srcset=\"https:\/\/cuttale.com\/wp-content\/uploads\/2026\/03\/12-7.jpg 750w, https:\/\/cuttale.com\/wp-content\/uploads\/2026\/03\/12-7-300x300.jpg 300w, https:\/\/cuttale.com\/wp-content\/uploads\/2026\/03\/12-7-150x150.jpg 150w, https:\/\/cuttale.com\/wp-content\/uploads\/2026\/03\/12-7-12x12.jpg 12w, https:\/\/cuttale.com\/wp-content\/uploads\/2026\/03\/12-7-430x430.jpg 430w, https:\/\/cuttale.com\/wp-content\/uploads\/2026\/03\/12-7-700x700.jpg 700w, https:\/\/cuttale.com\/wp-content\/uploads\/2026\/03\/12-7-50x50.jpg 50w, https:\/\/cuttale.com\/wp-content\/uploads\/2026\/03\/12-7-100x100.jpg 100w\" sizes=\"auto, (max-width: 750px) 100vw, 750px\" \/> <img loading=\"lazy\" decoding=\"async\" class=\"alignnone size-full wp-image-30804\" src=\"http:\/\/cuttale.com\/wp-content\/uploads\/2026\/03\/13-6.jpg\" alt=\"\" width=\"750\" height=\"750\" srcset=\"https:\/\/cuttale.com\/wp-content\/uploads\/2026\/03\/13-6.jpg 750w, https:\/\/cuttale.com\/wp-content\/uploads\/2026\/03\/13-6-300x300.jpg 300w, https:\/\/cuttale.com\/wp-content\/uploads\/2026\/03\/13-6-150x150.jpg 150w, https:\/\/cuttale.com\/wp-content\/uploads\/2026\/03\/13-6-12x12.jpg 12w, https:\/\/cuttale.com\/wp-content\/uploads\/2026\/03\/13-6-430x430.jpg 430w, https:\/\/cuttale.com\/wp-content\/uploads\/2026\/03\/13-6-700x700.jpg 700w, https:\/\/cuttale.com\/wp-content\/uploads\/2026\/03\/13-6-50x50.jpg 50w, https:\/\/cuttale.com\/wp-content\/uploads\/2026\/03\/13-6-100x100.jpg 100w\" sizes=\"auto, (max-width: 750px) 100vw, 750px\" \/> <img loading=\"lazy\" decoding=\"async\" class=\"alignnone size-full wp-image-30805\" src=\"http:\/\/cuttale.com\/wp-content\/uploads\/2026\/03\/14-6.jpg\" alt=\"\" width=\"750\" height=\"750\" srcset=\"https:\/\/cuttale.com\/wp-content\/uploads\/2026\/03\/14-6.jpg 750w, https:\/\/cuttale.com\/wp-content\/uploads\/2026\/03\/14-6-300x300.jpg 300w, https:\/\/cuttale.com\/wp-content\/uploads\/2026\/03\/14-6-150x150.jpg 150w, https:\/\/cuttale.com\/wp-content\/uploads\/2026\/03\/14-6-12x12.jpg 12w, https:\/\/cuttale.com\/wp-content\/uploads\/2026\/03\/14-6-430x430.jpg 430w, https:\/\/cuttale.com\/wp-content\/uploads\/2026\/03\/14-6-700x700.jpg 700w, https:\/\/cuttale.com\/wp-content\/uploads\/2026\/03\/14-6-50x50.jpg 50w, https:\/\/cuttale.com\/wp-content\/uploads\/2026\/03\/14-6-100x100.jpg 100w\" sizes=\"auto, (max-width: 750px) 100vw, 750px\" \/> <img loading=\"lazy\" decoding=\"async\" class=\"alignnone size-full wp-image-30806\" src=\"http:\/\/cuttale.com\/wp-content\/uploads\/2026\/03\/15-6.jpg\" alt=\"\" width=\"750\" height=\"750\" srcset=\"https:\/\/cuttale.com\/wp-content\/uploads\/2026\/03\/15-6.jpg 750w, https:\/\/cuttale.com\/wp-content\/uploads\/2026\/03\/15-6-300x300.jpg 300w, https:\/\/cuttale.com\/wp-content\/uploads\/2026\/03\/15-6-150x150.jpg 150w, https:\/\/cuttale.com\/wp-content\/uploads\/2026\/03\/15-6-12x12.jpg 12w, https:\/\/cuttale.com\/wp-content\/uploads\/2026\/03\/15-6-430x430.jpg 430w, https:\/\/cuttale.com\/wp-content\/uploads\/2026\/03\/15-6-700x700.jpg 700w, https:\/\/cuttale.com\/wp-content\/uploads\/2026\/03\/15-6-50x50.jpg 50w, https:\/\/cuttale.com\/wp-content\/uploads\/2026\/03\/15-6-100x100.jpg 100w\" sizes=\"auto, (max-width: 750px) 100vw, 750px\" \/> <img loading=\"lazy\" decoding=\"async\" class=\"alignnone size-full wp-image-30807\" src=\"http:\/\/cuttale.com\/wp-content\/uploads\/2026\/03\/16-6.jpg\" alt=\"\" width=\"750\" height=\"750\" srcset=\"https:\/\/cuttale.com\/wp-content\/uploads\/2026\/03\/16-6.jpg 750w, https:\/\/cuttale.com\/wp-content\/uploads\/2026\/03\/16-6-300x300.jpg 300w, https:\/\/cuttale.com\/wp-content\/uploads\/2026\/03\/16-6-150x150.jpg 150w, https:\/\/cuttale.com\/wp-content\/uploads\/2026\/03\/16-6-12x12.jpg 12w, https:\/\/cuttale.com\/wp-content\/uploads\/2026\/03\/16-6-430x430.jpg 430w, https:\/\/cuttale.com\/wp-content\/uploads\/2026\/03\/16-6-700x700.jpg 700w, https:\/\/cuttale.com\/wp-content\/uploads\/2026\/03\/16-6-50x50.jpg 50w, https:\/\/cuttale.com\/wp-content\/uploads\/2026\/03\/16-6-100x100.jpg 100w\" sizes=\"auto, (max-width: 750px) 100vw, 750px\" \/> <img loading=\"lazy\" decoding=\"async\" class=\"alignnone size-full wp-image-30808\" src=\"http:\/\/cuttale.com\/wp-content\/uploads\/2026\/03\/17-6.jpg\" alt=\"\" width=\"750\" height=\"750\" srcset=\"https:\/\/cuttale.com\/wp-content\/uploads\/2026\/03\/17-6.jpg 750w, https:\/\/cuttale.com\/wp-content\/uploads\/2026\/03\/17-6-300x300.jpg 300w, https:\/\/cuttale.com\/wp-content\/uploads\/2026\/03\/17-6-150x150.jpg 150w, https:\/\/cuttale.com\/wp-content\/uploads\/2026\/03\/17-6-12x12.jpg 12w, https:\/\/cuttale.com\/wp-content\/uploads\/2026\/03\/17-6-430x430.jpg 430w, https:\/\/cuttale.com\/wp-content\/uploads\/2026\/03\/17-6-700x700.jpg 700w, https:\/\/cuttale.com\/wp-content\/uploads\/2026\/03\/17-6-50x50.jpg 50w, https:\/\/cuttale.com\/wp-content\/uploads\/2026\/03\/17-6-100x100.jpg 100w\" sizes=\"auto, (max-width: 750px) 100vw, 750px\" \/> <img loading=\"lazy\" decoding=\"async\" class=\"alignnone size-full wp-image-30809\" src=\"http:\/\/cuttale.com\/wp-content\/uploads\/2026\/03\/18-5.jpg\" alt=\"\" width=\"750\" height=\"750\" srcset=\"https:\/\/cuttale.com\/wp-content\/uploads\/2026\/03\/18-5.jpg 750w, https:\/\/cuttale.com\/wp-content\/uploads\/2026\/03\/18-5-300x300.jpg 300w, https:\/\/cuttale.com\/wp-content\/uploads\/2026\/03\/18-5-150x150.jpg 150w, https:\/\/cuttale.com\/wp-content\/uploads\/2026\/03\/18-5-12x12.jpg 12w, https:\/\/cuttale.com\/wp-content\/uploads\/2026\/03\/18-5-430x430.jpg 430w, https:\/\/cuttale.com\/wp-content\/uploads\/2026\/03\/18-5-700x700.jpg 700w, https:\/\/cuttale.com\/wp-content\/uploads\/2026\/03\/18-5-50x50.jpg 50w, https:\/\/cuttale.com\/wp-content\/uploads\/2026\/03\/18-5-100x100.jpg 100w\" sizes=\"auto, (max-width: 750px) 100vw, 750px\" \/><\/p>","protected":false},"excerpt":{"rendered":"<ul>\n<li>Ankunftsdatum: Voraussichtliche Lieferung innerhalb von 30 Tagen.<\/li>\n<li>R\u00fcckgabefrist: Da es sich um eine Ma\u00dfanfertigung handelt, sind R\u00fcckgaben und R\u00fcckerstattungen nicht m\u00f6glich.<\/li>\n<li>Nur im Fall von besch\u00e4digten Waren wird der Verk\u00e4ufer eine R\u00fccksendung veranlassen.<\/li>\n<li>Versand: Dieses Produkt ist nicht in den Versandkosten enthalten.<\/li>\n<li>R\u00fcckporto: Der Kunde ist f\u00fcr das R\u00fcckporto verantwortlich.<\/li>\n<li>R\u00fcckgabe: Dieses Produkt kann nicht zur\u00fcckgegeben werden.<\/li>\n<\/ul>","protected":false},"featured_media":30800,"comment_status":"open","ping_status":"closed","template":"","meta":[],"product_brand":[],"product_cat":[95,105],"product_tag":[],"class_list":{"0":"post-30799","1":"product","2":"type-product","3":"status-publish","4":"has-post-thumbnail","6":"product_cat-95","7":"product_cat-105","9":"first","10":"instock","11":"sale","12":"shipping-taxable","13":"purchasable","14":"product-type-variable"},"_links":{"self":[{"href":"https:\/\/cuttale.com\/de\/wp-json\/wp\/v2\/product\/30799","targetHints":{"allow":["GET"]}}],"collection":[{"href":"https:\/\/cuttale.com\/de\/wp-json\/wp\/v2\/product"}],"about":[{"href":"https:\/\/cuttale.com\/de\/wp-json\/wp\/v2\/types\/product"}],"replies":[{"embeddable":true,"href":"https:\/\/cuttale.com\/de\/wp-json\/wp\/v2\/comments?post=30799"}],"version-history":[{"count":0,"href":"https:\/\/cuttale.com\/de\/wp-json\/wp\/v2\/product\/30799\/revisions"}],"wp:featuredmedia":[{"embeddable":true,"href":"https:\/\/cuttale.com\/de\/wp-json\/wp\/v2\/media\/30800"}],"wp:attachment":[{"href":"https:\/\/cuttale.com\/de\/wp-json\/wp\/v2\/media?parent=30799"}],"wp:term":[{"taxonomy":"product_brand","embeddable":true,"href":"https:\/\/cuttale.com\/de\/wp-json\/wp\/v2\/product_brand?post=30799"},{"taxonomy":"product_cat","embeddable":true,"href":"https:\/\/cuttale.com\/de\/wp-json\/wp\/v2\/product_cat?post=30799"},{"taxonomy":"product_tag","embeddable":true,"href":"https:\/\/cuttale.com\/de\/wp-json\/wp\/v2\/product_tag?post=30799"}],"curies":[{"name":"wp","href":"https:\/\/api.w.org\/{rel}","templated":true}]}}