{"id":29035,"date":"2026-03-16T23:00:25","date_gmt":"2026-03-16T15:00:25","guid":{"rendered":"https:\/\/cuttale.com\/?post_type=product&#038;p=29035"},"modified":"2026-03-20T14:41:10","modified_gmt":"2026-03-20T06:41:10","slug":"%e5%85%a8%e8%ba%ab%e5%83%8f%e4%ba%ba%e7%89%a93d%e3%83%a2%e3%83%87%e3%83%ab%e3%81%ae%e3%82%ab%e3%82%b9%e3%82%bf%e3%83%9e%e3%82%a4%e3%82%ba","status":"publish","type":"product","link":"https:\/\/cuttale.com\/es\/producto\/%e5%85%a8%e8%ba%ab%e5%83%8f%e4%ba%ba%e7%89%a93d%e3%83%a2%e3%83%87%e3%83%ab%e3%81%ae%e3%82%ab%e3%82%b9%e3%82%bf%e3%83%9e%e3%82%a4%e3%82%ba\/","title":{"rendered":"Personalizaci\u00f3n de modelos 3D humanos de cuerpo entero."},"content":{"rendered":"<div class=\"modelViewerBlock\" data-attributes='{&quot;align&quot;:&quot;center&quot;,&quot;uniqueId&quot;:&quot;model30251&quot;,&quot;currentViewer&quot;:&quot;modelViewer&quot;,&quot;multiple&quot;:false,&quot;O3DVSettings&quot;:{&quot;isFullscreen&quot;:true,&quot;isPagination&quot;:false,&quot;isNavigation&quot;:false,&quot;camera&quot;:null,&quot;mouseControl&quot;:true},&quot;environmentImage&quot;:null,&quot;lazyLoad&quot;:false,&quot;loading&quot;:&quot;auto&quot;,&quot;autoplay&quot;:false,&quot;shadow&quot;:&quot;1&quot;,&quot;autoRotate&quot;:false,&quot;zoomLevel&quot;:null,&quot;zoom&quot;:true,&quot;isPagination&quot;:false,&quot;isNavigation&quot;:false,&quot;hotspotStyle&quot;:&quot;style-1&quot;,&quot;preload&quot;:&quot;auto&quot;,&quot;rotationPerSecond&quot;:&quot;30&quot;,&quot;mouseControl&quot;:true,&quot;lockXAxisRotation&quot;:false,&quot;lockYAxisRotation&quot;:false,&quot;fullscreen&quot;:true,&quot;zoomInOutBtn&quot;:false,&quot;cameraBtn&quot;:false,&quot;variant&quot;:false,&quot;loadingPercentage&quot;:false,&quot;progressBar&quot;:true,&quot;rotate&quot;:false,&quot;rotateDelay&quot;:3000,&quot;rotateAlongX&quot;:&quot;0&quot;,&quot;rotateAlongY&quot;:&quot;75&quot;,&quot;exposure&quot;:&quot;1&quot;,&quot;stylesheet&quot;:null,&quot;additional&quot;:{&quot;ID&quot;:&quot;&quot;,&quot;Class&quot;:&quot;&quot;,&quot;CSS&quot;:&quot;&quot;},&quot;animation&quot;:false,&quot;woo&quot;:false,&quot;selectedAnimation&quot;:&quot;&quot;,&quot;placement&quot;:&quot;shortcode&quot;,&quot;styles&quot;:{&quot;width&quot;:&quot;100%&quot;,&quot;height&quot;:&quot;320px&quot;,&quot;bgColor&quot;:&quot;transparent&quot;,&quot;progressBarColor&quot;:&quot;rgba(0, 0, 0, 0.4)&quot;},&quot;model&quot;:{&quot;modelUrl&quot;:&quot;http:\\\/\\\/cuttale.com\\\/wp-content\\\/uploads\\\/2026\\\/03\\\/\\u65e0\\u6807\\u98981-1.glb&quot;,&quot;poster&quot;:&quot;&quot;},&quot;models&quot;:[]}'><\/div>\n\n\n<p><img loading=\"lazy\" decoding=\"async\" class=\"alignnone size-full wp-image-29124\" src=\"http:\/\/cuttale.com\/wp-content\/uploads\/2026\/02\/3.jpg\" alt=\"\" width=\"750\" height=\"750\" srcset=\"https:\/\/cuttale.com\/wp-content\/uploads\/2026\/02\/3.jpg 750w, https:\/\/cuttale.com\/wp-content\/uploads\/2026\/02\/3-430x430.jpg 430w, https:\/\/cuttale.com\/wp-content\/uploads\/2026\/02\/3-150x150.jpg 150w, https:\/\/cuttale.com\/wp-content\/uploads\/2026\/02\/3-700x700.jpg 700w, https:\/\/cuttale.com\/wp-content\/uploads\/2026\/02\/3-300x300.jpg 300w\" sizes=\"auto, (max-width: 750px) 100vw, 750px\" \/><\/p>\n<p><img loading=\"lazy\" decoding=\"async\" class=\"alignnone size-full wp-image-29125\" src=\"http:\/\/cuttale.com\/wp-content\/uploads\/2026\/02\/4.jpg\" alt=\"\" width=\"750\" height=\"750\" srcset=\"https:\/\/cuttale.com\/wp-content\/uploads\/2026\/02\/4.jpg 750w, https:\/\/cuttale.com\/wp-content\/uploads\/2026\/02\/4-430x430.jpg 430w, https:\/\/cuttale.com\/wp-content\/uploads\/2026\/02\/4-150x150.jpg 150w, https:\/\/cuttale.com\/wp-content\/uploads\/2026\/02\/4-700x700.jpg 700w, https:\/\/cuttale.com\/wp-content\/uploads\/2026\/02\/4-300x300.jpg 300w\" sizes=\"auto, (max-width: 750px) 100vw, 750px\" \/><\/p>\n<p><img loading=\"lazy\" decoding=\"async\" class=\"alignnone size-full wp-image-29127\" src=\"http:\/\/cuttale.com\/wp-content\/uploads\/2026\/02\/6.jpg\" alt=\"\" width=\"750\" height=\"750\" srcset=\"https:\/\/cuttale.com\/wp-content\/uploads\/2026\/02\/6.jpg 750w, https:\/\/cuttale.com\/wp-content\/uploads\/2026\/02\/6-430x430.jpg 430w, https:\/\/cuttale.com\/wp-content\/uploads\/2026\/02\/6-150x150.jpg 150w, https:\/\/cuttale.com\/wp-content\/uploads\/2026\/02\/6-700x700.jpg 700w, https:\/\/cuttale.com\/wp-content\/uploads\/2026\/02\/6-300x300.jpg 300w\" sizes=\"auto, (max-width: 750px) 100vw, 750px\" \/><\/p>\n<p><img loading=\"lazy\" decoding=\"async\" class=\"alignnone size-full wp-image-29128\" src=\"http:\/\/cuttale.com\/wp-content\/uploads\/2026\/02\/7.jpg\" alt=\"\" width=\"750\" height=\"750\" srcset=\"https:\/\/cuttale.com\/wp-content\/uploads\/2026\/02\/7.jpg 750w, https:\/\/cuttale.com\/wp-content\/uploads\/2026\/02\/7-430x430.jpg 430w, https:\/\/cuttale.com\/wp-content\/uploads\/2026\/02\/7-150x150.jpg 150w, https:\/\/cuttale.com\/wp-content\/uploads\/2026\/02\/7-700x700.jpg 700w, https:\/\/cuttale.com\/wp-content\/uploads\/2026\/02\/7-300x300.jpg 300w\" sizes=\"auto, (max-width: 750px) 100vw, 750px\" \/><\/p>\n<p><img loading=\"lazy\" decoding=\"async\" class=\"alignnone size-full wp-image-29129\" src=\"http:\/\/cuttale.com\/wp-content\/uploads\/2026\/02\/8.jpg\" alt=\"\" width=\"750\" height=\"750\" srcset=\"https:\/\/cuttale.com\/wp-content\/uploads\/2026\/02\/8.jpg 750w, https:\/\/cuttale.com\/wp-content\/uploads\/2026\/02\/8-430x430.jpg 430w, https:\/\/cuttale.com\/wp-content\/uploads\/2026\/02\/8-150x150.jpg 150w, https:\/\/cuttale.com\/wp-content\/uploads\/2026\/02\/8-700x700.jpg 700w, https:\/\/cuttale.com\/wp-content\/uploads\/2026\/02\/8-300x300.jpg 300w\" sizes=\"auto, (max-width: 750px) 100vw, 750px\" \/><\/p>\n<p><img loading=\"lazy\" decoding=\"async\" class=\"alignnone size-full wp-image-29130\" src=\"http:\/\/cuttale.com\/wp-content\/uploads\/2026\/02\/9.jpg\" alt=\"\" width=\"750\" height=\"750\" srcset=\"https:\/\/cuttale.com\/wp-content\/uploads\/2026\/02\/9.jpg 750w, https:\/\/cuttale.com\/wp-content\/uploads\/2026\/02\/9-430x430.jpg 430w, https:\/\/cuttale.com\/wp-content\/uploads\/2026\/02\/9-150x150.jpg 150w, https:\/\/cuttale.com\/wp-content\/uploads\/2026\/02\/9-700x700.jpg 700w, https:\/\/cuttale.com\/wp-content\/uploads\/2026\/02\/9-300x300.jpg 300w\" sizes=\"auto, (max-width: 750px) 100vw, 750px\" \/><\/p>\n<p><img loading=\"lazy\" decoding=\"async\" class=\"alignnone size-full wp-image-29111\" src=\"http:\/\/cuttale.com\/wp-content\/uploads\/2026\/02\/10.jpg\" alt=\"\" width=\"750\" height=\"750\" srcset=\"https:\/\/cuttale.com\/wp-content\/uploads\/2026\/02\/10.jpg 750w, https:\/\/cuttale.com\/wp-content\/uploads\/2026\/02\/10-430x430.jpg 430w, https:\/\/cuttale.com\/wp-content\/uploads\/2026\/02\/10-150x150.jpg 150w, https:\/\/cuttale.com\/wp-content\/uploads\/2026\/02\/10-700x700.jpg 700w, https:\/\/cuttale.com\/wp-content\/uploads\/2026\/02\/10-300x300.jpg 300w\" sizes=\"auto, (max-width: 750px) 100vw, 750px\" \/><\/p>\n<p><img loading=\"lazy\" decoding=\"async\" class=\"alignnone size-full wp-image-29112\" src=\"http:\/\/cuttale.com\/wp-content\/uploads\/2026\/02\/11.jpg\" alt=\"\" width=\"750\" height=\"750\" srcset=\"https:\/\/cuttale.com\/wp-content\/uploads\/2026\/02\/11.jpg 750w, https:\/\/cuttale.com\/wp-content\/uploads\/2026\/02\/11-430x430.jpg 430w, https:\/\/cuttale.com\/wp-content\/uploads\/2026\/02\/11-150x150.jpg 150w, https:\/\/cuttale.com\/wp-content\/uploads\/2026\/02\/11-700x700.jpg 700w, https:\/\/cuttale.com\/wp-content\/uploads\/2026\/02\/11-300x300.jpg 300w\" sizes=\"auto, (max-width: 750px) 100vw, 750px\" \/><\/p>\n<p><img loading=\"lazy\" decoding=\"async\" class=\"alignnone size-full wp-image-29113\" src=\"http:\/\/cuttale.com\/wp-content\/uploads\/2026\/02\/12.jpg\" alt=\"\" width=\"750\" height=\"750\" srcset=\"https:\/\/cuttale.com\/wp-content\/uploads\/2026\/02\/12.jpg 750w, https:\/\/cuttale.com\/wp-content\/uploads\/2026\/02\/12-430x430.jpg 430w, https:\/\/cuttale.com\/wp-content\/uploads\/2026\/02\/12-150x150.jpg 150w, https:\/\/cuttale.com\/wp-content\/uploads\/2026\/02\/12-700x700.jpg 700w, https:\/\/cuttale.com\/wp-content\/uploads\/2026\/02\/12-300x300.jpg 300w\" sizes=\"auto, (max-width: 750px) 100vw, 750px\" \/><\/p>\n<p><img loading=\"lazy\" decoding=\"async\" class=\"alignnone size-full wp-image-29114\" src=\"http:\/\/cuttale.com\/wp-content\/uploads\/2026\/02\/13.jpg\" alt=\"\" width=\"750\" height=\"750\" srcset=\"https:\/\/cuttale.com\/wp-content\/uploads\/2026\/02\/13.jpg 750w, https:\/\/cuttale.com\/wp-content\/uploads\/2026\/02\/13-430x430.jpg 430w, https:\/\/cuttale.com\/wp-content\/uploads\/2026\/02\/13-150x150.jpg 150w, https:\/\/cuttale.com\/wp-content\/uploads\/2026\/02\/13-700x700.jpg 700w, https:\/\/cuttale.com\/wp-content\/uploads\/2026\/02\/13-300x300.jpg 300w\" sizes=\"auto, (max-width: 750px) 100vw, 750px\" \/><\/p>\n<p><img loading=\"lazy\" decoding=\"async\" class=\"alignnone size-full wp-image-29115\" src=\"http:\/\/cuttale.com\/wp-content\/uploads\/2026\/02\/14.jpg\" alt=\"\" width=\"750\" height=\"750\" srcset=\"https:\/\/cuttale.com\/wp-content\/uploads\/2026\/02\/14.jpg 750w, https:\/\/cuttale.com\/wp-content\/uploads\/2026\/02\/14-430x430.jpg 430w, https:\/\/cuttale.com\/wp-content\/uploads\/2026\/02\/14-150x150.jpg 150w, https:\/\/cuttale.com\/wp-content\/uploads\/2026\/02\/14-700x700.jpg 700w, https:\/\/cuttale.com\/wp-content\/uploads\/2026\/02\/14-300x300.jpg 300w\" sizes=\"auto, (max-width: 750px) 100vw, 750px\" \/><\/p>\n<p><img loading=\"lazy\" decoding=\"async\" class=\"alignnone size-full wp-image-29116\" src=\"http:\/\/cuttale.com\/wp-content\/uploads\/2026\/02\/15.jpg\" alt=\"\" width=\"750\" height=\"750\" srcset=\"https:\/\/cuttale.com\/wp-content\/uploads\/2026\/02\/15.jpg 750w, https:\/\/cuttale.com\/wp-content\/uploads\/2026\/02\/15-430x430.jpg 430w, https:\/\/cuttale.com\/wp-content\/uploads\/2026\/02\/15-150x150.jpg 150w, https:\/\/cuttale.com\/wp-content\/uploads\/2026\/02\/15-700x700.jpg 700w, https:\/\/cuttale.com\/wp-content\/uploads\/2026\/02\/15-300x300.jpg 300w\" sizes=\"auto, (max-width: 750px) 100vw, 750px\" \/><\/p>\n<p><img loading=\"lazy\" decoding=\"async\" class=\"alignnone size-full wp-image-29117\" src=\"http:\/\/cuttale.com\/wp-content\/uploads\/2026\/02\/16.jpg\" alt=\"\" width=\"750\" height=\"750\" srcset=\"https:\/\/cuttale.com\/wp-content\/uploads\/2026\/02\/16.jpg 750w, https:\/\/cuttale.com\/wp-content\/uploads\/2026\/02\/16-430x430.jpg 430w, https:\/\/cuttale.com\/wp-content\/uploads\/2026\/02\/16-150x150.jpg 150w, https:\/\/cuttale.com\/wp-content\/uploads\/2026\/02\/16-700x700.jpg 700w, https:\/\/cuttale.com\/wp-content\/uploads\/2026\/02\/16-300x300.jpg 300w\" sizes=\"auto, (max-width: 750px) 100vw, 750px\" \/><\/p>\n<p><img loading=\"lazy\" decoding=\"async\" class=\"alignnone size-full wp-image-29118\" src=\"http:\/\/cuttale.com\/wp-content\/uploads\/2026\/02\/17.jpg\" alt=\"\" width=\"750\" height=\"750\" srcset=\"https:\/\/cuttale.com\/wp-content\/uploads\/2026\/02\/17.jpg 750w, https:\/\/cuttale.com\/wp-content\/uploads\/2026\/02\/17-430x430.jpg 430w, https:\/\/cuttale.com\/wp-content\/uploads\/2026\/02\/17-150x150.jpg 150w, https:\/\/cuttale.com\/wp-content\/uploads\/2026\/02\/17-700x700.jpg 700w, https:\/\/cuttale.com\/wp-content\/uploads\/2026\/02\/17-300x300.jpg 300w\" sizes=\"auto, (max-width: 750px) 100vw, 750px\" \/><\/p>\n<p><img loading=\"lazy\" decoding=\"async\" class=\"alignnone size-full wp-image-29119\" src=\"http:\/\/cuttale.com\/wp-content\/uploads\/2026\/02\/18.jpg\" alt=\"\" width=\"750\" height=\"750\" srcset=\"https:\/\/cuttale.com\/wp-content\/uploads\/2026\/02\/18.jpg 750w, https:\/\/cuttale.com\/wp-content\/uploads\/2026\/02\/18-430x430.jpg 430w, https:\/\/cuttale.com\/wp-content\/uploads\/2026\/02\/18-150x150.jpg 150w, https:\/\/cuttale.com\/wp-content\/uploads\/2026\/02\/18-700x700.jpg 700w, https:\/\/cuttale.com\/wp-content\/uploads\/2026\/02\/18-300x300.jpg 300w\" sizes=\"auto, (max-width: 750px) 100vw, 750px\" \/><\/p>\n<p><img loading=\"lazy\" decoding=\"async\" class=\"alignnone size-full wp-image-29120\" src=\"http:\/\/cuttale.com\/wp-content\/uploads\/2026\/02\/19.jpg\" alt=\"\" width=\"750\" height=\"750\" srcset=\"https:\/\/cuttale.com\/wp-content\/uploads\/2026\/02\/19.jpg 750w, https:\/\/cuttale.com\/wp-content\/uploads\/2026\/02\/19-430x430.jpg 430w, https:\/\/cuttale.com\/wp-content\/uploads\/2026\/02\/19-150x150.jpg 150w, https:\/\/cuttale.com\/wp-content\/uploads\/2026\/02\/19-700x700.jpg 700w, https:\/\/cuttale.com\/wp-content\/uploads\/2026\/02\/19-300x300.jpg 300w\" sizes=\"auto, (max-width: 750px) 100vw, 750px\" \/><\/p>\n<p><img loading=\"lazy\" decoding=\"async\" class=\"alignnone size-full wp-image-29121\" src=\"http:\/\/cuttale.com\/wp-content\/uploads\/2026\/02\/20.jpg\" alt=\"\" width=\"750\" height=\"750\" srcset=\"https:\/\/cuttale.com\/wp-content\/uploads\/2026\/02\/20.jpg 750w, https:\/\/cuttale.com\/wp-content\/uploads\/2026\/02\/20-430x430.jpg 430w, https:\/\/cuttale.com\/wp-content\/uploads\/2026\/02\/20-150x150.jpg 150w, https:\/\/cuttale.com\/wp-content\/uploads\/2026\/02\/20-700x700.jpg 700w, https:\/\/cuttale.com\/wp-content\/uploads\/2026\/02\/20-300x300.jpg 300w\" sizes=\"auto, (max-width: 750px) 100vw, 750px\" \/><\/p>\n<p><img loading=\"lazy\" decoding=\"async\" class=\"alignnone size-full wp-image-29122\" src=\"http:\/\/cuttale.com\/wp-content\/uploads\/2026\/02\/21.jpg\" alt=\"\" width=\"750\" height=\"750\" srcset=\"https:\/\/cuttale.com\/wp-content\/uploads\/2026\/02\/21.jpg 750w, https:\/\/cuttale.com\/wp-content\/uploads\/2026\/02\/21-430x430.jpg 430w, https:\/\/cuttale.com\/wp-content\/uploads\/2026\/02\/21-150x150.jpg 150w, https:\/\/cuttale.com\/wp-content\/uploads\/2026\/02\/21-700x700.jpg 700w, https:\/\/cuttale.com\/wp-content\/uploads\/2026\/02\/21-300x300.jpg 300w\" sizes=\"auto, (max-width: 750px) 100vw, 750px\" \/><\/p>\n<p><img loading=\"lazy\" decoding=\"async\" class=\"alignnone size-full wp-image-29123\" src=\"http:\/\/cuttale.com\/wp-content\/uploads\/2026\/02\/22.jpg\" alt=\"\" width=\"750\" height=\"750\" srcset=\"https:\/\/cuttale.com\/wp-content\/uploads\/2026\/02\/22.jpg 750w, https:\/\/cuttale.com\/wp-content\/uploads\/2026\/02\/22-430x430.jpg 430w, https:\/\/cuttale.com\/wp-content\/uploads\/2026\/02\/22-150x150.jpg 150w, https:\/\/cuttale.com\/wp-content\/uploads\/2026\/02\/22-700x700.jpg 700w, https:\/\/cuttale.com\/wp-content\/uploads\/2026\/02\/22-300x300.jpg 300w\" sizes=\"auto, (max-width: 750px) 100vw, 750px\" \/><\/p>","protected":false},"excerpt":{"rendered":"<ul>\n<li><strong>Fecha de llegada: Entrega prevista en 30 d\u00edas.<\/strong><\/li>\n<li><strong>Plazo de devoluci\u00f3n: al tratarse de un producto a medida, no se aceptan devoluciones ni reembolsos.<\/strong><strong>S\u00f3lo en el caso de mercanc\u00edas da\u00f1adas, el vendedor organizar\u00e1 el reenv\u00edo.<\/strong><\/li>\n<li><strong>Env\u00edo: Este producto no est\u00e1 incluido en los gastos de env\u00edo.<\/strong><\/li>\n<li><strong>Gastos de devoluci\u00f3n: Los gastos de devoluci\u00f3n corren a cargo del cliente.<\/strong><\/li>\n<li><strong>Devoluciones: este producto no se puede devolver.<\/strong><\/li>\n<\/ul>","protected":false},"featured_media":29082,"comment_status":"open","ping_status":"closed","template":"","meta":[],"product_brand":[],"product_cat":[75,98],"product_tag":[],"class_list":{"0":"post-29035","1":"product","2":"type-product","3":"status-publish","4":"has-post-thumbnail","6":"product_cat-3d-","7":"product_cat-98","9":"first","10":"instock","11":"sale","12":"shipping-taxable","13":"purchasable","14":"product-type-variable"},"_links":{"self":[{"href":"https:\/\/cuttale.com\/es\/wp-json\/wp\/v2\/product\/29035","targetHints":{"allow":["GET"]}}],"collection":[{"href":"https:\/\/cuttale.com\/es\/wp-json\/wp\/v2\/product"}],"about":[{"href":"https:\/\/cuttale.com\/es\/wp-json\/wp\/v2\/types\/product"}],"replies":[{"embeddable":true,"href":"https:\/\/cuttale.com\/es\/wp-json\/wp\/v2\/comments?post=29035"}],"version-history":[{"count":0,"href":"https:\/\/cuttale.com\/es\/wp-json\/wp\/v2\/product\/29035\/revisions"}],"wp:featuredmedia":[{"embeddable":true,"href":"https:\/\/cuttale.com\/es\/wp-json\/wp\/v2\/media\/29082"}],"wp:attachment":[{"href":"https:\/\/cuttale.com\/es\/wp-json\/wp\/v2\/media?parent=29035"}],"wp:term":[{"taxonomy":"product_brand","embeddable":true,"href":"https:\/\/cuttale.com\/es\/wp-json\/wp\/v2\/product_brand?post=29035"},{"taxonomy":"product_cat","embeddable":true,"href":"https:\/\/cuttale.com\/es\/wp-json\/wp\/v2\/product_cat?post=29035"},{"taxonomy":"product_tag","embeddable":true,"href":"https:\/\/cuttale.com\/es\/wp-json\/wp\/v2\/product_tag?post=29035"}],"curies":[{"name":"wp","href":"https:\/\/api.w.org\/{rel}","templated":true}]}}