{"id":29526,"date":"2026-03-14T01:50:19","date_gmt":"2026-03-13T17:50:19","guid":{"rendered":"https:\/\/cuttale.com\/?post_type=product&#038;p=29526"},"modified":"2026-03-20T14:10:47","modified_gmt":"2026-03-20T06:10:47","slug":"%e6%af%8d%e6%80%a7%e6%84%9b-%e3%82%ab%e3%82%b9%e3%82%bf%e3%83%9e%e3%82%a4%e3%82%ba","status":"publish","type":"product","link":"https:\/\/cuttale.com\/es\/producto\/%e6%af%8d%e6%80%a7%e6%84%9b-%e3%82%ab%e3%82%b9%e3%82%bf%e3%83%9e%e3%82%a4%e3%82%ba\/","title":{"rendered":"Amor maternal Personalizado"},"content":{"rendered":"<p><img loading=\"lazy\" decoding=\"async\" class=\"alignnone size-full wp-image-29532\" src=\"http:\/\/cuttale.com\/wp-content\/uploads\/2026\/02\/2-2.jpg\" alt=\"\" width=\"750\" height=\"750\" srcset=\"https:\/\/cuttale.com\/wp-content\/uploads\/2026\/02\/2-2.jpg 750w, https:\/\/cuttale.com\/wp-content\/uploads\/2026\/02\/2-2-300x300.jpg 300w, https:\/\/cuttale.com\/wp-content\/uploads\/2026\/02\/2-2-150x150.jpg 150w, https:\/\/cuttale.com\/wp-content\/uploads\/2026\/02\/2-2-430x430.jpg 430w, https:\/\/cuttale.com\/wp-content\/uploads\/2026\/02\/2-2-700x700.jpg 700w\" sizes=\"auto, (max-width: 750px) 100vw, 750px\" \/> <img loading=\"lazy\" decoding=\"async\" class=\"alignnone size-full wp-image-29533\" src=\"http:\/\/cuttale.com\/wp-content\/uploads\/2026\/02\/3-5.jpg\" alt=\"\" width=\"750\" height=\"750\" srcset=\"https:\/\/cuttale.com\/wp-content\/uploads\/2026\/02\/3-5.jpg 750w, https:\/\/cuttale.com\/wp-content\/uploads\/2026\/02\/3-5-300x300.jpg 300w, https:\/\/cuttale.com\/wp-content\/uploads\/2026\/02\/3-5-150x150.jpg 150w, https:\/\/cuttale.com\/wp-content\/uploads\/2026\/02\/3-5-430x430.jpg 430w, https:\/\/cuttale.com\/wp-content\/uploads\/2026\/02\/3-5-700x700.jpg 700w\" sizes=\"auto, (max-width: 750px) 100vw, 750px\" \/> <img loading=\"lazy\" decoding=\"async\" class=\"alignnone size-full wp-image-29534\" src=\"http:\/\/cuttale.com\/wp-content\/uploads\/2026\/02\/4-5.jpg\" alt=\"\" width=\"750\" height=\"750\" srcset=\"https:\/\/cuttale.com\/wp-content\/uploads\/2026\/02\/4-5.jpg 750w, https:\/\/cuttale.com\/wp-content\/uploads\/2026\/02\/4-5-300x300.jpg 300w, https:\/\/cuttale.com\/wp-content\/uploads\/2026\/02\/4-5-150x150.jpg 150w, https:\/\/cuttale.com\/wp-content\/uploads\/2026\/02\/4-5-430x430.jpg 430w, https:\/\/cuttale.com\/wp-content\/uploads\/2026\/02\/4-5-700x700.jpg 700w\" sizes=\"auto, (max-width: 750px) 100vw, 750px\" \/> <img loading=\"lazy\" decoding=\"async\" class=\"alignnone size-full wp-image-29535\" src=\"http:\/\/cuttale.com\/wp-content\/uploads\/2026\/02\/5-5.jpg\" alt=\"\" width=\"750\" height=\"750\" srcset=\"https:\/\/cuttale.com\/wp-content\/uploads\/2026\/02\/5-5.jpg 750w, https:\/\/cuttale.com\/wp-content\/uploads\/2026\/02\/5-5-300x300.jpg 300w, https:\/\/cuttale.com\/wp-content\/uploads\/2026\/02\/5-5-150x150.jpg 150w, https:\/\/cuttale.com\/wp-content\/uploads\/2026\/02\/5-5-430x430.jpg 430w, https:\/\/cuttale.com\/wp-content\/uploads\/2026\/02\/5-5-700x700.jpg 700w\" sizes=\"auto, (max-width: 750px) 100vw, 750px\" \/> <img loading=\"lazy\" decoding=\"async\" class=\"alignnone size-full wp-image-29536\" src=\"http:\/\/cuttale.com\/wp-content\/uploads\/2026\/02\/6-5.jpg\" alt=\"\" width=\"750\" height=\"750\" srcset=\"https:\/\/cuttale.com\/wp-content\/uploads\/2026\/02\/6-5.jpg 750w, https:\/\/cuttale.com\/wp-content\/uploads\/2026\/02\/6-5-300x300.jpg 300w, https:\/\/cuttale.com\/wp-content\/uploads\/2026\/02\/6-5-150x150.jpg 150w, https:\/\/cuttale.com\/wp-content\/uploads\/2026\/02\/6-5-430x430.jpg 430w, https:\/\/cuttale.com\/wp-content\/uploads\/2026\/02\/6-5-700x700.jpg 700w\" sizes=\"auto, (max-width: 750px) 100vw, 750px\" \/> <img loading=\"lazy\" decoding=\"async\" class=\"alignnone size-full wp-image-29537\" src=\"http:\/\/cuttale.com\/wp-content\/uploads\/2026\/02\/7-6.jpg\" alt=\"\" width=\"750\" height=\"750\" srcset=\"https:\/\/cuttale.com\/wp-content\/uploads\/2026\/02\/7-6.jpg 750w, https:\/\/cuttale.com\/wp-content\/uploads\/2026\/02\/7-6-300x300.jpg 300w, https:\/\/cuttale.com\/wp-content\/uploads\/2026\/02\/7-6-150x150.jpg 150w, https:\/\/cuttale.com\/wp-content\/uploads\/2026\/02\/7-6-430x430.jpg 430w, https:\/\/cuttale.com\/wp-content\/uploads\/2026\/02\/7-6-700x700.jpg 700w\" sizes=\"auto, (max-width: 750px) 100vw, 750px\" \/> <img loading=\"lazy\" decoding=\"async\" class=\"alignnone size-full wp-image-29538\" src=\"http:\/\/cuttale.com\/wp-content\/uploads\/2026\/02\/8-6.jpg\" alt=\"\" width=\"750\" height=\"750\" srcset=\"https:\/\/cuttale.com\/wp-content\/uploads\/2026\/02\/8-6.jpg 750w, https:\/\/cuttale.com\/wp-content\/uploads\/2026\/02\/8-6-300x300.jpg 300w, https:\/\/cuttale.com\/wp-content\/uploads\/2026\/02\/8-6-150x150.jpg 150w, https:\/\/cuttale.com\/wp-content\/uploads\/2026\/02\/8-6-430x430.jpg 430w, https:\/\/cuttale.com\/wp-content\/uploads\/2026\/02\/8-6-700x700.jpg 700w\" sizes=\"auto, (max-width: 750px) 100vw, 750px\" \/> <img loading=\"lazy\" decoding=\"async\" class=\"alignnone size-full wp-image-29539\" src=\"http:\/\/cuttale.com\/wp-content\/uploads\/2026\/02\/9-6.jpg\" alt=\"\" width=\"750\" height=\"750\" srcset=\"https:\/\/cuttale.com\/wp-content\/uploads\/2026\/02\/9-6.jpg 750w, https:\/\/cuttale.com\/wp-content\/uploads\/2026\/02\/9-6-300x300.jpg 300w, https:\/\/cuttale.com\/wp-content\/uploads\/2026\/02\/9-6-150x150.jpg 150w, https:\/\/cuttale.com\/wp-content\/uploads\/2026\/02\/9-6-430x430.jpg 430w, https:\/\/cuttale.com\/wp-content\/uploads\/2026\/02\/9-6-700x700.jpg 700w\" sizes=\"auto, (max-width: 750px) 100vw, 750px\" \/> <img loading=\"lazy\" decoding=\"async\" class=\"alignnone size-full wp-image-29540\" src=\"http:\/\/cuttale.com\/wp-content\/uploads\/2026\/02\/10-5.jpg\" alt=\"\" width=\"750\" height=\"750\" srcset=\"https:\/\/cuttale.com\/wp-content\/uploads\/2026\/02\/10-5.jpg 750w, https:\/\/cuttale.com\/wp-content\/uploads\/2026\/02\/10-5-300x300.jpg 300w, https:\/\/cuttale.com\/wp-content\/uploads\/2026\/02\/10-5-150x150.jpg 150w, https:\/\/cuttale.com\/wp-content\/uploads\/2026\/02\/10-5-430x430.jpg 430w, https:\/\/cuttale.com\/wp-content\/uploads\/2026\/02\/10-5-700x700.jpg 700w\" sizes=\"auto, (max-width: 750px) 100vw, 750px\" \/> <img loading=\"lazy\" decoding=\"async\" class=\"alignnone size-full wp-image-29541\" src=\"http:\/\/cuttale.com\/wp-content\/uploads\/2026\/02\/11-5.jpg\" alt=\"\" width=\"750\" height=\"750\" srcset=\"https:\/\/cuttale.com\/wp-content\/uploads\/2026\/02\/11-5.jpg 750w, https:\/\/cuttale.com\/wp-content\/uploads\/2026\/02\/11-5-300x300.jpg 300w, https:\/\/cuttale.com\/wp-content\/uploads\/2026\/02\/11-5-150x150.jpg 150w, https:\/\/cuttale.com\/wp-content\/uploads\/2026\/02\/11-5-430x430.jpg 430w, https:\/\/cuttale.com\/wp-content\/uploads\/2026\/02\/11-5-700x700.jpg 700w\" sizes=\"auto, (max-width: 750px) 100vw, 750px\" \/> <img loading=\"lazy\" decoding=\"async\" class=\"alignnone size-full wp-image-29542\" src=\"http:\/\/cuttale.com\/wp-content\/uploads\/2026\/02\/12-5.jpg\" alt=\"\" width=\"750\" height=\"750\" srcset=\"https:\/\/cuttale.com\/wp-content\/uploads\/2026\/02\/12-5.jpg 750w, https:\/\/cuttale.com\/wp-content\/uploads\/2026\/02\/12-5-300x300.jpg 300w, https:\/\/cuttale.com\/wp-content\/uploads\/2026\/02\/12-5-150x150.jpg 150w, https:\/\/cuttale.com\/wp-content\/uploads\/2026\/02\/12-5-430x430.jpg 430w, https:\/\/cuttale.com\/wp-content\/uploads\/2026\/02\/12-5-700x700.jpg 700w\" sizes=\"auto, (max-width: 750px) 100vw, 750px\" \/> <img loading=\"lazy\" decoding=\"async\" class=\"alignnone size-full wp-image-29543\" src=\"http:\/\/cuttale.com\/wp-content\/uploads\/2026\/02\/13-5.jpg\" alt=\"\" width=\"750\" height=\"750\" srcset=\"https:\/\/cuttale.com\/wp-content\/uploads\/2026\/02\/13-5.jpg 750w, https:\/\/cuttale.com\/wp-content\/uploads\/2026\/02\/13-5-300x300.jpg 300w, https:\/\/cuttale.com\/wp-content\/uploads\/2026\/02\/13-5-150x150.jpg 150w, https:\/\/cuttale.com\/wp-content\/uploads\/2026\/02\/13-5-430x430.jpg 430w, https:\/\/cuttale.com\/wp-content\/uploads\/2026\/02\/13-5-700x700.jpg 700w\" sizes=\"auto, (max-width: 750px) 100vw, 750px\" \/> <img loading=\"lazy\" decoding=\"async\" class=\"alignnone size-full wp-image-29544\" src=\"http:\/\/cuttale.com\/wp-content\/uploads\/2026\/02\/14-5.jpg\" alt=\"\" width=\"750\" height=\"750\" srcset=\"https:\/\/cuttale.com\/wp-content\/uploads\/2026\/02\/14-5.jpg 750w, https:\/\/cuttale.com\/wp-content\/uploads\/2026\/02\/14-5-300x300.jpg 300w, https:\/\/cuttale.com\/wp-content\/uploads\/2026\/02\/14-5-150x150.jpg 150w, https:\/\/cuttale.com\/wp-content\/uploads\/2026\/02\/14-5-430x430.jpg 430w, https:\/\/cuttale.com\/wp-content\/uploads\/2026\/02\/14-5-700x700.jpg 700w\" sizes=\"auto, (max-width: 750px) 100vw, 750px\" \/> <img loading=\"lazy\" decoding=\"async\" class=\"alignnone size-full wp-image-29545\" src=\"http:\/\/cuttale.com\/wp-content\/uploads\/2026\/02\/15-5.jpg\" alt=\"\" width=\"750\" height=\"750\" srcset=\"https:\/\/cuttale.com\/wp-content\/uploads\/2026\/02\/15-5.jpg 750w, https:\/\/cuttale.com\/wp-content\/uploads\/2026\/02\/15-5-300x300.jpg 300w, https:\/\/cuttale.com\/wp-content\/uploads\/2026\/02\/15-5-150x150.jpg 150w, https:\/\/cuttale.com\/wp-content\/uploads\/2026\/02\/15-5-430x430.jpg 430w, https:\/\/cuttale.com\/wp-content\/uploads\/2026\/02\/15-5-700x700.jpg 700w\" sizes=\"auto, (max-width: 750px) 100vw, 750px\" \/> <img loading=\"lazy\" decoding=\"async\" class=\"alignnone size-full wp-image-29546\" src=\"http:\/\/cuttale.com\/wp-content\/uploads\/2026\/02\/16-4.jpg\" alt=\"\" width=\"750\" height=\"750\" srcset=\"https:\/\/cuttale.com\/wp-content\/uploads\/2026\/02\/16-4.jpg 750w, https:\/\/cuttale.com\/wp-content\/uploads\/2026\/02\/16-4-300x300.jpg 300w, https:\/\/cuttale.com\/wp-content\/uploads\/2026\/02\/16-4-150x150.jpg 150w, https:\/\/cuttale.com\/wp-content\/uploads\/2026\/02\/16-4-430x430.jpg 430w, https:\/\/cuttale.com\/wp-content\/uploads\/2026\/02\/16-4-700x700.jpg 700w\" sizes=\"auto, (max-width: 750px) 100vw, 750px\" \/> <img loading=\"lazy\" decoding=\"async\" class=\"alignnone size-full wp-image-29547\" src=\"http:\/\/cuttale.com\/wp-content\/uploads\/2026\/02\/17-4.jpg\" alt=\"\" width=\"750\" height=\"750\" srcset=\"https:\/\/cuttale.com\/wp-content\/uploads\/2026\/02\/17-4.jpg 750w, https:\/\/cuttale.com\/wp-content\/uploads\/2026\/02\/17-4-300x300.jpg 300w, https:\/\/cuttale.com\/wp-content\/uploads\/2026\/02\/17-4-150x150.jpg 150w, https:\/\/cuttale.com\/wp-content\/uploads\/2026\/02\/17-4-430x430.jpg 430w, https:\/\/cuttale.com\/wp-content\/uploads\/2026\/02\/17-4-700x700.jpg 700w\" sizes=\"auto, (max-width: 750px) 100vw, 750px\" \/> <img loading=\"lazy\" decoding=\"async\" class=\"alignnone size-full wp-image-29548\" src=\"http:\/\/cuttale.com\/wp-content\/uploads\/2026\/02\/18-3.jpg\" alt=\"\" width=\"750\" height=\"750\" srcset=\"https:\/\/cuttale.com\/wp-content\/uploads\/2026\/02\/18-3.jpg 750w, https:\/\/cuttale.com\/wp-content\/uploads\/2026\/02\/18-3-300x300.jpg 300w, https:\/\/cuttale.com\/wp-content\/uploads\/2026\/02\/18-3-150x150.jpg 150w, https:\/\/cuttale.com\/wp-content\/uploads\/2026\/02\/18-3-430x430.jpg 430w, https:\/\/cuttale.com\/wp-content\/uploads\/2026\/02\/18-3-700x700.jpg 700w\" sizes=\"auto, (max-width: 750px) 100vw, 750px\" \/> <img loading=\"lazy\" decoding=\"async\" class=\"alignnone size-full wp-image-29531\" src=\"http:\/\/cuttale.com\/wp-content\/uploads\/2026\/02\/\uff08English\uff09-9.jpg\" alt=\"\" width=\"750\" height=\"750\" srcset=\"https:\/\/cuttale.com\/wp-content\/uploads\/2026\/02\/\uff08English\uff09-9.jpg 750w, https:\/\/cuttale.com\/wp-content\/uploads\/2026\/02\/\uff08English\uff09-9-300x300.jpg 300w, https:\/\/cuttale.com\/wp-content\/uploads\/2026\/02\/\uff08English\uff09-9-150x150.jpg 150w, https:\/\/cuttale.com\/wp-content\/uploads\/2026\/02\/\uff08English\uff09-9-430x430.jpg 430w, https:\/\/cuttale.com\/wp-content\/uploads\/2026\/02\/\uff08English\uff09-9-700x700.jpg 700w\" sizes=\"auto, (max-width: 750px) 100vw, 750px\" \/> <img loading=\"lazy\" decoding=\"async\" class=\"alignnone size-full wp-image-29528\" src=\"http:\/\/cuttale.com\/wp-content\/uploads\/2026\/02\/\uff08English\uff09-2-1.jpg\" alt=\"\" width=\"750\" height=\"750\" srcset=\"https:\/\/cuttale.com\/wp-content\/uploads\/2026\/02\/\uff08English\uff09-2-1.jpg 750w, https:\/\/cuttale.com\/wp-content\/uploads\/2026\/02\/\uff08English\uff09-2-1-300x300.jpg 300w, https:\/\/cuttale.com\/wp-content\/uploads\/2026\/02\/\uff08English\uff09-2-1-150x150.jpg 150w, https:\/\/cuttale.com\/wp-content\/uploads\/2026\/02\/\uff08English\uff09-2-1-430x430.jpg 430w, https:\/\/cuttale.com\/wp-content\/uploads\/2026\/02\/\uff08English\uff09-2-1-700x700.jpg 700w\" sizes=\"auto, (max-width: 750px) 100vw, 750px\" \/> <img loading=\"lazy\" decoding=\"async\" class=\"alignnone size-full wp-image-29549\" src=\"http:\/\/cuttale.com\/wp-content\/uploads\/2026\/02\/21-4.jpg\" alt=\"\" width=\"750\" height=\"750\" srcset=\"https:\/\/cuttale.com\/wp-content\/uploads\/2026\/02\/21-4.jpg 750w, https:\/\/cuttale.com\/wp-content\/uploads\/2026\/02\/21-4-300x300.jpg 300w, https:\/\/cuttale.com\/wp-content\/uploads\/2026\/02\/21-4-150x150.jpg 150w, https:\/\/cuttale.com\/wp-content\/uploads\/2026\/02\/21-4-430x430.jpg 430w, https:\/\/cuttale.com\/wp-content\/uploads\/2026\/02\/21-4-700x700.jpg 700w\" sizes=\"auto, (max-width: 750px) 100vw, 750px\" \/> <img loading=\"lazy\" decoding=\"async\" class=\"alignnone size-full wp-image-29550\" src=\"http:\/\/cuttale.com\/wp-content\/uploads\/2026\/02\/22-4.jpg\" alt=\"\" width=\"750\" height=\"750\" srcset=\"https:\/\/cuttale.com\/wp-content\/uploads\/2026\/02\/22-4.jpg 750w, https:\/\/cuttale.com\/wp-content\/uploads\/2026\/02\/22-4-300x300.jpg 300w, https:\/\/cuttale.com\/wp-content\/uploads\/2026\/02\/22-4-150x150.jpg 150w, https:\/\/cuttale.com\/wp-content\/uploads\/2026\/02\/22-4-430x430.jpg 430w, https:\/\/cuttale.com\/wp-content\/uploads\/2026\/02\/22-4-700x700.jpg 700w\" sizes=\"auto, (max-width: 750px) 100vw, 750px\" \/> <img loading=\"lazy\" decoding=\"async\" class=\"alignnone size-full wp-image-29529\" src=\"http:\/\/cuttale.com\/wp-content\/uploads\/2026\/02\/\uff08English\uff09-3-1.jpg\" alt=\"\" width=\"750\" height=\"750\" srcset=\"https:\/\/cuttale.com\/wp-content\/uploads\/2026\/02\/\uff08English\uff09-3-1.jpg 750w, https:\/\/cuttale.com\/wp-content\/uploads\/2026\/02\/\uff08English\uff09-3-1-300x300.jpg 300w, https:\/\/cuttale.com\/wp-content\/uploads\/2026\/02\/\uff08English\uff09-3-1-150x150.jpg 150w, https:\/\/cuttale.com\/wp-content\/uploads\/2026\/02\/\uff08English\uff09-3-1-430x430.jpg 430w, https:\/\/cuttale.com\/wp-content\/uploads\/2026\/02\/\uff08English\uff09-3-1-700x700.jpg 700w\" sizes=\"auto, (max-width: 750px) 100vw, 750px\" \/> <img loading=\"lazy\" decoding=\"async\" class=\"alignnone size-full wp-image-29551\" src=\"http:\/\/cuttale.com\/wp-content\/uploads\/2026\/02\/24-2.jpg\" alt=\"\" width=\"750\" height=\"750\" srcset=\"https:\/\/cuttale.com\/wp-content\/uploads\/2026\/02\/24-2.jpg 750w, https:\/\/cuttale.com\/wp-content\/uploads\/2026\/02\/24-2-300x300.jpg 300w, https:\/\/cuttale.com\/wp-content\/uploads\/2026\/02\/24-2-150x150.jpg 150w, https:\/\/cuttale.com\/wp-content\/uploads\/2026\/02\/24-2-430x430.jpg 430w, https:\/\/cuttale.com\/wp-content\/uploads\/2026\/02\/24-2-700x700.jpg 700w\" sizes=\"auto, (max-width: 750px) 100vw, 750px\" \/> <img loading=\"lazy\" decoding=\"async\" class=\"alignnone size-full wp-image-29552\" src=\"http:\/\/cuttale.com\/wp-content\/uploads\/2026\/02\/25-2.jpg\" alt=\"\" width=\"750\" height=\"750\" srcset=\"https:\/\/cuttale.com\/wp-content\/uploads\/2026\/02\/25-2.jpg 750w, https:\/\/cuttale.com\/wp-content\/uploads\/2026\/02\/25-2-300x300.jpg 300w, https:\/\/cuttale.com\/wp-content\/uploads\/2026\/02\/25-2-150x150.jpg 150w, https:\/\/cuttale.com\/wp-content\/uploads\/2026\/02\/25-2-430x430.jpg 430w, https:\/\/cuttale.com\/wp-content\/uploads\/2026\/02\/25-2-700x700.jpg 700w\" sizes=\"auto, (max-width: 750px) 100vw, 750px\" \/> <img loading=\"lazy\" decoding=\"async\" class=\"alignnone size-full wp-image-29479\" src=\"http:\/\/cuttale.com\/wp-content\/uploads\/2026\/02\/15-3.jpg\" alt=\"\" width=\"750\" height=\"750\" srcset=\"https:\/\/cuttale.com\/wp-content\/uploads\/2026\/02\/15-3.jpg 750w, https:\/\/cuttale.com\/wp-content\/uploads\/2026\/02\/15-3-300x300.jpg 300w, https:\/\/cuttale.com\/wp-content\/uploads\/2026\/02\/15-3-150x150.jpg 150w, https:\/\/cuttale.com\/wp-content\/uploads\/2026\/02\/15-3-430x430.jpg 430w, https:\/\/cuttale.com\/wp-content\/uploads\/2026\/02\/15-3-700x700.jpg 700w\" sizes=\"auto, (max-width: 750px) 100vw, 750px\" \/> <img loading=\"lazy\" decoding=\"async\" class=\"alignnone size-full wp-image-29553\" src=\"http:\/\/cuttale.com\/wp-content\/uploads\/2026\/02\/26-2.jpg\" alt=\"\" width=\"750\" height=\"750\" srcset=\"https:\/\/cuttale.com\/wp-content\/uploads\/2026\/02\/26-2.jpg 750w, https:\/\/cuttale.com\/wp-content\/uploads\/2026\/02\/26-2-300x300.jpg 300w, https:\/\/cuttale.com\/wp-content\/uploads\/2026\/02\/26-2-150x150.jpg 150w, https:\/\/cuttale.com\/wp-content\/uploads\/2026\/02\/26-2-430x430.jpg 430w, https:\/\/cuttale.com\/wp-content\/uploads\/2026\/02\/26-2-700x700.jpg 700w\" sizes=\"auto, (max-width: 750px) 100vw, 750px\" \/> <img loading=\"lazy\" decoding=\"async\" class=\"alignnone size-full wp-image-29554\" src=\"http:\/\/cuttale.com\/wp-content\/uploads\/2026\/02\/27-2.jpg\" alt=\"\" width=\"750\" height=\"750\" srcset=\"https:\/\/cuttale.com\/wp-content\/uploads\/2026\/02\/27-2.jpg 750w, https:\/\/cuttale.com\/wp-content\/uploads\/2026\/02\/27-2-300x300.jpg 300w, https:\/\/cuttale.com\/wp-content\/uploads\/2026\/02\/27-2-150x150.jpg 150w, https:\/\/cuttale.com\/wp-content\/uploads\/2026\/02\/27-2-430x430.jpg 430w, https:\/\/cuttale.com\/wp-content\/uploads\/2026\/02\/27-2-700x700.jpg 700w\" sizes=\"auto, (max-width: 750px) 100vw, 750px\" \/> <img loading=\"lazy\" decoding=\"async\" class=\"alignnone size-full wp-image-29555\" src=\"http:\/\/cuttale.com\/wp-content\/uploads\/2026\/02\/28-2.jpg\" alt=\"\" width=\"750\" height=\"750\" srcset=\"https:\/\/cuttale.com\/wp-content\/uploads\/2026\/02\/28-2.jpg 750w, https:\/\/cuttale.com\/wp-content\/uploads\/2026\/02\/28-2-300x300.jpg 300w, https:\/\/cuttale.com\/wp-content\/uploads\/2026\/02\/28-2-150x150.jpg 150w, https:\/\/cuttale.com\/wp-content\/uploads\/2026\/02\/28-2-430x430.jpg 430w, https:\/\/cuttale.com\/wp-content\/uploads\/2026\/02\/28-2-700x700.jpg 700w\" sizes=\"auto, (max-width: 750px) 100vw, 750px\" \/> <img loading=\"lazy\" decoding=\"async\" class=\"alignnone size-full wp-image-29530\" src=\"http:\/\/cuttale.com\/wp-content\/uploads\/2026\/02\/\uff08English\uff09-4-1.jpg\" alt=\"\" width=\"750\" height=\"750\" srcset=\"https:\/\/cuttale.com\/wp-content\/uploads\/2026\/02\/\uff08English\uff09-4-1.jpg 750w, https:\/\/cuttale.com\/wp-content\/uploads\/2026\/02\/\uff08English\uff09-4-1-300x300.jpg 300w, https:\/\/cuttale.com\/wp-content\/uploads\/2026\/02\/\uff08English\uff09-4-1-150x150.jpg 150w, https:\/\/cuttale.com\/wp-content\/uploads\/2026\/02\/\uff08English\uff09-4-1-430x430.jpg 430w, https:\/\/cuttale.com\/wp-content\/uploads\/2026\/02\/\uff08English\uff09-4-1-700x700.jpg 700w\" sizes=\"auto, (max-width: 750px) 100vw, 750px\" \/><\/p>","protected":false},"excerpt":{"rendered":"<ul>\n<li><strong>Fecha de llegada: Entrega prevista en 30 d\u00edas.<\/strong><\/li>\n<li><strong>Plazo de devoluci\u00f3n: al tratarse de un producto a medida, no se aceptan devoluciones ni reembolsos.<\/strong><strong>S\u00f3lo en el caso de mercanc\u00edas da\u00f1adas, el vendedor organizar\u00e1 el reenv\u00edo.<\/strong><\/li>\n<li><strong>Env\u00edo: Este producto no est\u00e1 incluido en los gastos de env\u00edo.<\/strong><\/li>\n<li><strong>Gastos de devoluci\u00f3n: Los gastos de devoluci\u00f3n corren a cargo del cliente.<\/strong><\/li>\n<li><strong>Devoluciones: este producto no se puede devolver.<\/strong><\/li>\n<\/ul>","protected":false},"featured_media":29527,"comment_status":"open","ping_status":"closed","template":"","meta":[],"product_brand":[],"product_cat":[75,79],"product_tag":[],"class_list":{"0":"post-29526","1":"product","2":"type-product","3":"status-publish","4":"has-post-thumbnail","6":"product_cat-3d-","7":"product_cat-79","9":"first","10":"instock","11":"sale","12":"shipping-taxable","13":"purchasable","14":"product-type-variable","15":"wvs-archive-product-wrapper"},"_links":{"self":[{"href":"https:\/\/cuttale.com\/es\/wp-json\/wp\/v2\/product\/29526","targetHints":{"allow":["GET"]}}],"collection":[{"href":"https:\/\/cuttale.com\/es\/wp-json\/wp\/v2\/product"}],"about":[{"href":"https:\/\/cuttale.com\/es\/wp-json\/wp\/v2\/types\/product"}],"replies":[{"embeddable":true,"href":"https:\/\/cuttale.com\/es\/wp-json\/wp\/v2\/comments?post=29526"}],"version-history":[{"count":0,"href":"https:\/\/cuttale.com\/es\/wp-json\/wp\/v2\/product\/29526\/revisions"}],"wp:featuredmedia":[{"embeddable":true,"href":"https:\/\/cuttale.com\/es\/wp-json\/wp\/v2\/media\/29527"}],"wp:attachment":[{"href":"https:\/\/cuttale.com\/es\/wp-json\/wp\/v2\/media?parent=29526"}],"wp:term":[{"taxonomy":"product_brand","embeddable":true,"href":"https:\/\/cuttale.com\/es\/wp-json\/wp\/v2\/product_brand?post=29526"},{"taxonomy":"product_cat","embeddable":true,"href":"https:\/\/cuttale.com\/es\/wp-json\/wp\/v2\/product_cat?post=29526"},{"taxonomy":"product_tag","embeddable":true,"href":"https:\/\/cuttale.com\/es\/wp-json\/wp\/v2\/product_tag?post=29526"}],"curies":[{"name":"wp","href":"https:\/\/api.w.org\/{rel}","templated":true}]}}