{"id":29734,"date":"2026-03-13T01:03:14","date_gmt":"2026-03-12T17:03:14","guid":{"rendered":"https:\/\/cuttale.com\/?post_type=product&#038;p=29734"},"modified":"2026-03-22T00:15:46","modified_gmt":"2026-03-21T16:15:46","slug":"%e3%83%9a%e3%83%83%e3%83%88%e7%94%a8%e3%82%af%e3%83%83%e3%82%b7%e3%83%a7%e3%83%b3-%e3%82%aa%e3%83%bc%e3%83%80%e3%83%bc%e3%83%a1%e3%82%a4%e3%83%89","status":"publish","type":"product","link":"https:\/\/cuttale.com\/es\/producto\/%e3%83%9a%e3%83%83%e3%83%88%e7%94%a8%e3%82%af%e3%83%83%e3%82%b7%e3%83%a7%e3%83%b3-%e3%82%aa%e3%83%bc%e3%83%80%e3%83%bc%e3%83%a1%e3%82%a4%e3%83%89\/","title":{"rendered":"Cojines para mascotas por encargo"},"content":{"rendered":"<p><img loading=\"lazy\" decoding=\"async\" class=\"alignnone size-full wp-image-29738\" src=\"http:\/\/cuttale.com\/wp-content\/uploads\/2026\/02\/4-7.jpg\" alt=\"\" width=\"750\" height=\"750\" srcset=\"https:\/\/cuttale.com\/wp-content\/uploads\/2026\/02\/4-7.jpg 750w, https:\/\/cuttale.com\/wp-content\/uploads\/2026\/02\/4-7-300x300.jpg 300w, https:\/\/cuttale.com\/wp-content\/uploads\/2026\/02\/4-7-150x150.jpg 150w, https:\/\/cuttale.com\/wp-content\/uploads\/2026\/02\/4-7-430x430.jpg 430w, https:\/\/cuttale.com\/wp-content\/uploads\/2026\/02\/4-7-700x700.jpg 700w\" sizes=\"auto, (max-width: 750px) 100vw, 750px\" \/> <img loading=\"lazy\" decoding=\"async\" class=\"alignnone size-full wp-image-29739\" src=\"http:\/\/cuttale.com\/wp-content\/uploads\/2026\/02\/5-7.jpg\" alt=\"\" width=\"750\" height=\"750\" srcset=\"https:\/\/cuttale.com\/wp-content\/uploads\/2026\/02\/5-7.jpg 750w, https:\/\/cuttale.com\/wp-content\/uploads\/2026\/02\/5-7-300x300.jpg 300w, https:\/\/cuttale.com\/wp-content\/uploads\/2026\/02\/5-7-150x150.jpg 150w, https:\/\/cuttale.com\/wp-content\/uploads\/2026\/02\/5-7-430x430.jpg 430w, https:\/\/cuttale.com\/wp-content\/uploads\/2026\/02\/5-7-700x700.jpg 700w\" sizes=\"auto, (max-width: 750px) 100vw, 750px\" \/> <img loading=\"lazy\" decoding=\"async\" class=\"alignnone size-full wp-image-29740\" src=\"http:\/\/cuttale.com\/wp-content\/uploads\/2026\/02\/6-7.jpg\" alt=\"\" width=\"750\" height=\"750\" srcset=\"https:\/\/cuttale.com\/wp-content\/uploads\/2026\/02\/6-7.jpg 750w, https:\/\/cuttale.com\/wp-content\/uploads\/2026\/02\/6-7-300x300.jpg 300w, https:\/\/cuttale.com\/wp-content\/uploads\/2026\/02\/6-7-150x150.jpg 150w, https:\/\/cuttale.com\/wp-content\/uploads\/2026\/02\/6-7-430x430.jpg 430w, https:\/\/cuttale.com\/wp-content\/uploads\/2026\/02\/6-7-700x700.jpg 700w\" sizes=\"auto, (max-width: 750px) 100vw, 750px\" \/> <img loading=\"lazy\" decoding=\"async\" class=\"alignnone size-full wp-image-29741\" src=\"http:\/\/cuttale.com\/wp-content\/uploads\/2026\/02\/7-9.jpg\" alt=\"\" width=\"750\" height=\"750\" srcset=\"https:\/\/cuttale.com\/wp-content\/uploads\/2026\/02\/7-9.jpg 750w, https:\/\/cuttale.com\/wp-content\/uploads\/2026\/02\/7-9-300x300.jpg 300w, https:\/\/cuttale.com\/wp-content\/uploads\/2026\/02\/7-9-150x150.jpg 150w, https:\/\/cuttale.com\/wp-content\/uploads\/2026\/02\/7-9-430x430.jpg 430w, https:\/\/cuttale.com\/wp-content\/uploads\/2026\/02\/7-9-700x700.jpg 700w\" sizes=\"auto, (max-width: 750px) 100vw, 750px\" \/> <img loading=\"lazy\" decoding=\"async\" class=\"alignnone size-full wp-image-29742\" src=\"http:\/\/cuttale.com\/wp-content\/uploads\/2026\/02\/8-8.jpg\" alt=\"\" width=\"750\" height=\"750\" srcset=\"https:\/\/cuttale.com\/wp-content\/uploads\/2026\/02\/8-8.jpg 750w, https:\/\/cuttale.com\/wp-content\/uploads\/2026\/02\/8-8-300x300.jpg 300w, https:\/\/cuttale.com\/wp-content\/uploads\/2026\/02\/8-8-150x150.jpg 150w, https:\/\/cuttale.com\/wp-content\/uploads\/2026\/02\/8-8-430x430.jpg 430w, https:\/\/cuttale.com\/wp-content\/uploads\/2026\/02\/8-8-700x700.jpg 700w\" sizes=\"auto, (max-width: 750px) 100vw, 750px\" \/> <img loading=\"lazy\" decoding=\"async\" class=\"alignnone size-full wp-image-29743\" src=\"http:\/\/cuttale.com\/wp-content\/uploads\/2026\/02\/9-9.jpg\" alt=\"\" width=\"750\" height=\"750\" srcset=\"https:\/\/cuttale.com\/wp-content\/uploads\/2026\/02\/9-9.jpg 750w, https:\/\/cuttale.com\/wp-content\/uploads\/2026\/02\/9-9-300x300.jpg 300w, https:\/\/cuttale.com\/wp-content\/uploads\/2026\/02\/9-9-150x150.jpg 150w, https:\/\/cuttale.com\/wp-content\/uploads\/2026\/02\/9-9-430x430.jpg 430w, https:\/\/cuttale.com\/wp-content\/uploads\/2026\/02\/9-9-700x700.jpg 700w\" sizes=\"auto, (max-width: 750px) 100vw, 750px\" \/> <img loading=\"lazy\" decoding=\"async\" class=\"alignnone size-full wp-image-29744\" src=\"http:\/\/cuttale.com\/wp-content\/uploads\/2026\/02\/10-7.jpg\" alt=\"\" width=\"750\" height=\"750\" srcset=\"https:\/\/cuttale.com\/wp-content\/uploads\/2026\/02\/10-7.jpg 750w, https:\/\/cuttale.com\/wp-content\/uploads\/2026\/02\/10-7-300x300.jpg 300w, https:\/\/cuttale.com\/wp-content\/uploads\/2026\/02\/10-7-150x150.jpg 150w, https:\/\/cuttale.com\/wp-content\/uploads\/2026\/02\/10-7-430x430.jpg 430w, https:\/\/cuttale.com\/wp-content\/uploads\/2026\/02\/10-7-700x700.jpg 700w\" sizes=\"auto, (max-width: 750px) 100vw, 750px\" \/> <img loading=\"lazy\" decoding=\"async\" class=\"alignnone size-full wp-image-29745\" src=\"http:\/\/cuttale.com\/wp-content\/uploads\/2026\/02\/11-7.jpg\" alt=\"\" width=\"750\" height=\"750\" srcset=\"https:\/\/cuttale.com\/wp-content\/uploads\/2026\/02\/11-7.jpg 750w, https:\/\/cuttale.com\/wp-content\/uploads\/2026\/02\/11-7-300x300.jpg 300w, https:\/\/cuttale.com\/wp-content\/uploads\/2026\/02\/11-7-150x150.jpg 150w, https:\/\/cuttale.com\/wp-content\/uploads\/2026\/02\/11-7-430x430.jpg 430w, https:\/\/cuttale.com\/wp-content\/uploads\/2026\/02\/11-7-700x700.jpg 700w\" sizes=\"auto, (max-width: 750px) 100vw, 750px\" \/> <img loading=\"lazy\" decoding=\"async\" class=\"alignnone size-full wp-image-29746\" src=\"http:\/\/cuttale.com\/wp-content\/uploads\/2026\/02\/12-7.jpg\" alt=\"\" width=\"750\" height=\"750\" srcset=\"https:\/\/cuttale.com\/wp-content\/uploads\/2026\/02\/12-7.jpg 750w, https:\/\/cuttale.com\/wp-content\/uploads\/2026\/02\/12-7-300x300.jpg 300w, https:\/\/cuttale.com\/wp-content\/uploads\/2026\/02\/12-7-150x150.jpg 150w, https:\/\/cuttale.com\/wp-content\/uploads\/2026\/02\/12-7-430x430.jpg 430w, https:\/\/cuttale.com\/wp-content\/uploads\/2026\/02\/12-7-700x700.jpg 700w\" sizes=\"auto, (max-width: 750px) 100vw, 750px\" \/> <img loading=\"lazy\" decoding=\"async\" class=\"alignnone size-full wp-image-29747\" src=\"http:\/\/cuttale.com\/wp-content\/uploads\/2026\/02\/13-7.jpg\" alt=\"\" width=\"750\" height=\"750\" srcset=\"https:\/\/cuttale.com\/wp-content\/uploads\/2026\/02\/13-7.jpg 750w, https:\/\/cuttale.com\/wp-content\/uploads\/2026\/02\/13-7-300x300.jpg 300w, https:\/\/cuttale.com\/wp-content\/uploads\/2026\/02\/13-7-150x150.jpg 150w, https:\/\/cuttale.com\/wp-content\/uploads\/2026\/02\/13-7-430x430.jpg 430w, https:\/\/cuttale.com\/wp-content\/uploads\/2026\/02\/13-7-700x700.jpg 700w\" sizes=\"auto, (max-width: 750px) 100vw, 750px\" \/> <img loading=\"lazy\" decoding=\"async\" class=\"alignnone size-full wp-image-29748\" src=\"http:\/\/cuttale.com\/wp-content\/uploads\/2026\/02\/14-7.jpg\" alt=\"\" width=\"750\" height=\"750\" srcset=\"https:\/\/cuttale.com\/wp-content\/uploads\/2026\/02\/14-7.jpg 750w, https:\/\/cuttale.com\/wp-content\/uploads\/2026\/02\/14-7-300x300.jpg 300w, https:\/\/cuttale.com\/wp-content\/uploads\/2026\/02\/14-7-150x150.jpg 150w, https:\/\/cuttale.com\/wp-content\/uploads\/2026\/02\/14-7-430x430.jpg 430w, https:\/\/cuttale.com\/wp-content\/uploads\/2026\/02\/14-7-700x700.jpg 700w\" sizes=\"auto, (max-width: 750px) 100vw, 750px\" \/> <img loading=\"lazy\" decoding=\"async\" class=\"alignnone size-full wp-image-29749\" src=\"http:\/\/cuttale.com\/wp-content\/uploads\/2026\/02\/15-7.jpg\" alt=\"\" width=\"750\" height=\"750\" srcset=\"https:\/\/cuttale.com\/wp-content\/uploads\/2026\/02\/15-7.jpg 750w, https:\/\/cuttale.com\/wp-content\/uploads\/2026\/02\/15-7-300x300.jpg 300w, https:\/\/cuttale.com\/wp-content\/uploads\/2026\/02\/15-7-150x150.jpg 150w, https:\/\/cuttale.com\/wp-content\/uploads\/2026\/02\/15-7-430x430.jpg 430w, https:\/\/cuttale.com\/wp-content\/uploads\/2026\/02\/15-7-700x700.jpg 700w\" sizes=\"auto, (max-width: 750px) 100vw, 750px\" \/> <img loading=\"lazy\" decoding=\"async\" class=\"alignnone size-full wp-image-29750\" src=\"http:\/\/cuttale.com\/wp-content\/uploads\/2026\/02\/16-6.jpg\" alt=\"\" width=\"750\" height=\"750\" srcset=\"https:\/\/cuttale.com\/wp-content\/uploads\/2026\/02\/16-6.jpg 750w, https:\/\/cuttale.com\/wp-content\/uploads\/2026\/02\/16-6-300x300.jpg 300w, https:\/\/cuttale.com\/wp-content\/uploads\/2026\/02\/16-6-150x150.jpg 150w, https:\/\/cuttale.com\/wp-content\/uploads\/2026\/02\/16-6-430x430.jpg 430w, https:\/\/cuttale.com\/wp-content\/uploads\/2026\/02\/16-6-700x700.jpg 700w\" sizes=\"auto, (max-width: 750px) 100vw, 750px\" \/> <img loading=\"lazy\" decoding=\"async\" class=\"alignnone size-full wp-image-29751\" src=\"http:\/\/cuttale.com\/wp-content\/uploads\/2026\/02\/17-6.jpg\" alt=\"\" width=\"750\" height=\"750\" srcset=\"https:\/\/cuttale.com\/wp-content\/uploads\/2026\/02\/17-6.jpg 750w, https:\/\/cuttale.com\/wp-content\/uploads\/2026\/02\/17-6-300x300.jpg 300w, https:\/\/cuttale.com\/wp-content\/uploads\/2026\/02\/17-6-150x150.jpg 150w, https:\/\/cuttale.com\/wp-content\/uploads\/2026\/02\/17-6-430x430.jpg 430w, https:\/\/cuttale.com\/wp-content\/uploads\/2026\/02\/17-6-700x700.jpg 700w\" sizes=\"auto, (max-width: 750px) 100vw, 750px\" \/> <img loading=\"lazy\" decoding=\"async\" class=\"alignnone size-full wp-image-29752\" src=\"http:\/\/cuttale.com\/wp-content\/uploads\/2026\/02\/18-6.jpg\" alt=\"\" width=\"750\" height=\"750\" srcset=\"https:\/\/cuttale.com\/wp-content\/uploads\/2026\/02\/18-6.jpg 750w, https:\/\/cuttale.com\/wp-content\/uploads\/2026\/02\/18-6-300x300.jpg 300w, https:\/\/cuttale.com\/wp-content\/uploads\/2026\/02\/18-6-150x150.jpg 150w, https:\/\/cuttale.com\/wp-content\/uploads\/2026\/02\/18-6-430x430.jpg 430w, https:\/\/cuttale.com\/wp-content\/uploads\/2026\/02\/18-6-700x700.jpg 700w\" sizes=\"auto, (max-width: 750px) 100vw, 750px\" \/> <img loading=\"lazy\" decoding=\"async\" class=\"alignnone size-full wp-image-29753\" src=\"http:\/\/cuttale.com\/wp-content\/uploads\/2026\/02\/19-5.jpg\" alt=\"\" width=\"750\" height=\"750\" srcset=\"https:\/\/cuttale.com\/wp-content\/uploads\/2026\/02\/19-5.jpg 750w, https:\/\/cuttale.com\/wp-content\/uploads\/2026\/02\/19-5-300x300.jpg 300w, https:\/\/cuttale.com\/wp-content\/uploads\/2026\/02\/19-5-150x150.jpg 150w, https:\/\/cuttale.com\/wp-content\/uploads\/2026\/02\/19-5-430x430.jpg 430w, https:\/\/cuttale.com\/wp-content\/uploads\/2026\/02\/19-5-700x700.jpg 700w\" sizes=\"auto, (max-width: 750px) 100vw, 750px\" \/> <img loading=\"lazy\" decoding=\"async\" class=\"alignnone size-full wp-image-29754\" src=\"http:\/\/cuttale.com\/wp-content\/uploads\/2026\/02\/20-5.jpg\" alt=\"\" width=\"750\" height=\"750\" srcset=\"https:\/\/cuttale.com\/wp-content\/uploads\/2026\/02\/20-5.jpg 750w, https:\/\/cuttale.com\/wp-content\/uploads\/2026\/02\/20-5-300x300.jpg 300w, https:\/\/cuttale.com\/wp-content\/uploads\/2026\/02\/20-5-150x150.jpg 150w, https:\/\/cuttale.com\/wp-content\/uploads\/2026\/02\/20-5-430x430.jpg 430w, https:\/\/cuttale.com\/wp-content\/uploads\/2026\/02\/20-5-700x700.jpg 700w\" sizes=\"auto, (max-width: 750px) 100vw, 750px\" \/><\/p>","protected":false},"excerpt":{"rendered":"<ul>\n<li><strong>Fecha de llegada: Entrega prevista en 30 d\u00edas.<\/strong><\/li>\n<li><strong>Plazo de devoluci\u00f3n: al tratarse de un producto a medida, no se aceptan devoluciones ni reembolsos.<\/strong><strong>S\u00f3lo en el caso de mercanc\u00edas da\u00f1adas, el vendedor organizar\u00e1 el reenv\u00edo.<\/strong><\/li>\n<li><strong>Env\u00edo: Este producto no est\u00e1 incluido en los gastos de env\u00edo.<\/strong><\/li>\n<li><strong>Gastos de devoluci\u00f3n: Los gastos de devoluci\u00f3n corren a cargo del cliente.<\/strong><\/li>\n<li><strong>Devoluciones: este producto no se puede devolver.<\/strong><\/li>\n<\/ul>","protected":false},"featured_media":29735,"comment_status":"open","ping_status":"closed","template":"","meta":[],"product_brand":[],"product_cat":[95,104],"product_tag":[],"class_list":{"0":"post-29734","1":"product","2":"type-product","3":"status-publish","4":"has-post-thumbnail","6":"product_cat-95","7":"product_cat-104","9":"first","10":"instock","11":"sale","12":"shipping-taxable","13":"purchasable","14":"product-type-variable"},"_links":{"self":[{"href":"https:\/\/cuttale.com\/es\/wp-json\/wp\/v2\/product\/29734","targetHints":{"allow":["GET"]}}],"collection":[{"href":"https:\/\/cuttale.com\/es\/wp-json\/wp\/v2\/product"}],"about":[{"href":"https:\/\/cuttale.com\/es\/wp-json\/wp\/v2\/types\/product"}],"replies":[{"embeddable":true,"href":"https:\/\/cuttale.com\/es\/wp-json\/wp\/v2\/comments?post=29734"}],"version-history":[{"count":0,"href":"https:\/\/cuttale.com\/es\/wp-json\/wp\/v2\/product\/29734\/revisions"}],"wp:featuredmedia":[{"embeddable":true,"href":"https:\/\/cuttale.com\/es\/wp-json\/wp\/v2\/media\/29735"}],"wp:attachment":[{"href":"https:\/\/cuttale.com\/es\/wp-json\/wp\/v2\/media?parent=29734"}],"wp:term":[{"taxonomy":"product_brand","embeddable":true,"href":"https:\/\/cuttale.com\/es\/wp-json\/wp\/v2\/product_brand?post=29734"},{"taxonomy":"product_cat","embeddable":true,"href":"https:\/\/cuttale.com\/es\/wp-json\/wp\/v2\/product_cat?post=29734"},{"taxonomy":"product_tag","embeddable":true,"href":"https:\/\/cuttale.com\/es\/wp-json\/wp\/v2\/product_tag?post=29734"}],"curies":[{"name":"wp","href":"https:\/\/api.w.org\/{rel}","templated":true}]}}