{"id":29263,"date":"2026-03-13T07:49:03","date_gmt":"2026-03-12T23:49:03","guid":{"rendered":"https:\/\/cuttale.com\/?post_type=product&#038;p=29263"},"modified":"2026-03-20T19:27:27","modified_gmt":"2026-03-20T11:27:27","slug":"%e3%82%ab%e3%82%b9%e3%82%bf%e3%83%a0-3d%e3%83%9a%e3%83%83%e3%83%88%e3%83%88%e3%82%a4","status":"publish","type":"product","link":"https:\/\/cuttale.com\/fr\/produit\/%e3%82%ab%e3%82%b9%e3%82%bf%e3%83%a0-3d%e3%83%9a%e3%83%83%e3%83%88%e3%83%88%e3%82%a4\/","title":{"rendered":"Figurines 3D personnalis\u00e9es pour animaux de compagnie"},"content":{"rendered":"<div class=\"modelViewerBlock\" data-attributes='{&quot;align&quot;:&quot;center&quot;,&quot;uniqueId&quot;:&quot;model30253&quot;,&quot;currentViewer&quot;:&quot;modelViewer&quot;,&quot;multiple&quot;:false,&quot;O3DVSettings&quot;:{&quot;isFullscreen&quot;:true,&quot;isPagination&quot;:false,&quot;isNavigation&quot;:false,&quot;camera&quot;:null,&quot;mouseControl&quot;:true},&quot;environmentImage&quot;:null,&quot;lazyLoad&quot;:false,&quot;loading&quot;:&quot;auto&quot;,&quot;autoplay&quot;:false,&quot;shadow&quot;:&quot;1&quot;,&quot;autoRotate&quot;:false,&quot;zoomLevel&quot;:null,&quot;zoom&quot;:true,&quot;isPagination&quot;:false,&quot;isNavigation&quot;:false,&quot;hotspotStyle&quot;:&quot;style-1&quot;,&quot;preload&quot;:&quot;auto&quot;,&quot;rotationPerSecond&quot;:&quot;30&quot;,&quot;mouseControl&quot;:true,&quot;lockXAxisRotation&quot;:false,&quot;lockYAxisRotation&quot;:false,&quot;fullscreen&quot;:true,&quot;zoomInOutBtn&quot;:false,&quot;cameraBtn&quot;:false,&quot;variant&quot;:false,&quot;loadingPercentage&quot;:false,&quot;progressBar&quot;:true,&quot;rotate&quot;:false,&quot;rotateDelay&quot;:3000,&quot;rotateAlongX&quot;:&quot;0&quot;,&quot;rotateAlongY&quot;:&quot;75&quot;,&quot;exposure&quot;:&quot;1&quot;,&quot;stylesheet&quot;:null,&quot;additional&quot;:{&quot;ID&quot;:&quot;&quot;,&quot;Class&quot;:&quot;&quot;,&quot;CSS&quot;:&quot;&quot;},&quot;animation&quot;:false,&quot;woo&quot;:false,&quot;selectedAnimation&quot;:&quot;&quot;,&quot;placement&quot;:&quot;shortcode&quot;,&quot;styles&quot;:{&quot;width&quot;:&quot;100%&quot;,&quot;height&quot;:&quot;320px&quot;,&quot;bgColor&quot;:&quot;transparent&quot;,&quot;progressBarColor&quot;:&quot;rgba(0, 0, 0, 0.4)&quot;},&quot;model&quot;:{&quot;modelUrl&quot;:&quot;http:\\\/\\\/cuttale.com\\\/wp-content\\\/uploads\\\/2026\\\/03\\\/\\u65e0\\u6807\\u98981-2.glb&quot;,&quot;poster&quot;:&quot;&quot;},&quot;models&quot;:[]}'><\/div>\n\n\n<p><img loading=\"lazy\" decoding=\"async\" class=\"alignnone size-full wp-image-29266\" src=\"http:\/\/cuttale.com\/wp-content\/uploads\/2026\/02\/\uff08Japanese\uff09-2-2.jpg\" alt=\"\" width=\"750\" height=\"750\" srcset=\"https:\/\/cuttale.com\/wp-content\/uploads\/2026\/02\/\uff08Japanese\uff09-2-2.jpg 750w, https:\/\/cuttale.com\/wp-content\/uploads\/2026\/02\/\uff08Japanese\uff09-2-2-300x300.jpg 300w, https:\/\/cuttale.com\/wp-content\/uploads\/2026\/02\/\uff08Japanese\uff09-2-2-150x150.jpg 150w, https:\/\/cuttale.com\/wp-content\/uploads\/2026\/02\/\uff08Japanese\uff09-2-2-430x430.jpg 430w, https:\/\/cuttale.com\/wp-content\/uploads\/2026\/02\/\uff08Japanese\uff09-2-2-700x700.jpg 700w\" sizes=\"auto, (max-width: 750px) 100vw, 750px\" \/> <img loading=\"lazy\" decoding=\"async\" class=\"alignnone size-full wp-image-29267\" src=\"http:\/\/cuttale.com\/wp-content\/uploads\/2026\/02\/\uff08Japanese\uff09-3-2.jpg\" alt=\"\" width=\"750\" height=\"750\" srcset=\"https:\/\/cuttale.com\/wp-content\/uploads\/2026\/02\/\uff08Japanese\uff09-3-2.jpg 750w, https:\/\/cuttale.com\/wp-content\/uploads\/2026\/02\/\uff08Japanese\uff09-3-2-300x300.jpg 300w, https:\/\/cuttale.com\/wp-content\/uploads\/2026\/02\/\uff08Japanese\uff09-3-2-150x150.jpg 150w, https:\/\/cuttale.com\/wp-content\/uploads\/2026\/02\/\uff08Japanese\uff09-3-2-430x430.jpg 430w, https:\/\/cuttale.com\/wp-content\/uploads\/2026\/02\/\uff08Japanese\uff09-3-2-700x700.jpg 700w\" sizes=\"auto, (max-width: 750px) 100vw, 750px\" \/> <img loading=\"lazy\" decoding=\"async\" class=\"alignnone size-full wp-image-29268\" src=\"http:\/\/cuttale.com\/wp-content\/uploads\/2026\/02\/\uff08Japanese\uff09-4-2.jpg\" alt=\"\" width=\"750\" height=\"750\" srcset=\"https:\/\/cuttale.com\/wp-content\/uploads\/2026\/02\/\uff08Japanese\uff09-4-2.jpg 750w, https:\/\/cuttale.com\/wp-content\/uploads\/2026\/02\/\uff08Japanese\uff09-4-2-300x300.jpg 300w, https:\/\/cuttale.com\/wp-content\/uploads\/2026\/02\/\uff08Japanese\uff09-4-2-150x150.jpg 150w, https:\/\/cuttale.com\/wp-content\/uploads\/2026\/02\/\uff08Japanese\uff09-4-2-430x430.jpg 430w, https:\/\/cuttale.com\/wp-content\/uploads\/2026\/02\/\uff08Japanese\uff09-4-2-700x700.jpg 700w\" sizes=\"auto, (max-width: 750px) 100vw, 750px\" \/> <img loading=\"lazy\" decoding=\"async\" class=\"alignnone size-full wp-image-29269\" src=\"http:\/\/cuttale.com\/wp-content\/uploads\/2026\/02\/\uff08Japanese\uff09-5-2.jpg\" alt=\"\" width=\"750\" height=\"750\" srcset=\"https:\/\/cuttale.com\/wp-content\/uploads\/2026\/02\/\uff08Japanese\uff09-5-2.jpg 750w, https:\/\/cuttale.com\/wp-content\/uploads\/2026\/02\/\uff08Japanese\uff09-5-2-300x300.jpg 300w, https:\/\/cuttale.com\/wp-content\/uploads\/2026\/02\/\uff08Japanese\uff09-5-2-150x150.jpg 150w, https:\/\/cuttale.com\/wp-content\/uploads\/2026\/02\/\uff08Japanese\uff09-5-2-430x430.jpg 430w, https:\/\/cuttale.com\/wp-content\/uploads\/2026\/02\/\uff08Japanese\uff09-5-2-700x700.jpg 700w\" sizes=\"auto, (max-width: 750px) 100vw, 750px\" \/> <img loading=\"lazy\" decoding=\"async\" class=\"alignnone size-full wp-image-29270\" src=\"http:\/\/cuttale.com\/wp-content\/uploads\/2026\/02\/\uff08Japanese\uff09-6-2.jpg\" alt=\"\" width=\"750\" height=\"750\" srcset=\"https:\/\/cuttale.com\/wp-content\/uploads\/2026\/02\/\uff08Japanese\uff09-6-2.jpg 750w, https:\/\/cuttale.com\/wp-content\/uploads\/2026\/02\/\uff08Japanese\uff09-6-2-300x300.jpg 300w, https:\/\/cuttale.com\/wp-content\/uploads\/2026\/02\/\uff08Japanese\uff09-6-2-150x150.jpg 150w, https:\/\/cuttale.com\/wp-content\/uploads\/2026\/02\/\uff08Japanese\uff09-6-2-430x430.jpg 430w, https:\/\/cuttale.com\/wp-content\/uploads\/2026\/02\/\uff08Japanese\uff09-6-2-700x700.jpg 700w\" sizes=\"auto, (max-width: 750px) 100vw, 750px\" \/> <img loading=\"lazy\" decoding=\"async\" class=\"alignnone size-full wp-image-29271\" src=\"http:\/\/cuttale.com\/wp-content\/uploads\/2026\/02\/\uff08Japanese\uff09-7-1.jpg\" alt=\"\" width=\"750\" height=\"750\" srcset=\"https:\/\/cuttale.com\/wp-content\/uploads\/2026\/02\/\uff08Japanese\uff09-7-1.jpg 750w, https:\/\/cuttale.com\/wp-content\/uploads\/2026\/02\/\uff08Japanese\uff09-7-1-300x300.jpg 300w, https:\/\/cuttale.com\/wp-content\/uploads\/2026\/02\/\uff08Japanese\uff09-7-1-150x150.jpg 150w, https:\/\/cuttale.com\/wp-content\/uploads\/2026\/02\/\uff08Japanese\uff09-7-1-430x430.jpg 430w, https:\/\/cuttale.com\/wp-content\/uploads\/2026\/02\/\uff08Japanese\uff09-7-1-700x700.jpg 700w\" sizes=\"auto, (max-width: 750px) 100vw, 750px\" \/> <img loading=\"lazy\" decoding=\"async\" class=\"alignnone size-full wp-image-29272\" src=\"http:\/\/cuttale.com\/wp-content\/uploads\/2026\/02\/\uff08Japanese\uff09-8-1.jpg\" alt=\"\" width=\"750\" height=\"750\" srcset=\"https:\/\/cuttale.com\/wp-content\/uploads\/2026\/02\/\uff08Japanese\uff09-8-1.jpg 750w, https:\/\/cuttale.com\/wp-content\/uploads\/2026\/02\/\uff08Japanese\uff09-8-1-300x300.jpg 300w, https:\/\/cuttale.com\/wp-content\/uploads\/2026\/02\/\uff08Japanese\uff09-8-1-150x150.jpg 150w, https:\/\/cuttale.com\/wp-content\/uploads\/2026\/02\/\uff08Japanese\uff09-8-1-430x430.jpg 430w, https:\/\/cuttale.com\/wp-content\/uploads\/2026\/02\/\uff08Japanese\uff09-8-1-700x700.jpg 700w\" sizes=\"auto, (max-width: 750px) 100vw, 750px\" \/> <img loading=\"lazy\" decoding=\"async\" class=\"alignnone size-full wp-image-29273\" src=\"http:\/\/cuttale.com\/wp-content\/uploads\/2026\/02\/\uff08Japanese\uff09-9-1.jpg\" alt=\"\" width=\"750\" height=\"750\" srcset=\"https:\/\/cuttale.com\/wp-content\/uploads\/2026\/02\/\uff08Japanese\uff09-9-1.jpg 750w, https:\/\/cuttale.com\/wp-content\/uploads\/2026\/02\/\uff08Japanese\uff09-9-1-300x300.jpg 300w, https:\/\/cuttale.com\/wp-content\/uploads\/2026\/02\/\uff08Japanese\uff09-9-1-150x150.jpg 150w, https:\/\/cuttale.com\/wp-content\/uploads\/2026\/02\/\uff08Japanese\uff09-9-1-430x430.jpg 430w, https:\/\/cuttale.com\/wp-content\/uploads\/2026\/02\/\uff08Japanese\uff09-9-1-700x700.jpg 700w\" sizes=\"auto, (max-width: 750px) 100vw, 750px\" \/> <img loading=\"lazy\" decoding=\"async\" class=\"alignnone size-full wp-image-29274\" src=\"http:\/\/cuttale.com\/wp-content\/uploads\/2026\/02\/\uff08Japanese\uff09-10-1.jpg\" alt=\"\" width=\"750\" height=\"750\" srcset=\"https:\/\/cuttale.com\/wp-content\/uploads\/2026\/02\/\uff08Japanese\uff09-10-1.jpg 750w, https:\/\/cuttale.com\/wp-content\/uploads\/2026\/02\/\uff08Japanese\uff09-10-1-300x300.jpg 300w, https:\/\/cuttale.com\/wp-content\/uploads\/2026\/02\/\uff08Japanese\uff09-10-1-150x150.jpg 150w, https:\/\/cuttale.com\/wp-content\/uploads\/2026\/02\/\uff08Japanese\uff09-10-1-430x430.jpg 430w, https:\/\/cuttale.com\/wp-content\/uploads\/2026\/02\/\uff08Japanese\uff09-10-1-700x700.jpg 700w\" sizes=\"auto, (max-width: 750px) 100vw, 750px\" \/> <img loading=\"lazy\" decoding=\"async\" class=\"alignnone size-full wp-image-29275\" src=\"http:\/\/cuttale.com\/wp-content\/uploads\/2026\/02\/\uff08Japanese\uff09-11-1.jpg\" alt=\"\" width=\"750\" height=\"750\" srcset=\"https:\/\/cuttale.com\/wp-content\/uploads\/2026\/02\/\uff08Japanese\uff09-11-1.jpg 750w, https:\/\/cuttale.com\/wp-content\/uploads\/2026\/02\/\uff08Japanese\uff09-11-1-300x300.jpg 300w, https:\/\/cuttale.com\/wp-content\/uploads\/2026\/02\/\uff08Japanese\uff09-11-1-150x150.jpg 150w, https:\/\/cuttale.com\/wp-content\/uploads\/2026\/02\/\uff08Japanese\uff09-11-1-430x430.jpg 430w, https:\/\/cuttale.com\/wp-content\/uploads\/2026\/02\/\uff08Japanese\uff09-11-1-700x700.jpg 700w\" sizes=\"auto, (max-width: 750px) 100vw, 750px\" \/> <img loading=\"lazy\" decoding=\"async\" class=\"alignnone size-full wp-image-29276\" src=\"http:\/\/cuttale.com\/wp-content\/uploads\/2026\/02\/\uff08Japanese\uff09-12-1.jpg\" alt=\"\" width=\"750\" height=\"750\" srcset=\"https:\/\/cuttale.com\/wp-content\/uploads\/2026\/02\/\uff08Japanese\uff09-12-1.jpg 750w, https:\/\/cuttale.com\/wp-content\/uploads\/2026\/02\/\uff08Japanese\uff09-12-1-300x300.jpg 300w, https:\/\/cuttale.com\/wp-content\/uploads\/2026\/02\/\uff08Japanese\uff09-12-1-150x150.jpg 150w, https:\/\/cuttale.com\/wp-content\/uploads\/2026\/02\/\uff08Japanese\uff09-12-1-430x430.jpg 430w, https:\/\/cuttale.com\/wp-content\/uploads\/2026\/02\/\uff08Japanese\uff09-12-1-700x700.jpg 700w\" sizes=\"auto, (max-width: 750px) 100vw, 750px\" \/> <img loading=\"lazy\" decoding=\"async\" class=\"alignnone size-full wp-image-29277\" src=\"http:\/\/cuttale.com\/wp-content\/uploads\/2026\/02\/\uff08Japanese\uff09-13-1.jpg\" alt=\"\" width=\"750\" height=\"750\" srcset=\"https:\/\/cuttale.com\/wp-content\/uploads\/2026\/02\/\uff08Japanese\uff09-13-1.jpg 750w, https:\/\/cuttale.com\/wp-content\/uploads\/2026\/02\/\uff08Japanese\uff09-13-1-300x300.jpg 300w, https:\/\/cuttale.com\/wp-content\/uploads\/2026\/02\/\uff08Japanese\uff09-13-1-150x150.jpg 150w, https:\/\/cuttale.com\/wp-content\/uploads\/2026\/02\/\uff08Japanese\uff09-13-1-430x430.jpg 430w, https:\/\/cuttale.com\/wp-content\/uploads\/2026\/02\/\uff08Japanese\uff09-13-1-700x700.jpg 700w\" sizes=\"auto, (max-width: 750px) 100vw, 750px\" \/> <img loading=\"lazy\" decoding=\"async\" class=\"alignnone size-full wp-image-29278\" src=\"http:\/\/cuttale.com\/wp-content\/uploads\/2026\/02\/\uff08Japanese\uff09-14-1.jpg\" alt=\"\" width=\"750\" height=\"750\" srcset=\"https:\/\/cuttale.com\/wp-content\/uploads\/2026\/02\/\uff08Japanese\uff09-14-1.jpg 750w, https:\/\/cuttale.com\/wp-content\/uploads\/2026\/02\/\uff08Japanese\uff09-14-1-300x300.jpg 300w, https:\/\/cuttale.com\/wp-content\/uploads\/2026\/02\/\uff08Japanese\uff09-14-1-150x150.jpg 150w, https:\/\/cuttale.com\/wp-content\/uploads\/2026\/02\/\uff08Japanese\uff09-14-1-430x430.jpg 430w, https:\/\/cuttale.com\/wp-content\/uploads\/2026\/02\/\uff08Japanese\uff09-14-1-700x700.jpg 700w\" sizes=\"auto, (max-width: 750px) 100vw, 750px\" \/> <img loading=\"lazy\" decoding=\"async\" class=\"alignnone size-full wp-image-29265\" src=\"http:\/\/cuttale.com\/wp-content\/uploads\/2026\/02\/\uff08Japanese\uff09-15-1.jpg\" alt=\"\" width=\"750\" height=\"750\" srcset=\"https:\/\/cuttale.com\/wp-content\/uploads\/2026\/02\/\uff08Japanese\uff09-15-1.jpg 750w, https:\/\/cuttale.com\/wp-content\/uploads\/2026\/02\/\uff08Japanese\uff09-15-1-300x300.jpg 300w, https:\/\/cuttale.com\/wp-content\/uploads\/2026\/02\/\uff08Japanese\uff09-15-1-150x150.jpg 150w, https:\/\/cuttale.com\/wp-content\/uploads\/2026\/02\/\uff08Japanese\uff09-15-1-430x430.jpg 430w, https:\/\/cuttale.com\/wp-content\/uploads\/2026\/02\/\uff08Japanese\uff09-15-1-700x700.jpg 700w\" sizes=\"auto, (max-width: 750px) 100vw, 750px\" \/> <img loading=\"lazy\" decoding=\"async\" class=\"alignnone size-full wp-image-29280\" src=\"http:\/\/cuttale.com\/wp-content\/uploads\/2026\/02\/\uff08Japanese\uff09-16-1.jpg\" alt=\"\" width=\"750\" height=\"750\" srcset=\"https:\/\/cuttale.com\/wp-content\/uploads\/2026\/02\/\uff08Japanese\uff09-16-1.jpg 750w, https:\/\/cuttale.com\/wp-content\/uploads\/2026\/02\/\uff08Japanese\uff09-16-1-300x300.jpg 300w, https:\/\/cuttale.com\/wp-content\/uploads\/2026\/02\/\uff08Japanese\uff09-16-1-150x150.jpg 150w, https:\/\/cuttale.com\/wp-content\/uploads\/2026\/02\/\uff08Japanese\uff09-16-1-430x430.jpg 430w, https:\/\/cuttale.com\/wp-content\/uploads\/2026\/02\/\uff08Japanese\uff09-16-1-700x700.jpg 700w\" sizes=\"auto, (max-width: 750px) 100vw, 750px\" \/> <img loading=\"lazy\" decoding=\"async\" class=\"alignnone size-full wp-image-29281\" src=\"http:\/\/cuttale.com\/wp-content\/uploads\/2026\/02\/\uff08Japanese\uff09-17-1.jpg\" alt=\"\" width=\"750\" height=\"750\" srcset=\"https:\/\/cuttale.com\/wp-content\/uploads\/2026\/02\/\uff08Japanese\uff09-17-1.jpg 750w, https:\/\/cuttale.com\/wp-content\/uploads\/2026\/02\/\uff08Japanese\uff09-17-1-300x300.jpg 300w, https:\/\/cuttale.com\/wp-content\/uploads\/2026\/02\/\uff08Japanese\uff09-17-1-150x150.jpg 150w, https:\/\/cuttale.com\/wp-content\/uploads\/2026\/02\/\uff08Japanese\uff09-17-1-430x430.jpg 430w, https:\/\/cuttale.com\/wp-content\/uploads\/2026\/02\/\uff08Japanese\uff09-17-1-700x700.jpg 700w\" sizes=\"auto, (max-width: 750px) 100vw, 750px\" \/> <img loading=\"lazy\" decoding=\"async\" class=\"alignnone size-full wp-image-29282\" src=\"http:\/\/cuttale.com\/wp-content\/uploads\/2026\/02\/\uff08Japanese\uff09-18-1.jpg\" alt=\"\" width=\"750\" height=\"750\" srcset=\"https:\/\/cuttale.com\/wp-content\/uploads\/2026\/02\/\uff08Japanese\uff09-18-1.jpg 750w, https:\/\/cuttale.com\/wp-content\/uploads\/2026\/02\/\uff08Japanese\uff09-18-1-300x300.jpg 300w, https:\/\/cuttale.com\/wp-content\/uploads\/2026\/02\/\uff08Japanese\uff09-18-1-150x150.jpg 150w, https:\/\/cuttale.com\/wp-content\/uploads\/2026\/02\/\uff08Japanese\uff09-18-1-430x430.jpg 430w, https:\/\/cuttale.com\/wp-content\/uploads\/2026\/02\/\uff08Japanese\uff09-18-1-700x700.jpg 700w\" sizes=\"auto, (max-width: 750px) 100vw, 750px\" \/> <img loading=\"lazy\" decoding=\"async\" class=\"alignnone size-full wp-image-29279\" src=\"http:\/\/cuttale.com\/wp-content\/uploads\/2026\/02\/\uff08Japanese\uff09-19-1.jpg\" alt=\"\" width=\"750\" height=\"750\" srcset=\"https:\/\/cuttale.com\/wp-content\/uploads\/2026\/02\/\uff08Japanese\uff09-19-1.jpg 750w, https:\/\/cuttale.com\/wp-content\/uploads\/2026\/02\/\uff08Japanese\uff09-19-1-300x300.jpg 300w, https:\/\/cuttale.com\/wp-content\/uploads\/2026\/02\/\uff08Japanese\uff09-19-1-150x150.jpg 150w, https:\/\/cuttale.com\/wp-content\/uploads\/2026\/02\/\uff08Japanese\uff09-19-1-430x430.jpg 430w, https:\/\/cuttale.com\/wp-content\/uploads\/2026\/02\/\uff08Japanese\uff09-19-1-700x700.jpg 700w\" sizes=\"auto, (max-width: 750px) 100vw, 750px\" \/><\/p>","protected":false},"excerpt":{"rendered":"<ul>\n<li><strong>Date d'arriv\u00e9e : livraison pr\u00e9vue dans les 30 jours.<\/strong><\/li>\n<li><strong>P\u00e9riode de retour : s'agissant d'un produit sur mesure, les retours et les remboursements ne sont pas accept\u00e9s.<\/strong><strong>Le vendeur se chargera de la r\u00e9exp\u00e9dition uniquement en cas de marchandises endommag\u00e9es.<\/strong><\/li>\n<li><strong>Exp\u00e9dition : Ce produit n'est pas inclus dans les frais d'exp\u00e9dition.<\/strong><\/li>\n<li><strong>Frais de retour : Les frais de retour sont \u00e0 la charge du client.<\/strong><\/li>\n<li><strong>Retours : ce produit n'est pas retournable.<\/strong><\/li>\n<\/ul>\n<div>\n<div>\n<div>\n<div><\/div>\n<\/div>\n<\/div>\n<\/div>","protected":false},"featured_media":29264,"comment_status":"open","ping_status":"closed","template":"","meta":[],"product_brand":[],"product_cat":[75,83],"product_tag":[],"class_list":{"0":"post-29263","1":"product","2":"type-product","3":"status-publish","4":"has-post-thumbnail","6":"product_cat-3d-","7":"product_cat-83","9":"first","10":"instock","11":"sale","12":"shipping-taxable","13":"purchasable","14":"product-type-variable"},"_links":{"self":[{"href":"https:\/\/cuttale.com\/fr\/wp-json\/wp\/v2\/product\/29263","targetHints":{"allow":["GET"]}}],"collection":[{"href":"https:\/\/cuttale.com\/fr\/wp-json\/wp\/v2\/product"}],"about":[{"href":"https:\/\/cuttale.com\/fr\/wp-json\/wp\/v2\/types\/product"}],"replies":[{"embeddable":true,"href":"https:\/\/cuttale.com\/fr\/wp-json\/wp\/v2\/comments?post=29263"}],"version-history":[{"count":0,"href":"https:\/\/cuttale.com\/fr\/wp-json\/wp\/v2\/product\/29263\/revisions"}],"wp:featuredmedia":[{"embeddable":true,"href":"https:\/\/cuttale.com\/fr\/wp-json\/wp\/v2\/media\/29264"}],"wp:attachment":[{"href":"https:\/\/cuttale.com\/fr\/wp-json\/wp\/v2\/media?parent=29263"}],"wp:term":[{"taxonomy":"product_brand","embeddable":true,"href":"https:\/\/cuttale.com\/fr\/wp-json\/wp\/v2\/product_brand?post=29263"},{"taxonomy":"product_cat","embeddable":true,"href":"https:\/\/cuttale.com\/fr\/wp-json\/wp\/v2\/product_cat?post=29263"},{"taxonomy":"product_tag","embeddable":true,"href":"https:\/\/cuttale.com\/fr\/wp-json\/wp\/v2\/product_tag?post=29263"}],"curies":[{"name":"wp","href":"https:\/\/api.w.org\/{rel}","templated":true}]}}