{"id":29329,"date":"2026-03-14T14:31:03","date_gmt":"2026-03-14T06:31:03","guid":{"rendered":"https:\/\/cuttale.com\/?post_type=product&#038;p=29329"},"modified":"2026-03-20T00:29:45","modified_gmt":"2026-03-19T16:29:45","slug":"%e3%82%ab%e3%82%b9%e3%82%bf%e3%83%a0%e7%ad%8b%e8%82%89%e7%94%b73d%e3%83%95%e3%82%a3%e3%82%ae%e3%83%a5%e3%82%a2","status":"publish","type":"product","link":"https:\/\/cuttale.com\/fr\/produit\/%e3%82%ab%e3%82%b9%e3%82%bf%e3%83%a0%e7%ad%8b%e8%82%89%e7%94%b73d%e3%83%95%e3%82%a3%e3%82%ae%e3%83%a5%e3%82%a2\/","title":{"rendered":"Figurine 3D personnalis\u00e9e d'homme muscl\u00e9"},"content":{"rendered":"<p><img loading=\"lazy\" decoding=\"async\" class=\"alignnone size-full wp-image-29341\" src=\"http:\/\/cuttale.com\/wp-content\/uploads\/2026\/02\/\uff08Japanese\uff09\uff08English\uff09-2-2.jpg\" alt=\"\" width=\"750\" height=\"750\" srcset=\"https:\/\/cuttale.com\/wp-content\/uploads\/2026\/02\/\uff08Japanese\uff09\uff08English\uff09-2-2.jpg 750w, https:\/\/cuttale.com\/wp-content\/uploads\/2026\/02\/\uff08Japanese\uff09\uff08English\uff09-2-2-300x300.jpg 300w, https:\/\/cuttale.com\/wp-content\/uploads\/2026\/02\/\uff08Japanese\uff09\uff08English\uff09-2-2-150x150.jpg 150w, https:\/\/cuttale.com\/wp-content\/uploads\/2026\/02\/\uff08Japanese\uff09\uff08English\uff09-2-2-430x430.jpg 430w, https:\/\/cuttale.com\/wp-content\/uploads\/2026\/02\/\uff08Japanese\uff09\uff08English\uff09-2-2-700x700.jpg 700w\" sizes=\"auto, (max-width: 750px) 100vw, 750px\" \/> <img loading=\"lazy\" decoding=\"async\" class=\"alignnone size-full wp-image-29342\" src=\"http:\/\/cuttale.com\/wp-content\/uploads\/2026\/02\/\uff08Japanese\uff09\uff08English\uff09-3-2.jpg\" alt=\"\" width=\"750\" height=\"750\" srcset=\"https:\/\/cuttale.com\/wp-content\/uploads\/2026\/02\/\uff08Japanese\uff09\uff08English\uff09-3-2.jpg 750w, https:\/\/cuttale.com\/wp-content\/uploads\/2026\/02\/\uff08Japanese\uff09\uff08English\uff09-3-2-300x300.jpg 300w, https:\/\/cuttale.com\/wp-content\/uploads\/2026\/02\/\uff08Japanese\uff09\uff08English\uff09-3-2-150x150.jpg 150w, https:\/\/cuttale.com\/wp-content\/uploads\/2026\/02\/\uff08Japanese\uff09\uff08English\uff09-3-2-430x430.jpg 430w, https:\/\/cuttale.com\/wp-content\/uploads\/2026\/02\/\uff08Japanese\uff09\uff08English\uff09-3-2-700x700.jpg 700w\" sizes=\"auto, (max-width: 750px) 100vw, 750px\" \/> <img loading=\"lazy\" decoding=\"async\" class=\"alignnone size-full wp-image-29343\" src=\"http:\/\/cuttale.com\/wp-content\/uploads\/2026\/02\/\uff08Japanese\uff09\uff08English\uff09-4-2.jpg\" alt=\"\" width=\"750\" height=\"750\" srcset=\"https:\/\/cuttale.com\/wp-content\/uploads\/2026\/02\/\uff08Japanese\uff09\uff08English\uff09-4-2.jpg 750w, https:\/\/cuttale.com\/wp-content\/uploads\/2026\/02\/\uff08Japanese\uff09\uff08English\uff09-4-2-300x300.jpg 300w, https:\/\/cuttale.com\/wp-content\/uploads\/2026\/02\/\uff08Japanese\uff09\uff08English\uff09-4-2-150x150.jpg 150w, https:\/\/cuttale.com\/wp-content\/uploads\/2026\/02\/\uff08Japanese\uff09\uff08English\uff09-4-2-430x430.jpg 430w, https:\/\/cuttale.com\/wp-content\/uploads\/2026\/02\/\uff08Japanese\uff09\uff08English\uff09-4-2-700x700.jpg 700w\" sizes=\"auto, (max-width: 750px) 100vw, 750px\" \/> <img loading=\"lazy\" decoding=\"async\" class=\"alignnone size-full wp-image-29335\" src=\"http:\/\/cuttale.com\/wp-content\/uploads\/2026\/02\/\uff08English\uff09-1.jpg\" alt=\"\" width=\"750\" height=\"750\" srcset=\"https:\/\/cuttale.com\/wp-content\/uploads\/2026\/02\/\uff08English\uff09-1.jpg 750w, https:\/\/cuttale.com\/wp-content\/uploads\/2026\/02\/\uff08English\uff09-1-300x300.jpg 300w, https:\/\/cuttale.com\/wp-content\/uploads\/2026\/02\/\uff08English\uff09-1-150x150.jpg 150w, https:\/\/cuttale.com\/wp-content\/uploads\/2026\/02\/\uff08English\uff09-1-430x430.jpg 430w, https:\/\/cuttale.com\/wp-content\/uploads\/2026\/02\/\uff08English\uff09-1-700x700.jpg 700w\" sizes=\"auto, (max-width: 750px) 100vw, 750px\" \/> <img loading=\"lazy\" decoding=\"async\" class=\"alignnone size-full wp-image-29344\" src=\"http:\/\/cuttale.com\/wp-content\/uploads\/2026\/02\/\uff08Japanese\uff09\uff08English\uff09-5-2.jpg\" alt=\"\" width=\"750\" height=\"750\" srcset=\"https:\/\/cuttale.com\/wp-content\/uploads\/2026\/02\/\uff08Japanese\uff09\uff08English\uff09-5-2.jpg 750w, https:\/\/cuttale.com\/wp-content\/uploads\/2026\/02\/\uff08Japanese\uff09\uff08English\uff09-5-2-300x300.jpg 300w, https:\/\/cuttale.com\/wp-content\/uploads\/2026\/02\/\uff08Japanese\uff09\uff08English\uff09-5-2-150x150.jpg 150w, https:\/\/cuttale.com\/wp-content\/uploads\/2026\/02\/\uff08Japanese\uff09\uff08English\uff09-5-2-430x430.jpg 430w, https:\/\/cuttale.com\/wp-content\/uploads\/2026\/02\/\uff08Japanese\uff09\uff08English\uff09-5-2-700x700.jpg 700w\" sizes=\"auto, (max-width: 750px) 100vw, 750px\" \/> <img loading=\"lazy\" decoding=\"async\" class=\"alignnone size-full wp-image-29332\" src=\"http:\/\/cuttale.com\/wp-content\/uploads\/2026\/02\/7-1.jpg\" alt=\"\" width=\"750\" height=\"750\" srcset=\"https:\/\/cuttale.com\/wp-content\/uploads\/2026\/02\/7-1.jpg 750w, https:\/\/cuttale.com\/wp-content\/uploads\/2026\/02\/7-1-300x300.jpg 300w, https:\/\/cuttale.com\/wp-content\/uploads\/2026\/02\/7-1-150x150.jpg 150w, https:\/\/cuttale.com\/wp-content\/uploads\/2026\/02\/7-1-430x430.jpg 430w, https:\/\/cuttale.com\/wp-content\/uploads\/2026\/02\/7-1-700x700.jpg 700w\" sizes=\"auto, (max-width: 750px) 100vw, 750px\" \/> <img loading=\"lazy\" decoding=\"async\" class=\"alignnone size-full wp-image-29333\" src=\"http:\/\/cuttale.com\/wp-content\/uploads\/2026\/02\/8-1.jpg\" alt=\"\" width=\"750\" height=\"750\" srcset=\"https:\/\/cuttale.com\/wp-content\/uploads\/2026\/02\/8-1.jpg 750w, https:\/\/cuttale.com\/wp-content\/uploads\/2026\/02\/8-1-300x300.jpg 300w, https:\/\/cuttale.com\/wp-content\/uploads\/2026\/02\/8-1-150x150.jpg 150w, https:\/\/cuttale.com\/wp-content\/uploads\/2026\/02\/8-1-430x430.jpg 430w, https:\/\/cuttale.com\/wp-content\/uploads\/2026\/02\/8-1-700x700.jpg 700w\" sizes=\"auto, (max-width: 750px) 100vw, 750px\" \/> <img loading=\"lazy\" decoding=\"async\" class=\"alignnone size-full wp-image-29334\" src=\"http:\/\/cuttale.com\/wp-content\/uploads\/2026\/02\/9-1.jpg\" alt=\"\" width=\"750\" height=\"750\" srcset=\"https:\/\/cuttale.com\/wp-content\/uploads\/2026\/02\/9-1.jpg 750w, https:\/\/cuttale.com\/wp-content\/uploads\/2026\/02\/9-1-300x300.jpg 300w, https:\/\/cuttale.com\/wp-content\/uploads\/2026\/02\/9-1-150x150.jpg 150w, https:\/\/cuttale.com\/wp-content\/uploads\/2026\/02\/9-1-430x430.jpg 430w, https:\/\/cuttale.com\/wp-content\/uploads\/2026\/02\/9-1-700x700.jpg 700w\" sizes=\"auto, (max-width: 750px) 100vw, 750px\" \/> <img loading=\"lazy\" decoding=\"async\" class=\"alignnone size-full wp-image-29331\" src=\"http:\/\/cuttale.com\/wp-content\/uploads\/2026\/02\/\uff08Japanese\uff09-24.jpg\" alt=\"\" width=\"750\" height=\"750\" srcset=\"https:\/\/cuttale.com\/wp-content\/uploads\/2026\/02\/\uff08Japanese\uff09-24.jpg 750w, https:\/\/cuttale.com\/wp-content\/uploads\/2026\/02\/\uff08Japanese\uff09-24-300x300.jpg 300w, https:\/\/cuttale.com\/wp-content\/uploads\/2026\/02\/\uff08Japanese\uff09-24-150x150.jpg 150w, https:\/\/cuttale.com\/wp-content\/uploads\/2026\/02\/\uff08Japanese\uff09-24-430x430.jpg 430w, https:\/\/cuttale.com\/wp-content\/uploads\/2026\/02\/\uff08Japanese\uff09-24-700x700.jpg 700w\" sizes=\"auto, (max-width: 750px) 100vw, 750px\" \/> <img loading=\"lazy\" decoding=\"async\" class=\"alignnone size-full wp-image-29345\" src=\"http:\/\/cuttale.com\/wp-content\/uploads\/2026\/02\/\uff08Japanese\uff09\uff08English\uff09-6-2.jpg\" alt=\"\" width=\"750\" height=\"750\" srcset=\"https:\/\/cuttale.com\/wp-content\/uploads\/2026\/02\/\uff08Japanese\uff09\uff08English\uff09-6-2.jpg 750w, https:\/\/cuttale.com\/wp-content\/uploads\/2026\/02\/\uff08Japanese\uff09\uff08English\uff09-6-2-300x300.jpg 300w, https:\/\/cuttale.com\/wp-content\/uploads\/2026\/02\/\uff08Japanese\uff09\uff08English\uff09-6-2-150x150.jpg 150w, https:\/\/cuttale.com\/wp-content\/uploads\/2026\/02\/\uff08Japanese\uff09\uff08English\uff09-6-2-430x430.jpg 430w, https:\/\/cuttale.com\/wp-content\/uploads\/2026\/02\/\uff08Japanese\uff09\uff08English\uff09-6-2-700x700.jpg 700w\" sizes=\"auto, (max-width: 750px) 100vw, 750px\" \/> <img loading=\"lazy\" decoding=\"async\" class=\"alignnone size-full wp-image-29346\" src=\"http:\/\/cuttale.com\/wp-content\/uploads\/2026\/02\/\uff08Japanese\uff09\uff08English\uff09-7-2.jpg\" alt=\"\" width=\"750\" height=\"750\" srcset=\"https:\/\/cuttale.com\/wp-content\/uploads\/2026\/02\/\uff08Japanese\uff09\uff08English\uff09-7-2.jpg 750w, https:\/\/cuttale.com\/wp-content\/uploads\/2026\/02\/\uff08Japanese\uff09\uff08English\uff09-7-2-300x300.jpg 300w, https:\/\/cuttale.com\/wp-content\/uploads\/2026\/02\/\uff08Japanese\uff09\uff08English\uff09-7-2-150x150.jpg 150w, https:\/\/cuttale.com\/wp-content\/uploads\/2026\/02\/\uff08Japanese\uff09\uff08English\uff09-7-2-430x430.jpg 430w, https:\/\/cuttale.com\/wp-content\/uploads\/2026\/02\/\uff08Japanese\uff09\uff08English\uff09-7-2-700x700.jpg 700w\" sizes=\"auto, (max-width: 750px) 100vw, 750px\" \/> <img loading=\"lazy\" decoding=\"async\" class=\"alignnone size-full wp-image-29336\" src=\"http:\/\/cuttale.com\/wp-content\/uploads\/2026\/02\/\uff08Japanese\uff09-2-5.jpg\" alt=\"\" width=\"750\" height=\"750\" srcset=\"https:\/\/cuttale.com\/wp-content\/uploads\/2026\/02\/\uff08Japanese\uff09-2-5.jpg 750w, https:\/\/cuttale.com\/wp-content\/uploads\/2026\/02\/\uff08Japanese\uff09-2-5-300x300.jpg 300w, https:\/\/cuttale.com\/wp-content\/uploads\/2026\/02\/\uff08Japanese\uff09-2-5-150x150.jpg 150w, https:\/\/cuttale.com\/wp-content\/uploads\/2026\/02\/\uff08Japanese\uff09-2-5-430x430.jpg 430w, https:\/\/cuttale.com\/wp-content\/uploads\/2026\/02\/\uff08Japanese\uff09-2-5-700x700.jpg 700w\" sizes=\"auto, (max-width: 750px) 100vw, 750px\" \/> <img loading=\"lazy\" decoding=\"async\" class=\"alignnone size-full wp-image-29337\" src=\"http:\/\/cuttale.com\/wp-content\/uploads\/2026\/02\/\uff08Japanese\uff09-3-5.jpg\" alt=\"\" width=\"750\" height=\"750\" srcset=\"https:\/\/cuttale.com\/wp-content\/uploads\/2026\/02\/\uff08Japanese\uff09-3-5.jpg 750w, https:\/\/cuttale.com\/wp-content\/uploads\/2026\/02\/\uff08Japanese\uff09-3-5-300x300.jpg 300w, https:\/\/cuttale.com\/wp-content\/uploads\/2026\/02\/\uff08Japanese\uff09-3-5-150x150.jpg 150w, https:\/\/cuttale.com\/wp-content\/uploads\/2026\/02\/\uff08Japanese\uff09-3-5-430x430.jpg 430w, https:\/\/cuttale.com\/wp-content\/uploads\/2026\/02\/\uff08Japanese\uff09-3-5-700x700.jpg 700w\" sizes=\"auto, (max-width: 750px) 100vw, 750px\" \/> <img loading=\"lazy\" decoding=\"async\" class=\"alignnone size-full wp-image-29338\" src=\"http:\/\/cuttale.com\/wp-content\/uploads\/2026\/02\/\uff08Japanese\uff09-4-5.jpg\" alt=\"\" width=\"750\" height=\"750\" srcset=\"https:\/\/cuttale.com\/wp-content\/uploads\/2026\/02\/\uff08Japanese\uff09-4-5.jpg 750w, https:\/\/cuttale.com\/wp-content\/uploads\/2026\/02\/\uff08Japanese\uff09-4-5-300x300.jpg 300w, https:\/\/cuttale.com\/wp-content\/uploads\/2026\/02\/\uff08Japanese\uff09-4-5-150x150.jpg 150w, https:\/\/cuttale.com\/wp-content\/uploads\/2026\/02\/\uff08Japanese\uff09-4-5-430x430.jpg 430w, https:\/\/cuttale.com\/wp-content\/uploads\/2026\/02\/\uff08Japanese\uff09-4-5-700x700.jpg 700w\" sizes=\"auto, (max-width: 750px) 100vw, 750px\" \/> <img loading=\"lazy\" decoding=\"async\" class=\"alignnone size-full wp-image-29339\" src=\"http:\/\/cuttale.com\/wp-content\/uploads\/2026\/02\/\uff08Japanese\uff09-5-5.jpg\" alt=\"\" width=\"750\" height=\"750\" srcset=\"https:\/\/cuttale.com\/wp-content\/uploads\/2026\/02\/\uff08Japanese\uff09-5-5.jpg 750w, https:\/\/cuttale.com\/wp-content\/uploads\/2026\/02\/\uff08Japanese\uff09-5-5-300x300.jpg 300w, https:\/\/cuttale.com\/wp-content\/uploads\/2026\/02\/\uff08Japanese\uff09-5-5-150x150.jpg 150w, https:\/\/cuttale.com\/wp-content\/uploads\/2026\/02\/\uff08Japanese\uff09-5-5-430x430.jpg 430w, https:\/\/cuttale.com\/wp-content\/uploads\/2026\/02\/\uff08Japanese\uff09-5-5-700x700.jpg 700w\" sizes=\"auto, (max-width: 750px) 100vw, 750px\" \/> <img loading=\"lazy\" decoding=\"async\" class=\"alignnone size-full wp-image-29340\" src=\"http:\/\/cuttale.com\/wp-content\/uploads\/2026\/02\/\uff08Japanese\uff09-6-5.jpg\" alt=\"\" width=\"750\" height=\"750\" srcset=\"https:\/\/cuttale.com\/wp-content\/uploads\/2026\/02\/\uff08Japanese\uff09-6-5.jpg 750w, https:\/\/cuttale.com\/wp-content\/uploads\/2026\/02\/\uff08Japanese\uff09-6-5-300x300.jpg 300w, https:\/\/cuttale.com\/wp-content\/uploads\/2026\/02\/\uff08Japanese\uff09-6-5-150x150.jpg 150w, https:\/\/cuttale.com\/wp-content\/uploads\/2026\/02\/\uff08Japanese\uff09-6-5-430x430.jpg 430w, https:\/\/cuttale.com\/wp-content\/uploads\/2026\/02\/\uff08Japanese\uff09-6-5-700x700.jpg 700w\" sizes=\"auto, (max-width: 750px) 100vw, 750px\" \/> <img loading=\"lazy\" decoding=\"async\" class=\"alignnone size-full wp-image-29347\" src=\"http:\/\/cuttale.com\/wp-content\/uploads\/2026\/02\/\uff08Japanese\uff09\uff08English\uff09-8-2.jpg\" alt=\"\" width=\"750\" height=\"750\" srcset=\"https:\/\/cuttale.com\/wp-content\/uploads\/2026\/02\/\uff08Japanese\uff09\uff08English\uff09-8-2.jpg 750w, https:\/\/cuttale.com\/wp-content\/uploads\/2026\/02\/\uff08Japanese\uff09\uff08English\uff09-8-2-300x300.jpg 300w, https:\/\/cuttale.com\/wp-content\/uploads\/2026\/02\/\uff08Japanese\uff09\uff08English\uff09-8-2-150x150.jpg 150w, https:\/\/cuttale.com\/wp-content\/uploads\/2026\/02\/\uff08Japanese\uff09\uff08English\uff09-8-2-430x430.jpg 430w, https:\/\/cuttale.com\/wp-content\/uploads\/2026\/02\/\uff08Japanese\uff09\uff08English\uff09-8-2-700x700.jpg 700w\" sizes=\"auto, (max-width: 750px) 100vw, 750px\" \/> <img loading=\"lazy\" decoding=\"async\" class=\"alignnone size-full wp-image-29348\" src=\"http:\/\/cuttale.com\/wp-content\/uploads\/2026\/02\/\uff08Japanese\uff09\uff08English\uff09-9-2.jpg\" alt=\"\" width=\"750\" height=\"750\" srcset=\"https:\/\/cuttale.com\/wp-content\/uploads\/2026\/02\/\uff08Japanese\uff09\uff08English\uff09-9-2.jpg 750w, https:\/\/cuttale.com\/wp-content\/uploads\/2026\/02\/\uff08Japanese\uff09\uff08English\uff09-9-2-300x300.jpg 300w, https:\/\/cuttale.com\/wp-content\/uploads\/2026\/02\/\uff08Japanese\uff09\uff08English\uff09-9-2-150x150.jpg 150w, https:\/\/cuttale.com\/wp-content\/uploads\/2026\/02\/\uff08Japanese\uff09\uff08English\uff09-9-2-430x430.jpg 430w, https:\/\/cuttale.com\/wp-content\/uploads\/2026\/02\/\uff08Japanese\uff09\uff08English\uff09-9-2-700x700.jpg 700w\" sizes=\"auto, (max-width: 750px) 100vw, 750px\" \/> <img loading=\"lazy\" decoding=\"async\" class=\"alignnone size-full wp-image-29470\" src=\"http:\/\/cuttale.com\/wp-content\/uploads\/2026\/02\/6-3.jpg\" alt=\"\" width=\"750\" height=\"750\" srcset=\"https:\/\/cuttale.com\/wp-content\/uploads\/2026\/02\/6-3.jpg 750w, https:\/\/cuttale.com\/wp-content\/uploads\/2026\/02\/6-3-300x300.jpg 300w, https:\/\/cuttale.com\/wp-content\/uploads\/2026\/02\/6-3-150x150.jpg 150w, https:\/\/cuttale.com\/wp-content\/uploads\/2026\/02\/6-3-430x430.jpg 430w, https:\/\/cuttale.com\/wp-content\/uploads\/2026\/02\/6-3-700x700.jpg 700w\" sizes=\"auto, (max-width: 750px) 100vw, 750px\" \/> <img loading=\"lazy\" decoding=\"async\" class=\"alignnone size-full wp-image-29349\" src=\"http:\/\/cuttale.com\/wp-content\/uploads\/2026\/02\/\uff08Japanese\uff09\uff08English\uff09-10-1.jpg\" alt=\"\" width=\"750\" height=\"750\" srcset=\"https:\/\/cuttale.com\/wp-content\/uploads\/2026\/02\/\uff08Japanese\uff09\uff08English\uff09-10-1.jpg 750w, https:\/\/cuttale.com\/wp-content\/uploads\/2026\/02\/\uff08Japanese\uff09\uff08English\uff09-10-1-300x300.jpg 300w, https:\/\/cuttale.com\/wp-content\/uploads\/2026\/02\/\uff08Japanese\uff09\uff08English\uff09-10-1-150x150.jpg 150w, https:\/\/cuttale.com\/wp-content\/uploads\/2026\/02\/\uff08Japanese\uff09\uff08English\uff09-10-1-430x430.jpg 430w, https:\/\/cuttale.com\/wp-content\/uploads\/2026\/02\/\uff08Japanese\uff09\uff08English\uff09-10-1-700x700.jpg 700w\" sizes=\"auto, (max-width: 750px) 100vw, 750px\" \/> <img loading=\"lazy\" decoding=\"async\" class=\"alignnone size-full wp-image-29350\" src=\"http:\/\/cuttale.com\/wp-content\/uploads\/2026\/02\/\uff08Japanese\uff09\uff08English\uff09-11-1.jpg\" alt=\"\" width=\"750\" height=\"750\" srcset=\"https:\/\/cuttale.com\/wp-content\/uploads\/2026\/02\/\uff08Japanese\uff09\uff08English\uff09-11-1.jpg 750w, https:\/\/cuttale.com\/wp-content\/uploads\/2026\/02\/\uff08Japanese\uff09\uff08English\uff09-11-1-300x300.jpg 300w, https:\/\/cuttale.com\/wp-content\/uploads\/2026\/02\/\uff08Japanese\uff09\uff08English\uff09-11-1-150x150.jpg 150w, https:\/\/cuttale.com\/wp-content\/uploads\/2026\/02\/\uff08Japanese\uff09\uff08English\uff09-11-1-430x430.jpg 430w, https:\/\/cuttale.com\/wp-content\/uploads\/2026\/02\/\uff08Japanese\uff09\uff08English\uff09-11-1-700x700.jpg 700w\" sizes=\"auto, (max-width: 750px) 100vw, 750px\" \/><\/p>","protected":false},"excerpt":{"rendered":"<ul>\n<li><strong>Date d'arriv\u00e9e : livraison pr\u00e9vue dans les 30 jours.<\/strong><\/li>\n<li><strong>P\u00e9riode de retour : s'agissant d'un produit sur mesure, les retours et les remboursements ne sont pas accept\u00e9s.<\/strong><strong>Le vendeur se chargera de la r\u00e9exp\u00e9dition uniquement en cas de marchandises endommag\u00e9es.<\/strong><\/li>\n<li><strong>Exp\u00e9dition : Ce produit n'est pas inclus dans les frais d'exp\u00e9dition.<\/strong><\/li>\n<li><strong>Frais de retour : Les frais de retour sont \u00e0 la charge du client.<\/strong><\/li>\n<li><strong>Retours : ce produit n'est pas retournable.<\/strong><\/li>\n<\/ul>","protected":false},"featured_media":29330,"comment_status":"open","ping_status":"closed","template":"","meta":[],"product_brand":[],"product_cat":[75],"product_tag":[],"class_list":{"0":"post-29329","1":"product","2":"type-product","3":"status-publish","4":"has-post-thumbnail","6":"product_cat--3d-","8":"first","9":"instock","10":"sale","11":"shipping-taxable","12":"purchasable","13":"product-type-variable","14":"wvs-archive-product-wrapper"},"_links":{"self":[{"href":"https:\/\/cuttale.com\/fr\/wp-json\/wp\/v2\/product\/29329","targetHints":{"allow":["GET"]}}],"collection":[{"href":"https:\/\/cuttale.com\/fr\/wp-json\/wp\/v2\/product"}],"about":[{"href":"https:\/\/cuttale.com\/fr\/wp-json\/wp\/v2\/types\/product"}],"replies":[{"embeddable":true,"href":"https:\/\/cuttale.com\/fr\/wp-json\/wp\/v2\/comments?post=29329"}],"version-history":[{"count":0,"href":"https:\/\/cuttale.com\/fr\/wp-json\/wp\/v2\/product\/29329\/revisions"}],"wp:featuredmedia":[{"embeddable":true,"href":"https:\/\/cuttale.com\/fr\/wp-json\/wp\/v2\/media\/29330"}],"wp:attachment":[{"href":"https:\/\/cuttale.com\/fr\/wp-json\/wp\/v2\/media?parent=29329"}],"wp:term":[{"taxonomy":"product_brand","embeddable":true,"href":"https:\/\/cuttale.com\/fr\/wp-json\/wp\/v2\/product_brand?post=29329"},{"taxonomy":"product_cat","embeddable":true,"href":"https:\/\/cuttale.com\/fr\/wp-json\/wp\/v2\/product_cat?post=29329"},{"taxonomy":"product_tag","embeddable":true,"href":"https:\/\/cuttale.com\/fr\/wp-json\/wp\/v2\/product_tag?post=29329"}],"curies":[{"name":"wp","href":"https:\/\/api.w.org\/{rel}","templated":true}]}}