{"id":29599,"date":"2026-03-14T01:00:47","date_gmt":"2026-03-13T17:00:47","guid":{"rendered":"https:\/\/cuttale.com\/?post_type=product&#038;p=29599"},"modified":"2026-03-20T15:34:35","modified_gmt":"2026-03-20T07:34:35","slug":"q%e7%89%88%e3%83%89%e3%83%aa%e3%83%bc%e3%83%9e%e3%83%bc3d%e3%82%ab%e3%82%b9%e3%82%bf%e3%83%9e%e3%82%a4%e3%82%ba","status":"publish","type":"product","link":"https:\/\/cuttale.com\/fr\/produit\/q%e7%89%88%e3%83%89%e3%83%aa%e3%83%bc%e3%83%9e%e3%83%bc3d%e3%82%ab%e3%82%b9%e3%82%bf%e3%83%9e%e3%82%a4%e3%82%ba\/","title":{"rendered":"Q Version Dreamer Personnalisation en 3D."},"content":{"rendered":"<p><img loading=\"lazy\" decoding=\"async\" class=\"alignnone size-full wp-image-29611\" src=\"http:\/\/cuttale.com\/wp-content\/uploads\/2026\/02\/\uff08Japanese\uff09\uff08English\uff09-2-5.jpg\" alt=\"\" width=\"750\" height=\"750\" srcset=\"https:\/\/cuttale.com\/wp-content\/uploads\/2026\/02\/\uff08Japanese\uff09\uff08English\uff09-2-5.jpg 750w, https:\/\/cuttale.com\/wp-content\/uploads\/2026\/02\/\uff08Japanese\uff09\uff08English\uff09-2-5-300x300.jpg 300w, https:\/\/cuttale.com\/wp-content\/uploads\/2026\/02\/\uff08Japanese\uff09\uff08English\uff09-2-5-150x150.jpg 150w, https:\/\/cuttale.com\/wp-content\/uploads\/2026\/02\/\uff08Japanese\uff09\uff08English\uff09-2-5-430x430.jpg 430w, https:\/\/cuttale.com\/wp-content\/uploads\/2026\/02\/\uff08Japanese\uff09\uff08English\uff09-2-5-700x700.jpg 700w\" sizes=\"auto, (max-width: 750px) 100vw, 750px\" \/> <img loading=\"lazy\" decoding=\"async\" class=\"alignnone size-full wp-image-29612\" src=\"http:\/\/cuttale.com\/wp-content\/uploads\/2026\/02\/\uff08Japanese\uff09\uff08English\uff09-3-5.jpg\" alt=\"\" width=\"750\" height=\"750\" srcset=\"https:\/\/cuttale.com\/wp-content\/uploads\/2026\/02\/\uff08Japanese\uff09\uff08English\uff09-3-5.jpg 750w, https:\/\/cuttale.com\/wp-content\/uploads\/2026\/02\/\uff08Japanese\uff09\uff08English\uff09-3-5-300x300.jpg 300w, https:\/\/cuttale.com\/wp-content\/uploads\/2026\/02\/\uff08Japanese\uff09\uff08English\uff09-3-5-150x150.jpg 150w, https:\/\/cuttale.com\/wp-content\/uploads\/2026\/02\/\uff08Japanese\uff09\uff08English\uff09-3-5-430x430.jpg 430w, https:\/\/cuttale.com\/wp-content\/uploads\/2026\/02\/\uff08Japanese\uff09\uff08English\uff09-3-5-700x700.jpg 700w\" sizes=\"auto, (max-width: 750px) 100vw, 750px\" \/> <img loading=\"lazy\" decoding=\"async\" class=\"alignnone size-full wp-image-29613\" src=\"http:\/\/cuttale.com\/wp-content\/uploads\/2026\/02\/\uff08Japanese\uff09\uff08English\uff09-4-5.jpg\" alt=\"\" width=\"750\" height=\"750\" srcset=\"https:\/\/cuttale.com\/wp-content\/uploads\/2026\/02\/\uff08Japanese\uff09\uff08English\uff09-4-5.jpg 750w, https:\/\/cuttale.com\/wp-content\/uploads\/2026\/02\/\uff08Japanese\uff09\uff08English\uff09-4-5-300x300.jpg 300w, https:\/\/cuttale.com\/wp-content\/uploads\/2026\/02\/\uff08Japanese\uff09\uff08English\uff09-4-5-150x150.jpg 150w, https:\/\/cuttale.com\/wp-content\/uploads\/2026\/02\/\uff08Japanese\uff09\uff08English\uff09-4-5-430x430.jpg 430w, https:\/\/cuttale.com\/wp-content\/uploads\/2026\/02\/\uff08Japanese\uff09\uff08English\uff09-4-5-700x700.jpg 700w\" sizes=\"auto, (max-width: 750px) 100vw, 750px\" \/> <img loading=\"lazy\" decoding=\"async\" class=\"alignnone size-full wp-image-29614\" src=\"http:\/\/cuttale.com\/wp-content\/uploads\/2026\/02\/\uff08Japanese\uff09\uff08English\uff09-5-5.jpg\" alt=\"\" width=\"750\" height=\"750\" srcset=\"https:\/\/cuttale.com\/wp-content\/uploads\/2026\/02\/\uff08Japanese\uff09\uff08English\uff09-5-5.jpg 750w, https:\/\/cuttale.com\/wp-content\/uploads\/2026\/02\/\uff08Japanese\uff09\uff08English\uff09-5-5-300x300.jpg 300w, https:\/\/cuttale.com\/wp-content\/uploads\/2026\/02\/\uff08Japanese\uff09\uff08English\uff09-5-5-150x150.jpg 150w, https:\/\/cuttale.com\/wp-content\/uploads\/2026\/02\/\uff08Japanese\uff09\uff08English\uff09-5-5-430x430.jpg 430w, https:\/\/cuttale.com\/wp-content\/uploads\/2026\/02\/\uff08Japanese\uff09\uff08English\uff09-5-5-700x700.jpg 700w\" sizes=\"auto, (max-width: 750px) 100vw, 750px\" \/> <img loading=\"lazy\" decoding=\"async\" class=\"alignnone size-full wp-image-29624\" src=\"http:\/\/cuttale.com\/wp-content\/uploads\/2026\/02\/\uff08Japanese\uff09-29.jpg\" alt=\"\" width=\"750\" height=\"750\" srcset=\"https:\/\/cuttale.com\/wp-content\/uploads\/2026\/02\/\uff08Japanese\uff09-29.jpg 750w, https:\/\/cuttale.com\/wp-content\/uploads\/2026\/02\/\uff08Japanese\uff09-29-300x300.jpg 300w, https:\/\/cuttale.com\/wp-content\/uploads\/2026\/02\/\uff08Japanese\uff09-29-150x150.jpg 150w, https:\/\/cuttale.com\/wp-content\/uploads\/2026\/02\/\uff08Japanese\uff09-29-430x430.jpg 430w, https:\/\/cuttale.com\/wp-content\/uploads\/2026\/02\/\uff08Japanese\uff09-29-700x700.jpg 700w\" sizes=\"auto, (max-width: 750px) 100vw, 750px\" \/> <img loading=\"lazy\" decoding=\"async\" class=\"alignnone size-full wp-image-29615\" src=\"http:\/\/cuttale.com\/wp-content\/uploads\/2026\/02\/\uff08Japanese\uff09\uff08English\uff09-6-5.jpg\" alt=\"\" width=\"750\" height=\"750\" srcset=\"https:\/\/cuttale.com\/wp-content\/uploads\/2026\/02\/\uff08Japanese\uff09\uff08English\uff09-6-5.jpg 750w, https:\/\/cuttale.com\/wp-content\/uploads\/2026\/02\/\uff08Japanese\uff09\uff08English\uff09-6-5-300x300.jpg 300w, https:\/\/cuttale.com\/wp-content\/uploads\/2026\/02\/\uff08Japanese\uff09\uff08English\uff09-6-5-150x150.jpg 150w, https:\/\/cuttale.com\/wp-content\/uploads\/2026\/02\/\uff08Japanese\uff09\uff08English\uff09-6-5-430x430.jpg 430w, https:\/\/cuttale.com\/wp-content\/uploads\/2026\/02\/\uff08Japanese\uff09\uff08English\uff09-6-5-700x700.jpg 700w\" sizes=\"auto, (max-width: 750px) 100vw, 750px\" \/> <img loading=\"lazy\" decoding=\"async\" class=\"alignnone size-full wp-image-29616\" src=\"http:\/\/cuttale.com\/wp-content\/uploads\/2026\/02\/\uff08Japanese\uff09\uff08English\uff09-7-5.jpg\" alt=\"\" width=\"750\" height=\"750\" srcset=\"https:\/\/cuttale.com\/wp-content\/uploads\/2026\/02\/\uff08Japanese\uff09\uff08English\uff09-7-5.jpg 750w, https:\/\/cuttale.com\/wp-content\/uploads\/2026\/02\/\uff08Japanese\uff09\uff08English\uff09-7-5-300x300.jpg 300w, https:\/\/cuttale.com\/wp-content\/uploads\/2026\/02\/\uff08Japanese\uff09\uff08English\uff09-7-5-150x150.jpg 150w, https:\/\/cuttale.com\/wp-content\/uploads\/2026\/02\/\uff08Japanese\uff09\uff08English\uff09-7-5-430x430.jpg 430w, https:\/\/cuttale.com\/wp-content\/uploads\/2026\/02\/\uff08Japanese\uff09\uff08English\uff09-7-5-700x700.jpg 700w\" sizes=\"auto, (max-width: 750px) 100vw, 750px\" \/> <img loading=\"lazy\" decoding=\"async\" class=\"alignnone size-full wp-image-29606\" src=\"http:\/\/cuttale.com\/wp-content\/uploads\/2026\/02\/\uff08Japanese\uff09-2-9.jpg\" alt=\"\" width=\"750\" height=\"750\" srcset=\"https:\/\/cuttale.com\/wp-content\/uploads\/2026\/02\/\uff08Japanese\uff09-2-9.jpg 750w, https:\/\/cuttale.com\/wp-content\/uploads\/2026\/02\/\uff08Japanese\uff09-2-9-300x300.jpg 300w, https:\/\/cuttale.com\/wp-content\/uploads\/2026\/02\/\uff08Japanese\uff09-2-9-150x150.jpg 150w, https:\/\/cuttale.com\/wp-content\/uploads\/2026\/02\/\uff08Japanese\uff09-2-9-430x430.jpg 430w, https:\/\/cuttale.com\/wp-content\/uploads\/2026\/02\/\uff08Japanese\uff09-2-9-700x700.jpg 700w\" sizes=\"auto, (max-width: 750px) 100vw, 750px\" \/> <img loading=\"lazy\" decoding=\"async\" class=\"alignnone size-full wp-image-29607\" src=\"http:\/\/cuttale.com\/wp-content\/uploads\/2026\/02\/\uff08Japanese\uff09-3-9.jpg\" alt=\"\" width=\"750\" height=\"750\" srcset=\"https:\/\/cuttale.com\/wp-content\/uploads\/2026\/02\/\uff08Japanese\uff09-3-9.jpg 750w, https:\/\/cuttale.com\/wp-content\/uploads\/2026\/02\/\uff08Japanese\uff09-3-9-300x300.jpg 300w, https:\/\/cuttale.com\/wp-content\/uploads\/2026\/02\/\uff08Japanese\uff09-3-9-150x150.jpg 150w, https:\/\/cuttale.com\/wp-content\/uploads\/2026\/02\/\uff08Japanese\uff09-3-9-430x430.jpg 430w, https:\/\/cuttale.com\/wp-content\/uploads\/2026\/02\/\uff08Japanese\uff09-3-9-700x700.jpg 700w\" sizes=\"auto, (max-width: 750px) 100vw, 750px\" \/> <img loading=\"lazy\" decoding=\"async\" class=\"alignnone size-full wp-image-29617\" src=\"http:\/\/cuttale.com\/wp-content\/uploads\/2026\/02\/\uff08Japanese\uff09\uff08English\uff09-8-5.jpg\" alt=\"\" width=\"750\" height=\"750\" srcset=\"https:\/\/cuttale.com\/wp-content\/uploads\/2026\/02\/\uff08Japanese\uff09\uff08English\uff09-8-5.jpg 750w, https:\/\/cuttale.com\/wp-content\/uploads\/2026\/02\/\uff08Japanese\uff09\uff08English\uff09-8-5-300x300.jpg 300w, https:\/\/cuttale.com\/wp-content\/uploads\/2026\/02\/\uff08Japanese\uff09\uff08English\uff09-8-5-150x150.jpg 150w, https:\/\/cuttale.com\/wp-content\/uploads\/2026\/02\/\uff08Japanese\uff09\uff08English\uff09-8-5-430x430.jpg 430w, https:\/\/cuttale.com\/wp-content\/uploads\/2026\/02\/\uff08Japanese\uff09\uff08English\uff09-8-5-700x700.jpg 700w\" sizes=\"auto, (max-width: 750px) 100vw, 750px\" \/> <img loading=\"lazy\" decoding=\"async\" class=\"alignnone size-full wp-image-29608\" src=\"http:\/\/cuttale.com\/wp-content\/uploads\/2026\/02\/\uff08Japanese\uff09-4-9.jpg\" alt=\"\" width=\"750\" height=\"750\" srcset=\"https:\/\/cuttale.com\/wp-content\/uploads\/2026\/02\/\uff08Japanese\uff09-4-9.jpg 750w, https:\/\/cuttale.com\/wp-content\/uploads\/2026\/02\/\uff08Japanese\uff09-4-9-300x300.jpg 300w, https:\/\/cuttale.com\/wp-content\/uploads\/2026\/02\/\uff08Japanese\uff09-4-9-150x150.jpg 150w, https:\/\/cuttale.com\/wp-content\/uploads\/2026\/02\/\uff08Japanese\uff09-4-9-430x430.jpg 430w, https:\/\/cuttale.com\/wp-content\/uploads\/2026\/02\/\uff08Japanese\uff09-4-9-700x700.jpg 700w\" sizes=\"auto, (max-width: 750px) 100vw, 750px\" \/> <img loading=\"lazy\" decoding=\"async\" class=\"alignnone size-full wp-image-29618\" src=\"http:\/\/cuttale.com\/wp-content\/uploads\/2026\/02\/\uff08Japanese\uff09\uff08English\uff09-9-5.jpg\" alt=\"\" width=\"750\" height=\"750\" srcset=\"https:\/\/cuttale.com\/wp-content\/uploads\/2026\/02\/\uff08Japanese\uff09\uff08English\uff09-9-5.jpg 750w, https:\/\/cuttale.com\/wp-content\/uploads\/2026\/02\/\uff08Japanese\uff09\uff08English\uff09-9-5-300x300.jpg 300w, https:\/\/cuttale.com\/wp-content\/uploads\/2026\/02\/\uff08Japanese\uff09\uff08English\uff09-9-5-150x150.jpg 150w, https:\/\/cuttale.com\/wp-content\/uploads\/2026\/02\/\uff08Japanese\uff09\uff08English\uff09-9-5-430x430.jpg 430w, https:\/\/cuttale.com\/wp-content\/uploads\/2026\/02\/\uff08Japanese\uff09\uff08English\uff09-9-5-700x700.jpg 700w\" sizes=\"auto, (max-width: 750px) 100vw, 750px\" \/> <img loading=\"lazy\" decoding=\"async\" class=\"alignnone size-full wp-image-29619\" src=\"http:\/\/cuttale.com\/wp-content\/uploads\/2026\/02\/\uff08Japanese\uff09\uff08English\uff09-10-4.jpg\" alt=\"\" width=\"750\" height=\"750\" srcset=\"https:\/\/cuttale.com\/wp-content\/uploads\/2026\/02\/\uff08Japanese\uff09\uff08English\uff09-10-4.jpg 750w, https:\/\/cuttale.com\/wp-content\/uploads\/2026\/02\/\uff08Japanese\uff09\uff08English\uff09-10-4-300x300.jpg 300w, https:\/\/cuttale.com\/wp-content\/uploads\/2026\/02\/\uff08Japanese\uff09\uff08English\uff09-10-4-150x150.jpg 150w, https:\/\/cuttale.com\/wp-content\/uploads\/2026\/02\/\uff08Japanese\uff09\uff08English\uff09-10-4-430x430.jpg 430w, https:\/\/cuttale.com\/wp-content\/uploads\/2026\/02\/\uff08Japanese\uff09\uff08English\uff09-10-4-700x700.jpg 700w\" sizes=\"auto, (max-width: 750px) 100vw, 750px\" \/> <img loading=\"lazy\" decoding=\"async\" class=\"alignnone size-full wp-image-29620\" src=\"http:\/\/cuttale.com\/wp-content\/uploads\/2026\/02\/\uff08Japanese\uff09\uff08English\uff09-11-4.jpg\" alt=\"\" width=\"750\" height=\"750\" srcset=\"https:\/\/cuttale.com\/wp-content\/uploads\/2026\/02\/\uff08Japanese\uff09\uff08English\uff09-11-4.jpg 750w, https:\/\/cuttale.com\/wp-content\/uploads\/2026\/02\/\uff08Japanese\uff09\uff08English\uff09-11-4-300x300.jpg 300w, https:\/\/cuttale.com\/wp-content\/uploads\/2026\/02\/\uff08Japanese\uff09\uff08English\uff09-11-4-150x150.jpg 150w, https:\/\/cuttale.com\/wp-content\/uploads\/2026\/02\/\uff08Japanese\uff09\uff08English\uff09-11-4-430x430.jpg 430w, https:\/\/cuttale.com\/wp-content\/uploads\/2026\/02\/\uff08Japanese\uff09\uff08English\uff09-11-4-700x700.jpg 700w\" sizes=\"auto, (max-width: 750px) 100vw, 750px\" \/> <img loading=\"lazy\" decoding=\"async\" class=\"alignnone size-full wp-image-29621\" src=\"http:\/\/cuttale.com\/wp-content\/uploads\/2026\/02\/\uff08Japanese\uff09\uff08English\uff09-12-2.jpg\" alt=\"\" width=\"750\" height=\"750\" srcset=\"https:\/\/cuttale.com\/wp-content\/uploads\/2026\/02\/\uff08Japanese\uff09\uff08English\uff09-12-2.jpg 750w, https:\/\/cuttale.com\/wp-content\/uploads\/2026\/02\/\uff08Japanese\uff09\uff08English\uff09-12-2-300x300.jpg 300w, https:\/\/cuttale.com\/wp-content\/uploads\/2026\/02\/\uff08Japanese\uff09\uff08English\uff09-12-2-150x150.jpg 150w, https:\/\/cuttale.com\/wp-content\/uploads\/2026\/02\/\uff08Japanese\uff09\uff08English\uff09-12-2-430x430.jpg 430w, https:\/\/cuttale.com\/wp-content\/uploads\/2026\/02\/\uff08Japanese\uff09\uff08English\uff09-12-2-700x700.jpg 700w\" sizes=\"auto, (max-width: 750px) 100vw, 750px\" \/> <img loading=\"lazy\" decoding=\"async\" class=\"alignnone size-full wp-image-29622\" src=\"http:\/\/cuttale.com\/wp-content\/uploads\/2026\/02\/\uff08Japanese\uff09\uff08English\uff09-13-1.jpg\" alt=\"\" width=\"750\" height=\"750\" srcset=\"https:\/\/cuttale.com\/wp-content\/uploads\/2026\/02\/\uff08Japanese\uff09\uff08English\uff09-13-1.jpg 750w, https:\/\/cuttale.com\/wp-content\/uploads\/2026\/02\/\uff08Japanese\uff09\uff08English\uff09-13-1-300x300.jpg 300w, https:\/\/cuttale.com\/wp-content\/uploads\/2026\/02\/\uff08Japanese\uff09\uff08English\uff09-13-1-150x150.jpg 150w, https:\/\/cuttale.com\/wp-content\/uploads\/2026\/02\/\uff08Japanese\uff09\uff08English\uff09-13-1-430x430.jpg 430w, https:\/\/cuttale.com\/wp-content\/uploads\/2026\/02\/\uff08Japanese\uff09\uff08English\uff09-13-1-700x700.jpg 700w\" sizes=\"auto, (max-width: 750px) 100vw, 750px\" \/> \u00a0<img loading=\"lazy\" decoding=\"async\" class=\"alignnone size-full wp-image-29609\" src=\"http:\/\/cuttale.com\/wp-content\/uploads\/2026\/02\/\uff08Japanese\uff09-5-9.jpg\" alt=\"\" width=\"750\" height=\"750\" srcset=\"https:\/\/cuttale.com\/wp-content\/uploads\/2026\/02\/\uff08Japanese\uff09-5-9.jpg 750w, https:\/\/cuttale.com\/wp-content\/uploads\/2026\/02\/\uff08Japanese\uff09-5-9-300x300.jpg 300w, https:\/\/cuttale.com\/wp-content\/uploads\/2026\/02\/\uff08Japanese\uff09-5-9-150x150.jpg 150w, https:\/\/cuttale.com\/wp-content\/uploads\/2026\/02\/\uff08Japanese\uff09-5-9-430x430.jpg 430w, https:\/\/cuttale.com\/wp-content\/uploads\/2026\/02\/\uff08Japanese\uff09-5-9-700x700.jpg 700w\" sizes=\"auto, (max-width: 750px) 100vw, 750px\" \/> <img loading=\"lazy\" decoding=\"async\" class=\"alignnone size-full wp-image-29610\" src=\"http:\/\/cuttale.com\/wp-content\/uploads\/2026\/02\/\uff08Japanese\uff09-6-9.jpg\" alt=\"\" width=\"750\" height=\"750\" srcset=\"https:\/\/cuttale.com\/wp-content\/uploads\/2026\/02\/\uff08Japanese\uff09-6-9.jpg 750w, https:\/\/cuttale.com\/wp-content\/uploads\/2026\/02\/\uff08Japanese\uff09-6-9-300x300.jpg 300w, https:\/\/cuttale.com\/wp-content\/uploads\/2026\/02\/\uff08Japanese\uff09-6-9-150x150.jpg 150w, https:\/\/cuttale.com\/wp-content\/uploads\/2026\/02\/\uff08Japanese\uff09-6-9-430x430.jpg 430w, https:\/\/cuttale.com\/wp-content\/uploads\/2026\/02\/\uff08Japanese\uff09-6-9-700x700.jpg 700w\" sizes=\"auto, (max-width: 750px) 100vw, 750px\" \/><\/p>","protected":false},"excerpt":{"rendered":"<ul>\n<li><strong>Date d'arriv\u00e9e : livraison pr\u00e9vue dans les 30 jours.<\/strong><\/li>\n<li><strong>P\u00e9riode de retour : s'agissant d'un produit sur mesure, les retours et les remboursements ne sont pas accept\u00e9s.<\/strong><strong>Le vendeur se chargera de la r\u00e9exp\u00e9dition uniquement en cas de marchandises endommag\u00e9es.<\/strong><\/li>\n<li><strong>Exp\u00e9dition : Ce produit n'est pas inclus dans les frais d'exp\u00e9dition.<\/strong><\/li>\n<li><strong>Frais de retour : Les frais de retour sont \u00e0 la charge du client.<\/strong><\/li>\n<li><strong>Retours : ce produit n'est pas retournable.<\/strong><\/li>\n<\/ul>","protected":false},"featured_media":29605,"comment_status":"open","ping_status":"closed","template":"","meta":[],"product_brand":[],"product_cat":[75,101],"product_tag":[],"class_list":{"0":"post-29599","1":"product","2":"type-product","3":"status-publish","4":"has-post-thumbnail","6":"product_cat-3d-","7":"product_cat-q","9":"first","10":"instock","11":"sale","12":"shipping-taxable","13":"purchasable","14":"product-type-variable"},"_links":{"self":[{"href":"https:\/\/cuttale.com\/fr\/wp-json\/wp\/v2\/product\/29599","targetHints":{"allow":["GET"]}}],"collection":[{"href":"https:\/\/cuttale.com\/fr\/wp-json\/wp\/v2\/product"}],"about":[{"href":"https:\/\/cuttale.com\/fr\/wp-json\/wp\/v2\/types\/product"}],"replies":[{"embeddable":true,"href":"https:\/\/cuttale.com\/fr\/wp-json\/wp\/v2\/comments?post=29599"}],"version-history":[{"count":0,"href":"https:\/\/cuttale.com\/fr\/wp-json\/wp\/v2\/product\/29599\/revisions"}],"wp:featuredmedia":[{"embeddable":true,"href":"https:\/\/cuttale.com\/fr\/wp-json\/wp\/v2\/media\/29605"}],"wp:attachment":[{"href":"https:\/\/cuttale.com\/fr\/wp-json\/wp\/v2\/media?parent=29599"}],"wp:term":[{"taxonomy":"product_brand","embeddable":true,"href":"https:\/\/cuttale.com\/fr\/wp-json\/wp\/v2\/product_brand?post=29599"},{"taxonomy":"product_cat","embeddable":true,"href":"https:\/\/cuttale.com\/fr\/wp-json\/wp\/v2\/product_cat?post=29599"},{"taxonomy":"product_tag","embeddable":true,"href":"https:\/\/cuttale.com\/fr\/wp-json\/wp\/v2\/product_tag?post=29599"}],"curies":[{"name":"wp","href":"https:\/\/api.w.org\/{rel}","templated":true}]}}