{"id":29238,"date":"2026-03-13T08:02:41","date_gmt":"2026-03-13T00:02:41","guid":{"rendered":"https:\/\/cuttale.com\/?post_type=product&#038;p=29238"},"modified":"2026-04-21T03:25:08","modified_gmt":"2026-04-20T19:25:08","slug":"%e3%82%ab%e3%82%b9%e3%82%bf%e3%83%a0-3d%e3%83%ac%e3%83%aa%e3%83%bc%e3%83%95","status":"publish","type":"product","link":"https:\/\/cuttale.com\/pt\/produto\/%e3%82%ab%e3%82%b9%e3%82%bf%e3%83%a0-3d%e3%83%ac%e3%83%aa%e3%83%bc%e3%83%95\/","title":{"rendered":"\u00cdmanes de frigor\u00edfico 3D personalizados"},"content":{"rendered":"<div>\n<div>\n<div>\n<p><img loading=\"lazy\" decoding=\"async\" class=\"alignnone size-full wp-image-29246\" src=\"http:\/\/cuttale.com\/wp-content\/uploads\/2026\/02\/\uff08Japanese\uff09\uff08English\uff09\u5b9a\u5236\u5b9e\u7269\u53ca\u5b9a\u5236\u533a\u57df\u5bf9\u6bd4\u56fe-2.jpg\" alt=\"\" width=\"750\" height=\"750\" srcset=\"https:\/\/cuttale.com\/wp-content\/uploads\/2026\/02\/\uff08Japanese\uff09\uff08English\uff09\u5b9a\u5236\u5b9e\u7269\u53ca\u5b9a\u5236\u533a\u57df\u5bf9\u6bd4\u56fe-2.jpg 750w, https:\/\/cuttale.com\/wp-content\/uploads\/2026\/02\/\uff08Japanese\uff09\uff08English\uff09\u5b9a\u5236\u5b9e\u7269\u53ca\u5b9a\u5236\u533a\u57df\u5bf9\u6bd4\u56fe-2-300x300.jpg 300w, https:\/\/cuttale.com\/wp-content\/uploads\/2026\/02\/\uff08Japanese\uff09\uff08English\uff09\u5b9a\u5236\u5b9e\u7269\u53ca\u5b9a\u5236\u533a\u57df\u5bf9\u6bd4\u56fe-2-150x150.jpg 150w, https:\/\/cuttale.com\/wp-content\/uploads\/2026\/02\/\uff08Japanese\uff09\uff08English\uff09\u5b9a\u5236\u5b9e\u7269\u53ca\u5b9a\u5236\u533a\u57df\u5bf9\u6bd4\u56fe-2-430x430.jpg 430w, https:\/\/cuttale.com\/wp-content\/uploads\/2026\/02\/\uff08Japanese\uff09\uff08English\uff09\u5b9a\u5236\u5b9e\u7269\u53ca\u5b9a\u5236\u533a\u57df\u5bf9\u6bd4\u56fe-2-700x700.jpg 700w\" sizes=\"auto, (max-width: 750px) 100vw, 750px\" \/> <img loading=\"lazy\" decoding=\"async\" class=\"alignnone size-full wp-image-29245\" src=\"http:\/\/cuttale.com\/wp-content\/uploads\/2026\/02\/\uff08Japanese\uff09\uff08English\uff09.jpg\" alt=\"\" width=\"750\" height=\"750\" srcset=\"https:\/\/cuttale.com\/wp-content\/uploads\/2026\/02\/\uff08Japanese\uff09\uff08English\uff09.jpg 750w, https:\/\/cuttale.com\/wp-content\/uploads\/2026\/02\/\uff08Japanese\uff09\uff08English\uff09-300x300.jpg 300w, https:\/\/cuttale.com\/wp-content\/uploads\/2026\/02\/\uff08Japanese\uff09\uff08English\uff09-150x150.jpg 150w, https:\/\/cuttale.com\/wp-content\/uploads\/2026\/02\/\uff08Japanese\uff09\uff08English\uff09-430x430.jpg 430w, https:\/\/cuttale.com\/wp-content\/uploads\/2026\/02\/\uff08Japanese\uff09\uff08English\uff09-700x700.jpg 700w\" sizes=\"auto, (max-width: 750px) 100vw, 750px\" \/> <img loading=\"lazy\" decoding=\"async\" class=\"alignnone size-full wp-image-29444\" src=\"http:\/\/cuttale.com\/wp-content\/uploads\/2026\/02\/\uff08Japanese\uff09-27.jpg\" alt=\"\" width=\"750\" height=\"750\" srcset=\"https:\/\/cuttale.com\/wp-content\/uploads\/2026\/02\/\uff08Japanese\uff09-27.jpg 750w, https:\/\/cuttale.com\/wp-content\/uploads\/2026\/02\/\uff08Japanese\uff09-27-300x300.jpg 300w, https:\/\/cuttale.com\/wp-content\/uploads\/2026\/02\/\uff08Japanese\uff09-27-150x150.jpg 150w, https:\/\/cuttale.com\/wp-content\/uploads\/2026\/02\/\uff08Japanese\uff09-27-430x430.jpg 430w, https:\/\/cuttale.com\/wp-content\/uploads\/2026\/02\/\uff08Japanese\uff09-27-700x700.jpg 700w\" sizes=\"auto, (max-width: 750px) 100vw, 750px\" \/> <img loading=\"lazy\" decoding=\"async\" class=\"alignnone size-full wp-image-29259\" src=\"http:\/\/cuttale.com\/wp-content\/uploads\/2026\/02\/\uff08Japanese\uff09\uff08English\uff09-2.jpg\" alt=\"\" width=\"750\" height=\"750\" srcset=\"https:\/\/cuttale.com\/wp-content\/uploads\/2026\/02\/\uff08Japanese\uff09\uff08English\uff09-2.jpg 750w, https:\/\/cuttale.com\/wp-content\/uploads\/2026\/02\/\uff08Japanese\uff09\uff08English\uff09-2-300x300.jpg 300w, https:\/\/cuttale.com\/wp-content\/uploads\/2026\/02\/\uff08Japanese\uff09\uff08English\uff09-2-150x150.jpg 150w, https:\/\/cuttale.com\/wp-content\/uploads\/2026\/02\/\uff08Japanese\uff09\uff08English\uff09-2-430x430.jpg 430w, https:\/\/cuttale.com\/wp-content\/uploads\/2026\/02\/\uff08Japanese\uff09\uff08English\uff09-2-700x700.jpg 700w\" sizes=\"auto, (max-width: 750px) 100vw, 750px\" \/> <img loading=\"lazy\" decoding=\"async\" class=\"alignnone size-full wp-image-29254\" src=\"http:\/\/cuttale.com\/wp-content\/uploads\/2026\/02\/\uff08Japanese\uff09-2-1.jpg\" alt=\"\" width=\"750\" height=\"750\" srcset=\"https:\/\/cuttale.com\/wp-content\/uploads\/2026\/02\/\uff08Japanese\uff09-2-1.jpg 750w, https:\/\/cuttale.com\/wp-content\/uploads\/2026\/02\/\uff08Japanese\uff09-2-1-300x300.jpg 300w, https:\/\/cuttale.com\/wp-content\/uploads\/2026\/02\/\uff08Japanese\uff09-2-1-150x150.jpg 150w, https:\/\/cuttale.com\/wp-content\/uploads\/2026\/02\/\uff08Japanese\uff09-2-1-430x430.jpg 430w, https:\/\/cuttale.com\/wp-content\/uploads\/2026\/02\/\uff08Japanese\uff09-2-1-700x700.jpg 700w\" sizes=\"auto, (max-width: 750px) 100vw, 750px\" \/> <img loading=\"lazy\" decoding=\"async\" class=\"alignnone size-full wp-image-29247\" src=\"http:\/\/cuttale.com\/wp-content\/uploads\/2026\/02\/\uff08Japanese\uff09\uff08English\uff09-3.jpg\" alt=\"\" width=\"750\" height=\"750\" srcset=\"https:\/\/cuttale.com\/wp-content\/uploads\/2026\/02\/\uff08Japanese\uff09\uff08English\uff09-3.jpg 750w, https:\/\/cuttale.com\/wp-content\/uploads\/2026\/02\/\uff08Japanese\uff09\uff08English\uff09-3-300x300.jpg 300w, https:\/\/cuttale.com\/wp-content\/uploads\/2026\/02\/\uff08Japanese\uff09\uff08English\uff09-3-150x150.jpg 150w, https:\/\/cuttale.com\/wp-content\/uploads\/2026\/02\/\uff08Japanese\uff09\uff08English\uff09-3-430x430.jpg 430w, https:\/\/cuttale.com\/wp-content\/uploads\/2026\/02\/\uff08Japanese\uff09\uff08English\uff09-3-700x700.jpg 700w\" sizes=\"auto, (max-width: 750px) 100vw, 750px\" \/> <img loading=\"lazy\" decoding=\"async\" class=\"alignnone size-full wp-image-29255\" src=\"http:\/\/cuttale.com\/wp-content\/uploads\/2026\/02\/\uff08Japanese\uff09-3-1.jpg\" alt=\"\" width=\"750\" height=\"750\" srcset=\"https:\/\/cuttale.com\/wp-content\/uploads\/2026\/02\/\uff08Japanese\uff09-3-1.jpg 750w, https:\/\/cuttale.com\/wp-content\/uploads\/2026\/02\/\uff08Japanese\uff09-3-1-300x300.jpg 300w, https:\/\/cuttale.com\/wp-content\/uploads\/2026\/02\/\uff08Japanese\uff09-3-1-150x150.jpg 150w, https:\/\/cuttale.com\/wp-content\/uploads\/2026\/02\/\uff08Japanese\uff09-3-1-430x430.jpg 430w, https:\/\/cuttale.com\/wp-content\/uploads\/2026\/02\/\uff08Japanese\uff09-3-1-700x700.jpg 700w\" sizes=\"auto, (max-width: 750px) 100vw, 750px\" \/> <img loading=\"lazy\" decoding=\"async\" class=\"alignnone size-full wp-image-29248\" src=\"http:\/\/cuttale.com\/wp-content\/uploads\/2026\/02\/\uff08Japanese\uff09\uff08English\uff09-4.jpg\" alt=\"\" width=\"750\" height=\"750\" srcset=\"https:\/\/cuttale.com\/wp-content\/uploads\/2026\/02\/\uff08Japanese\uff09\uff08English\uff09-4.jpg 750w, https:\/\/cuttale.com\/wp-content\/uploads\/2026\/02\/\uff08Japanese\uff09\uff08English\uff09-4-300x300.jpg 300w, https:\/\/cuttale.com\/wp-content\/uploads\/2026\/02\/\uff08Japanese\uff09\uff08English\uff09-4-150x150.jpg 150w, https:\/\/cuttale.com\/wp-content\/uploads\/2026\/02\/\uff08Japanese\uff09\uff08English\uff09-4-430x430.jpg 430w, https:\/\/cuttale.com\/wp-content\/uploads\/2026\/02\/\uff08Japanese\uff09\uff08English\uff09-4-700x700.jpg 700w\" sizes=\"auto, (max-width: 750px) 100vw, 750px\" \/> <img loading=\"lazy\" decoding=\"async\" class=\"alignnone size-full wp-image-29249\" src=\"http:\/\/cuttale.com\/wp-content\/uploads\/2026\/02\/\uff08Japanese\uff09\uff08English\uff09-5.jpg\" alt=\"\" width=\"750\" height=\"750\" srcset=\"https:\/\/cuttale.com\/wp-content\/uploads\/2026\/02\/\uff08Japanese\uff09\uff08English\uff09-5.jpg 750w, https:\/\/cuttale.com\/wp-content\/uploads\/2026\/02\/\uff08Japanese\uff09\uff08English\uff09-5-300x300.jpg 300w, https:\/\/cuttale.com\/wp-content\/uploads\/2026\/02\/\uff08Japanese\uff09\uff08English\uff09-5-150x150.jpg 150w, https:\/\/cuttale.com\/wp-content\/uploads\/2026\/02\/\uff08Japanese\uff09\uff08English\uff09-5-430x430.jpg 430w, https:\/\/cuttale.com\/wp-content\/uploads\/2026\/02\/\uff08Japanese\uff09\uff08English\uff09-5-700x700.jpg 700w\" sizes=\"auto, (max-width: 750px) 100vw, 750px\" \/> <img loading=\"lazy\" decoding=\"async\" class=\"alignnone size-full wp-image-29253\" src=\"http:\/\/cuttale.com\/wp-content\/uploads\/2026\/02\/\uff08English\uff09.jpg\" alt=\"\" width=\"750\" height=\"750\" srcset=\"https:\/\/cuttale.com\/wp-content\/uploads\/2026\/02\/\uff08English\uff09.jpg 750w, https:\/\/cuttale.com\/wp-content\/uploads\/2026\/02\/\uff08English\uff09-300x300.jpg 300w, https:\/\/cuttale.com\/wp-content\/uploads\/2026\/02\/\uff08English\uff09-150x150.jpg 150w, https:\/\/cuttale.com\/wp-content\/uploads\/2026\/02\/\uff08English\uff09-430x430.jpg 430w, https:\/\/cuttale.com\/wp-content\/uploads\/2026\/02\/\uff08English\uff09-700x700.jpg 700w\" sizes=\"auto, (max-width: 750px) 100vw, 750px\" \/> <img loading=\"lazy\" decoding=\"async\" class=\"alignnone size-full wp-image-29250\" src=\"http:\/\/cuttale.com\/wp-content\/uploads\/2026\/02\/\uff08Japanese\uff09\uff08English\uff09-6.jpg\" alt=\"\" width=\"750\" height=\"750\" srcset=\"https:\/\/cuttale.com\/wp-content\/uploads\/2026\/02\/\uff08Japanese\uff09\uff08English\uff09-6.jpg 750w, https:\/\/cuttale.com\/wp-content\/uploads\/2026\/02\/\uff08Japanese\uff09\uff08English\uff09-6-300x300.jpg 300w, https:\/\/cuttale.com\/wp-content\/uploads\/2026\/02\/\uff08Japanese\uff09\uff08English\uff09-6-150x150.jpg 150w, https:\/\/cuttale.com\/wp-content\/uploads\/2026\/02\/\uff08Japanese\uff09\uff08English\uff09-6-430x430.jpg 430w, https:\/\/cuttale.com\/wp-content\/uploads\/2026\/02\/\uff08Japanese\uff09\uff08English\uff09-6-700x700.jpg 700w\" sizes=\"auto, (max-width: 750px) 100vw, 750px\" \/> <img loading=\"lazy\" decoding=\"async\" class=\"alignnone size-full wp-image-29251\" src=\"http:\/\/cuttale.com\/wp-content\/uploads\/2026\/02\/\uff08Japanese\uff09\uff08English\uff09-7.jpg\" alt=\"\" width=\"750\" height=\"750\" srcset=\"https:\/\/cuttale.com\/wp-content\/uploads\/2026\/02\/\uff08Japanese\uff09\uff08English\uff09-7.jpg 750w, https:\/\/cuttale.com\/wp-content\/uploads\/2026\/02\/\uff08Japanese\uff09\uff08English\uff09-7-300x300.jpg 300w, https:\/\/cuttale.com\/wp-content\/uploads\/2026\/02\/\uff08Japanese\uff09\uff08English\uff09-7-150x150.jpg 150w, https:\/\/cuttale.com\/wp-content\/uploads\/2026\/02\/\uff08Japanese\uff09\uff08English\uff09-7-430x430.jpg 430w, https:\/\/cuttale.com\/wp-content\/uploads\/2026\/02\/\uff08Japanese\uff09\uff08English\uff09-7-700x700.jpg 700w\" sizes=\"auto, (max-width: 750px) 100vw, 750px\" \/> <img loading=\"lazy\" decoding=\"async\" class=\"alignnone size-full wp-image-29252\" src=\"http:\/\/cuttale.com\/wp-content\/uploads\/2026\/02\/\uff08Japanese\uff09\uff08English\uff09-8.jpg\" alt=\"\" width=\"750\" height=\"750\" srcset=\"https:\/\/cuttale.com\/wp-content\/uploads\/2026\/02\/\uff08Japanese\uff09\uff08English\uff09-8.jpg 750w, https:\/\/cuttale.com\/wp-content\/uploads\/2026\/02\/\uff08Japanese\uff09\uff08English\uff09-8-300x300.jpg 300w, https:\/\/cuttale.com\/wp-content\/uploads\/2026\/02\/\uff08Japanese\uff09\uff08English\uff09-8-150x150.jpg 150w, https:\/\/cuttale.com\/wp-content\/uploads\/2026\/02\/\uff08Japanese\uff09\uff08English\uff09-8-430x430.jpg 430w, https:\/\/cuttale.com\/wp-content\/uploads\/2026\/02\/\uff08Japanese\uff09\uff08English\uff09-8-700x700.jpg 700w\" sizes=\"auto, (max-width: 750px) 100vw, 750px\" \/> <img loading=\"lazy\" decoding=\"async\" class=\"alignnone size-full wp-image-29240\" src=\"http:\/\/cuttale.com\/wp-content\/uploads\/2026\/02\/\uff08Japanese\uff09\uff08English\uff09-9.jpg\" alt=\"\" width=\"750\" height=\"750\" srcset=\"https:\/\/cuttale.com\/wp-content\/uploads\/2026\/02\/\uff08Japanese\uff09\uff08English\uff09-9.jpg 750w, https:\/\/cuttale.com\/wp-content\/uploads\/2026\/02\/\uff08Japanese\uff09\uff08English\uff09-9-300x300.jpg 300w, https:\/\/cuttale.com\/wp-content\/uploads\/2026\/02\/\uff08Japanese\uff09\uff08English\uff09-9-150x150.jpg 150w, https:\/\/cuttale.com\/wp-content\/uploads\/2026\/02\/\uff08Japanese\uff09\uff08English\uff09-9-430x430.jpg 430w, https:\/\/cuttale.com\/wp-content\/uploads\/2026\/02\/\uff08Japanese\uff09\uff08English\uff09-9-700x700.jpg 700w\" sizes=\"auto, (max-width: 750px) 100vw, 750px\" \/> <img loading=\"lazy\" decoding=\"async\" class=\"alignnone size-full wp-image-29241\" src=\"http:\/\/cuttale.com\/wp-content\/uploads\/2026\/02\/\uff08Japanese\uff09\uff08English\uff09-10.jpg\" alt=\"\" width=\"750\" height=\"750\" srcset=\"https:\/\/cuttale.com\/wp-content\/uploads\/2026\/02\/\uff08Japanese\uff09\uff08English\uff09-10.jpg 750w, https:\/\/cuttale.com\/wp-content\/uploads\/2026\/02\/\uff08Japanese\uff09\uff08English\uff09-10-300x300.jpg 300w, https:\/\/cuttale.com\/wp-content\/uploads\/2026\/02\/\uff08Japanese\uff09\uff08English\uff09-10-150x150.jpg 150w, https:\/\/cuttale.com\/wp-content\/uploads\/2026\/02\/\uff08Japanese\uff09\uff08English\uff09-10-430x430.jpg 430w, https:\/\/cuttale.com\/wp-content\/uploads\/2026\/02\/\uff08Japanese\uff09\uff08English\uff09-10-700x700.jpg 700w\" sizes=\"auto, (max-width: 750px) 100vw, 750px\" \/> <img loading=\"lazy\" decoding=\"async\" class=\"alignnone size-full wp-image-29242\" src=\"http:\/\/cuttale.com\/wp-content\/uploads\/2026\/02\/\uff08Japanese\uff09\uff08English\uff09-11.jpg\" alt=\"\" width=\"750\" height=\"750\" srcset=\"https:\/\/cuttale.com\/wp-content\/uploads\/2026\/02\/\uff08Japanese\uff09\uff08English\uff09-11.jpg 750w, https:\/\/cuttale.com\/wp-content\/uploads\/2026\/02\/\uff08Japanese\uff09\uff08English\uff09-11-300x300.jpg 300w, https:\/\/cuttale.com\/wp-content\/uploads\/2026\/02\/\uff08Japanese\uff09\uff08English\uff09-11-150x150.jpg 150w, https:\/\/cuttale.com\/wp-content\/uploads\/2026\/02\/\uff08Japanese\uff09\uff08English\uff09-11-430x430.jpg 430w, https:\/\/cuttale.com\/wp-content\/uploads\/2026\/02\/\uff08Japanese\uff09\uff08English\uff09-11-700x700.jpg 700w\" sizes=\"auto, (max-width: 750px) 100vw, 750px\" \/> <img loading=\"lazy\" decoding=\"async\" class=\"alignnone size-full wp-image-29243\" src=\"http:\/\/cuttale.com\/wp-content\/uploads\/2026\/02\/\uff08Japanese\uff09\uff08English\uff09-12.jpg\" alt=\"\" width=\"750\" height=\"750\" srcset=\"https:\/\/cuttale.com\/wp-content\/uploads\/2026\/02\/\uff08Japanese\uff09\uff08English\uff09-12.jpg 750w, https:\/\/cuttale.com\/wp-content\/uploads\/2026\/02\/\uff08Japanese\uff09\uff08English\uff09-12-300x300.jpg 300w, https:\/\/cuttale.com\/wp-content\/uploads\/2026\/02\/\uff08Japanese\uff09\uff08English\uff09-12-150x150.jpg 150w, https:\/\/cuttale.com\/wp-content\/uploads\/2026\/02\/\uff08Japanese\uff09\uff08English\uff09-12-430x430.jpg 430w, https:\/\/cuttale.com\/wp-content\/uploads\/2026\/02\/\uff08Japanese\uff09\uff08English\uff09-12-700x700.jpg 700w\" sizes=\"auto, (max-width: 750px) 100vw, 750px\" \/> <img loading=\"lazy\" decoding=\"async\" class=\"alignnone size-full wp-image-29256\" src=\"http:\/\/cuttale.com\/wp-content\/uploads\/2026\/02\/\uff08Japanese\uff09-4-1.jpg\" alt=\"\" width=\"750\" height=\"750\" srcset=\"https:\/\/cuttale.com\/wp-content\/uploads\/2026\/02\/\uff08Japanese\uff09-4-1.jpg 750w, https:\/\/cuttale.com\/wp-content\/uploads\/2026\/02\/\uff08Japanese\uff09-4-1-300x300.jpg 300w, https:\/\/cuttale.com\/wp-content\/uploads\/2026\/02\/\uff08Japanese\uff09-4-1-150x150.jpg 150w, https:\/\/cuttale.com\/wp-content\/uploads\/2026\/02\/\uff08Japanese\uff09-4-1-430x430.jpg 430w, https:\/\/cuttale.com\/wp-content\/uploads\/2026\/02\/\uff08Japanese\uff09-4-1-700x700.jpg 700w\" sizes=\"auto, (max-width: 750px) 100vw, 750px\" \/> <img loading=\"lazy\" decoding=\"async\" class=\"alignnone size-full wp-image-29257\" src=\"http:\/\/cuttale.com\/wp-content\/uploads\/2026\/02\/\uff08Japanese\uff09-5-1.jpg\" alt=\"\" width=\"750\" height=\"750\" srcset=\"https:\/\/cuttale.com\/wp-content\/uploads\/2026\/02\/\uff08Japanese\uff09-5-1.jpg 750w, https:\/\/cuttale.com\/wp-content\/uploads\/2026\/02\/\uff08Japanese\uff09-5-1-300x300.jpg 300w, https:\/\/cuttale.com\/wp-content\/uploads\/2026\/02\/\uff08Japanese\uff09-5-1-150x150.jpg 150w, https:\/\/cuttale.com\/wp-content\/uploads\/2026\/02\/\uff08Japanese\uff09-5-1-430x430.jpg 430w, https:\/\/cuttale.com\/wp-content\/uploads\/2026\/02\/\uff08Japanese\uff09-5-1-700x700.jpg 700w\" sizes=\"auto, (max-width: 750px) 100vw, 750px\" \/> <img loading=\"lazy\" decoding=\"async\" class=\"alignnone size-full wp-image-29244\" src=\"http:\/\/cuttale.com\/wp-content\/uploads\/2026\/02\/\uff08Japanese\uff09\uff08English\uff09-13.jpg\" alt=\"\" width=\"750\" height=\"750\" srcset=\"https:\/\/cuttale.com\/wp-content\/uploads\/2026\/02\/\uff08Japanese\uff09\uff08English\uff09-13.jpg 750w, https:\/\/cuttale.com\/wp-content\/uploads\/2026\/02\/\uff08Japanese\uff09\uff08English\uff09-13-300x300.jpg 300w, https:\/\/cuttale.com\/wp-content\/uploads\/2026\/02\/\uff08Japanese\uff09\uff08English\uff09-13-150x150.jpg 150w, https:\/\/cuttale.com\/wp-content\/uploads\/2026\/02\/\uff08Japanese\uff09\uff08English\uff09-13-430x430.jpg 430w, https:\/\/cuttale.com\/wp-content\/uploads\/2026\/02\/\uff08Japanese\uff09\uff08English\uff09-13-700x700.jpg 700w\" sizes=\"auto, (max-width: 750px) 100vw, 750px\" \/> <img loading=\"lazy\" decoding=\"async\" class=\"alignnone size-full wp-image-29258\" src=\"http:\/\/cuttale.com\/wp-content\/uploads\/2026\/02\/\uff08Japanese\uff09-6-1.jpg\" alt=\"\" width=\"750\" height=\"750\" srcset=\"https:\/\/cuttale.com\/wp-content\/uploads\/2026\/02\/\uff08Japanese\uff09-6-1.jpg 750w, https:\/\/cuttale.com\/wp-content\/uploads\/2026\/02\/\uff08Japanese\uff09-6-1-300x300.jpg 300w, https:\/\/cuttale.com\/wp-content\/uploads\/2026\/02\/\uff08Japanese\uff09-6-1-150x150.jpg 150w, https:\/\/cuttale.com\/wp-content\/uploads\/2026\/02\/\uff08Japanese\uff09-6-1-430x430.jpg 430w, https:\/\/cuttale.com\/wp-content\/uploads\/2026\/02\/\uff08Japanese\uff09-6-1-700x700.jpg 700w\" sizes=\"auto, (max-width: 750px) 100vw, 750px\" \/>\u3042\u306a\u305f\u306e\u7269\u8a9e\u3001\u79c1\u305f\u3061\u306e\u8239\u3002\u3042\u306a\u305f\u3060\u3051\u306e\u305f\u3081\u306b\u4f5c\u3089\u308c\u305f\u30bf\u30a4\u30e0\u30ec\u30b9\u30c7\u30b6\u30a4\u30f3\u3002<\/p>\n<\/div>\n<\/div>\n<\/div>","protected":false},"excerpt":{"rendered":"<ul>\n<li><strong>Data de chegada: Entrega prevista no prazo de 30 dias.<\/strong><\/li>\n<li><strong>Prazo de devolu\u00e7\u00e3o: tratando-se de um produto feito \u00e0 medida, n\u00e3o s\u00e3o aceites devolu\u00e7\u00f5es e reembolsos.<\/strong><strong>Apenas em caso de mercadorias danificadas, o vendedor providenciar\u00e1 o reenvio.<\/strong><\/li>\n<li><strong>Transporte: Este produto n\u00e3o est\u00e1 inclu\u00eddo nos custos de transporte.<\/strong><\/li>\n<li><strong>Portes de devolu\u00e7\u00e3o: O cliente \u00e9 respons\u00e1vel pelos portes de devolu\u00e7\u00e3o.<\/strong><\/li>\n<li><strong>Devolu\u00e7\u00f5es: este produto n\u00e3o pode ser devolvido.<\/strong><\/li>\n<\/ul>","protected":false},"featured_media":29239,"comment_status":"open","ping_status":"closed","template":"","meta":[],"product_brand":[],"product_cat":[94],"product_tag":[],"class_list":{"0":"post-29238","1":"product","2":"type-product","3":"status-publish","4":"has-post-thumbnail","6":"product_cat--3d-q-","8":"first","9":"instock","10":"sale","11":"shipping-taxable","12":"purchasable","13":"product-type-variable","14":"wvs-archive-product-wrapper"},"_links":{"self":[{"href":"https:\/\/cuttale.com\/pt\/wp-json\/wp\/v2\/product\/29238","targetHints":{"allow":["GET"]}}],"collection":[{"href":"https:\/\/cuttale.com\/pt\/wp-json\/wp\/v2\/product"}],"about":[{"href":"https:\/\/cuttale.com\/pt\/wp-json\/wp\/v2\/types\/product"}],"replies":[{"embeddable":true,"href":"https:\/\/cuttale.com\/pt\/wp-json\/wp\/v2\/comments?post=29238"}],"version-history":[{"count":0,"href":"https:\/\/cuttale.com\/pt\/wp-json\/wp\/v2\/product\/29238\/revisions"}],"wp:featuredmedia":[{"embeddable":true,"href":"https:\/\/cuttale.com\/pt\/wp-json\/wp\/v2\/media\/29239"}],"wp:attachment":[{"href":"https:\/\/cuttale.com\/pt\/wp-json\/wp\/v2\/media?parent=29238"}],"wp:term":[{"taxonomy":"product_brand","embeddable":true,"href":"https:\/\/cuttale.com\/pt\/wp-json\/wp\/v2\/product_brand?post=29238"},{"taxonomy":"product_cat","embeddable":true,"href":"https:\/\/cuttale.com\/pt\/wp-json\/wp\/v2\/product_cat?post=29238"},{"taxonomy":"product_tag","embeddable":true,"href":"https:\/\/cuttale.com\/pt\/wp-json\/wp\/v2\/product_tag?post=29238"}],"curies":[{"name":"wp","href":"https:\/\/api.w.org\/{rel}","templated":true}]}}