{"id":29465,"date":"2026-03-14T01:10:54","date_gmt":"2026-03-13T17:10:54","guid":{"rendered":"https:\/\/cuttale.com\/?post_type=product&#038;p=29465"},"modified":"2026-03-20T15:09:46","modified_gmt":"2026-03-20T07:09:46","slug":"q%e7%89%883d%e3%83%95%e3%82%a3%e3%82%ae%e3%83%a5%e3%82%a2%e3%81%ae%e3%82%aa%e3%83%bc%e3%83%80%e3%83%bc%e3%83%a1%e3%82%a4%e3%83%89","status":"publish","type":"product","link":"https:\/\/cuttale.com\/pt\/produto\/q%e7%89%883d%e3%83%95%e3%82%a3%e3%82%ae%e3%83%a5%e3%82%a2%e3%81%ae%e3%82%aa%e3%83%bc%e3%83%80%e3%83%bc%e3%83%a1%e3%82%a4%e3%83%89\/","title":{"rendered":"Figuras 3D de edi\u00e7\u00e3o Q feitas por encomenda"},"content":{"rendered":"<p><img loading=\"lazy\" decoding=\"async\" class=\"alignnone size-full wp-image-29487\" src=\"http:\/\/cuttale.com\/wp-content\/uploads\/2026\/02\/\u5b9a\u5236\u5b9e\u7269\u53ca\u5b9a\u5236\u533a\u57df\u5bf9\u6bd4\u56fe-2-1.jpg\" alt=\"\" width=\"750\" height=\"750\" srcset=\"https:\/\/cuttale.com\/wp-content\/uploads\/2026\/02\/\u5b9a\u5236\u5b9e\u7269\u53ca\u5b9a\u5236\u533a\u57df\u5bf9\u6bd4\u56fe-2-1.jpg 750w, https:\/\/cuttale.com\/wp-content\/uploads\/2026\/02\/\u5b9a\u5236\u5b9e\u7269\u53ca\u5b9a\u5236\u533a\u57df\u5bf9\u6bd4\u56fe-2-1-300x300.jpg 300w, https:\/\/cuttale.com\/wp-content\/uploads\/2026\/02\/\u5b9a\u5236\u5b9e\u7269\u53ca\u5b9a\u5236\u533a\u57df\u5bf9\u6bd4\u56fe-2-1-150x150.jpg 150w, https:\/\/cuttale.com\/wp-content\/uploads\/2026\/02\/\u5b9a\u5236\u5b9e\u7269\u53ca\u5b9a\u5236\u533a\u57df\u5bf9\u6bd4\u56fe-2-1-430x430.jpg 430w, https:\/\/cuttale.com\/wp-content\/uploads\/2026\/02\/\u5b9a\u5236\u5b9e\u7269\u53ca\u5b9a\u5236\u533a\u57df\u5bf9\u6bd4\u56fe-2-1-700x700.jpg 700w\" sizes=\"auto, (max-width: 750px) 100vw, 750px\" \/> <img loading=\"lazy\" decoding=\"async\" class=\"alignnone size-full wp-image-29467\" src=\"http:\/\/cuttale.com\/wp-content\/uploads\/2026\/02\/3-3.jpg\" alt=\"\" width=\"750\" height=\"750\" srcset=\"https:\/\/cuttale.com\/wp-content\/uploads\/2026\/02\/3-3.jpg 750w, https:\/\/cuttale.com\/wp-content\/uploads\/2026\/02\/3-3-300x300.jpg 300w, https:\/\/cuttale.com\/wp-content\/uploads\/2026\/02\/3-3-150x150.jpg 150w, https:\/\/cuttale.com\/wp-content\/uploads\/2026\/02\/3-3-430x430.jpg 430w, https:\/\/cuttale.com\/wp-content\/uploads\/2026\/02\/3-3-700x700.jpg 700w\" sizes=\"auto, (max-width: 750px) 100vw, 750px\" \/> <img loading=\"lazy\" decoding=\"async\" class=\"alignnone size-full wp-image-29468\" src=\"http:\/\/cuttale.com\/wp-content\/uploads\/2026\/02\/4-3.jpg\" alt=\"\" width=\"750\" height=\"750\" srcset=\"https:\/\/cuttale.com\/wp-content\/uploads\/2026\/02\/4-3.jpg 750w, https:\/\/cuttale.com\/wp-content\/uploads\/2026\/02\/4-3-300x300.jpg 300w, https:\/\/cuttale.com\/wp-content\/uploads\/2026\/02\/4-3-150x150.jpg 150w, https:\/\/cuttale.com\/wp-content\/uploads\/2026\/02\/4-3-430x430.jpg 430w, https:\/\/cuttale.com\/wp-content\/uploads\/2026\/02\/4-3-700x700.jpg 700w\" sizes=\"auto, (max-width: 750px) 100vw, 750px\" \/> <img loading=\"lazy\" decoding=\"async\" class=\"alignnone size-full wp-image-29469\" src=\"http:\/\/cuttale.com\/wp-content\/uploads\/2026\/02\/5-3.jpg\" alt=\"\" width=\"750\" height=\"750\" srcset=\"https:\/\/cuttale.com\/wp-content\/uploads\/2026\/02\/5-3.jpg 750w, https:\/\/cuttale.com\/wp-content\/uploads\/2026\/02\/5-3-300x300.jpg 300w, https:\/\/cuttale.com\/wp-content\/uploads\/2026\/02\/5-3-150x150.jpg 150w, https:\/\/cuttale.com\/wp-content\/uploads\/2026\/02\/5-3-430x430.jpg 430w, https:\/\/cuttale.com\/wp-content\/uploads\/2026\/02\/5-3-700x700.jpg 700w\" sizes=\"auto, (max-width: 750px) 100vw, 750px\" \/> <img loading=\"lazy\" decoding=\"async\" class=\"alignnone size-full wp-image-29470\" src=\"http:\/\/cuttale.com\/wp-content\/uploads\/2026\/02\/6-3.jpg\" alt=\"\" width=\"750\" height=\"750\" srcset=\"https:\/\/cuttale.com\/wp-content\/uploads\/2026\/02\/6-3.jpg 750w, https:\/\/cuttale.com\/wp-content\/uploads\/2026\/02\/6-3-300x300.jpg 300w, https:\/\/cuttale.com\/wp-content\/uploads\/2026\/02\/6-3-150x150.jpg 150w, https:\/\/cuttale.com\/wp-content\/uploads\/2026\/02\/6-3-430x430.jpg 430w, https:\/\/cuttale.com\/wp-content\/uploads\/2026\/02\/6-3-700x700.jpg 700w\" sizes=\"auto, (max-width: 750px) 100vw, 750px\" \/> <img loading=\"lazy\" decoding=\"async\" class=\"alignnone size-full wp-image-29471\" src=\"http:\/\/cuttale.com\/wp-content\/uploads\/2026\/02\/7-4.jpg\" alt=\"\" width=\"750\" height=\"750\" srcset=\"https:\/\/cuttale.com\/wp-content\/uploads\/2026\/02\/7-4.jpg 750w, https:\/\/cuttale.com\/wp-content\/uploads\/2026\/02\/7-4-300x300.jpg 300w, https:\/\/cuttale.com\/wp-content\/uploads\/2026\/02\/7-4-150x150.jpg 150w, https:\/\/cuttale.com\/wp-content\/uploads\/2026\/02\/7-4-430x430.jpg 430w, https:\/\/cuttale.com\/wp-content\/uploads\/2026\/02\/7-4-700x700.jpg 700w\" sizes=\"auto, (max-width: 750px) 100vw, 750px\" \/> <img loading=\"lazy\" decoding=\"async\" class=\"alignnone size-full wp-image-29472\" src=\"http:\/\/cuttale.com\/wp-content\/uploads\/2026\/02\/8-4.jpg\" alt=\"\" width=\"750\" height=\"750\" srcset=\"https:\/\/cuttale.com\/wp-content\/uploads\/2026\/02\/8-4.jpg 750w, https:\/\/cuttale.com\/wp-content\/uploads\/2026\/02\/8-4-300x300.jpg 300w, https:\/\/cuttale.com\/wp-content\/uploads\/2026\/02\/8-4-150x150.jpg 150w, https:\/\/cuttale.com\/wp-content\/uploads\/2026\/02\/8-4-430x430.jpg 430w, https:\/\/cuttale.com\/wp-content\/uploads\/2026\/02\/8-4-700x700.jpg 700w\" sizes=\"auto, (max-width: 750px) 100vw, 750px\" \/> <img loading=\"lazy\" decoding=\"async\" class=\"alignnone size-full wp-image-29473\" src=\"http:\/\/cuttale.com\/wp-content\/uploads\/2026\/02\/9-4.jpg\" alt=\"\" width=\"750\" height=\"750\" srcset=\"https:\/\/cuttale.com\/wp-content\/uploads\/2026\/02\/9-4.jpg 750w, https:\/\/cuttale.com\/wp-content\/uploads\/2026\/02\/9-4-300x300.jpg 300w, https:\/\/cuttale.com\/wp-content\/uploads\/2026\/02\/9-4-150x150.jpg 150w, https:\/\/cuttale.com\/wp-content\/uploads\/2026\/02\/9-4-430x430.jpg 430w, https:\/\/cuttale.com\/wp-content\/uploads\/2026\/02\/9-4-700x700.jpg 700w\" sizes=\"auto, (max-width: 750px) 100vw, 750px\" \/> <img loading=\"lazy\" decoding=\"async\" class=\"alignnone size-full wp-image-29474\" src=\"http:\/\/cuttale.com\/wp-content\/uploads\/2026\/02\/10-3.jpg\" alt=\"\" width=\"750\" height=\"750\" srcset=\"https:\/\/cuttale.com\/wp-content\/uploads\/2026\/02\/10-3.jpg 750w, https:\/\/cuttale.com\/wp-content\/uploads\/2026\/02\/10-3-300x300.jpg 300w, https:\/\/cuttale.com\/wp-content\/uploads\/2026\/02\/10-3-150x150.jpg 150w, https:\/\/cuttale.com\/wp-content\/uploads\/2026\/02\/10-3-430x430.jpg 430w, https:\/\/cuttale.com\/wp-content\/uploads\/2026\/02\/10-3-700x700.jpg 700w\" sizes=\"auto, (max-width: 750px) 100vw, 750px\" \/> <img loading=\"lazy\" decoding=\"async\" class=\"alignnone size-full wp-image-29475\" src=\"http:\/\/cuttale.com\/wp-content\/uploads\/2026\/02\/11-3.jpg\" alt=\"\" width=\"750\" height=\"750\" srcset=\"https:\/\/cuttale.com\/wp-content\/uploads\/2026\/02\/11-3.jpg 750w, https:\/\/cuttale.com\/wp-content\/uploads\/2026\/02\/11-3-300x300.jpg 300w, https:\/\/cuttale.com\/wp-content\/uploads\/2026\/02\/11-3-150x150.jpg 150w, https:\/\/cuttale.com\/wp-content\/uploads\/2026\/02\/11-3-430x430.jpg 430w, https:\/\/cuttale.com\/wp-content\/uploads\/2026\/02\/11-3-700x700.jpg 700w\" sizes=\"auto, (max-width: 750px) 100vw, 750px\" \/> <img loading=\"lazy\" decoding=\"async\" class=\"alignnone size-full wp-image-29476\" src=\"http:\/\/cuttale.com\/wp-content\/uploads\/2026\/02\/12-3.jpg\" alt=\"\" width=\"750\" height=\"750\" srcset=\"https:\/\/cuttale.com\/wp-content\/uploads\/2026\/02\/12-3.jpg 750w, https:\/\/cuttale.com\/wp-content\/uploads\/2026\/02\/12-3-300x300.jpg 300w, https:\/\/cuttale.com\/wp-content\/uploads\/2026\/02\/12-3-150x150.jpg 150w, https:\/\/cuttale.com\/wp-content\/uploads\/2026\/02\/12-3-430x430.jpg 430w, https:\/\/cuttale.com\/wp-content\/uploads\/2026\/02\/12-3-700x700.jpg 700w\" sizes=\"auto, (max-width: 750px) 100vw, 750px\" \/> <img loading=\"lazy\" decoding=\"async\" class=\"alignnone size-full wp-image-29477\" src=\"http:\/\/cuttale.com\/wp-content\/uploads\/2026\/02\/13-3.jpg\" alt=\"\" width=\"750\" height=\"750\" srcset=\"https:\/\/cuttale.com\/wp-content\/uploads\/2026\/02\/13-3.jpg 750w, https:\/\/cuttale.com\/wp-content\/uploads\/2026\/02\/13-3-300x300.jpg 300w, https:\/\/cuttale.com\/wp-content\/uploads\/2026\/02\/13-3-150x150.jpg 150w, https:\/\/cuttale.com\/wp-content\/uploads\/2026\/02\/13-3-430x430.jpg 430w, https:\/\/cuttale.com\/wp-content\/uploads\/2026\/02\/13-3-700x700.jpg 700w\" sizes=\"auto, (max-width: 750px) 100vw, 750px\" \/> <img loading=\"lazy\" decoding=\"async\" class=\"alignnone size-full wp-image-29478\" src=\"http:\/\/cuttale.com\/wp-content\/uploads\/2026\/02\/14-3.jpg\" alt=\"\" width=\"750\" height=\"750\" srcset=\"https:\/\/cuttale.com\/wp-content\/uploads\/2026\/02\/14-3.jpg 750w, https:\/\/cuttale.com\/wp-content\/uploads\/2026\/02\/14-3-300x300.jpg 300w, https:\/\/cuttale.com\/wp-content\/uploads\/2026\/02\/14-3-150x150.jpg 150w, https:\/\/cuttale.com\/wp-content\/uploads\/2026\/02\/14-3-430x430.jpg 430w, https:\/\/cuttale.com\/wp-content\/uploads\/2026\/02\/14-3-700x700.jpg 700w\" sizes=\"auto, (max-width: 750px) 100vw, 750px\" \/> <img loading=\"lazy\" decoding=\"async\" class=\"alignnone size-full wp-image-29479\" src=\"http:\/\/cuttale.com\/wp-content\/uploads\/2026\/02\/15-3.jpg\" alt=\"\" width=\"750\" height=\"750\" srcset=\"https:\/\/cuttale.com\/wp-content\/uploads\/2026\/02\/15-3.jpg 750w, https:\/\/cuttale.com\/wp-content\/uploads\/2026\/02\/15-3-300x300.jpg 300w, https:\/\/cuttale.com\/wp-content\/uploads\/2026\/02\/15-3-150x150.jpg 150w, https:\/\/cuttale.com\/wp-content\/uploads\/2026\/02\/15-3-430x430.jpg 430w, https:\/\/cuttale.com\/wp-content\/uploads\/2026\/02\/15-3-700x700.jpg 700w\" sizes=\"auto, (max-width: 750px) 100vw, 750px\" \/> <img loading=\"lazy\" decoding=\"async\" class=\"alignnone size-full wp-image-29480\" src=\"http:\/\/cuttale.com\/wp-content\/uploads\/2026\/02\/16-2.jpg\" alt=\"\" width=\"750\" height=\"750\" srcset=\"https:\/\/cuttale.com\/wp-content\/uploads\/2026\/02\/16-2.jpg 750w, https:\/\/cuttale.com\/wp-content\/uploads\/2026\/02\/16-2-300x300.jpg 300w, https:\/\/cuttale.com\/wp-content\/uploads\/2026\/02\/16-2-150x150.jpg 150w, https:\/\/cuttale.com\/wp-content\/uploads\/2026\/02\/16-2-430x430.jpg 430w, https:\/\/cuttale.com\/wp-content\/uploads\/2026\/02\/16-2-700x700.jpg 700w\" sizes=\"auto, (max-width: 750px) 100vw, 750px\" \/> <img loading=\"lazy\" decoding=\"async\" class=\"alignnone size-full wp-image-29481\" src=\"http:\/\/cuttale.com\/wp-content\/uploads\/2026\/02\/17-2.jpg\" alt=\"\" width=\"750\" height=\"750\" srcset=\"https:\/\/cuttale.com\/wp-content\/uploads\/2026\/02\/17-2.jpg 750w, https:\/\/cuttale.com\/wp-content\/uploads\/2026\/02\/17-2-300x300.jpg 300w, https:\/\/cuttale.com\/wp-content\/uploads\/2026\/02\/17-2-150x150.jpg 150w, https:\/\/cuttale.com\/wp-content\/uploads\/2026\/02\/17-2-430x430.jpg 430w, https:\/\/cuttale.com\/wp-content\/uploads\/2026\/02\/17-2-700x700.jpg 700w\" sizes=\"auto, (max-width: 750px) 100vw, 750px\" \/> <img loading=\"lazy\" decoding=\"async\" class=\"alignnone size-full wp-image-29482\" src=\"http:\/\/cuttale.com\/wp-content\/uploads\/2026\/02\/18-1.jpg\" alt=\"\" width=\"750\" height=\"750\" srcset=\"https:\/\/cuttale.com\/wp-content\/uploads\/2026\/02\/18-1.jpg 750w, https:\/\/cuttale.com\/wp-content\/uploads\/2026\/02\/18-1-300x300.jpg 300w, https:\/\/cuttale.com\/wp-content\/uploads\/2026\/02\/18-1-150x150.jpg 150w, https:\/\/cuttale.com\/wp-content\/uploads\/2026\/02\/18-1-430x430.jpg 430w, https:\/\/cuttale.com\/wp-content\/uploads\/2026\/02\/18-1-700x700.jpg 700w\" sizes=\"auto, (max-width: 750px) 100vw, 750px\" \/> <img loading=\"lazy\" decoding=\"async\" class=\"alignnone size-full wp-image-29483\" src=\"http:\/\/cuttale.com\/wp-content\/uploads\/2026\/02\/19-2.jpg\" alt=\"\" width=\"750\" height=\"750\" srcset=\"https:\/\/cuttale.com\/wp-content\/uploads\/2026\/02\/19-2.jpg 750w, https:\/\/cuttale.com\/wp-content\/uploads\/2026\/02\/19-2-300x300.jpg 300w, https:\/\/cuttale.com\/wp-content\/uploads\/2026\/02\/19-2-150x150.jpg 150w, https:\/\/cuttale.com\/wp-content\/uploads\/2026\/02\/19-2-430x430.jpg 430w, https:\/\/cuttale.com\/wp-content\/uploads\/2026\/02\/19-2-700x700.jpg 700w\" sizes=\"auto, (max-width: 750px) 100vw, 750px\" \/> <img loading=\"lazy\" decoding=\"async\" class=\"alignnone size-full wp-image-29484\" src=\"http:\/\/cuttale.com\/wp-content\/uploads\/2026\/02\/20-2.jpg\" alt=\"\" width=\"750\" height=\"750\" srcset=\"https:\/\/cuttale.com\/wp-content\/uploads\/2026\/02\/20-2.jpg 750w, https:\/\/cuttale.com\/wp-content\/uploads\/2026\/02\/20-2-300x300.jpg 300w, https:\/\/cuttale.com\/wp-content\/uploads\/2026\/02\/20-2-150x150.jpg 150w, https:\/\/cuttale.com\/wp-content\/uploads\/2026\/02\/20-2-430x430.jpg 430w, https:\/\/cuttale.com\/wp-content\/uploads\/2026\/02\/20-2-700x700.jpg 700w\" sizes=\"auto, (max-width: 750px) 100vw, 750px\" \/> <img loading=\"lazy\" decoding=\"async\" class=\"alignnone size-full wp-image-29485\" src=\"http:\/\/cuttale.com\/wp-content\/uploads\/2026\/02\/21-2.jpg\" alt=\"\" width=\"750\" height=\"750\" srcset=\"https:\/\/cuttale.com\/wp-content\/uploads\/2026\/02\/21-2.jpg 750w, https:\/\/cuttale.com\/wp-content\/uploads\/2026\/02\/21-2-300x300.jpg 300w, https:\/\/cuttale.com\/wp-content\/uploads\/2026\/02\/21-2-150x150.jpg 150w, https:\/\/cuttale.com\/wp-content\/uploads\/2026\/02\/21-2-430x430.jpg 430w, https:\/\/cuttale.com\/wp-content\/uploads\/2026\/02\/21-2-700x700.jpg 700w\" sizes=\"auto, (max-width: 750px) 100vw, 750px\" \/> <img loading=\"lazy\" decoding=\"async\" class=\"alignnone size-full wp-image-29486\" src=\"http:\/\/cuttale.com\/wp-content\/uploads\/2026\/02\/22-2.jpg\" alt=\"\" width=\"750\" height=\"750\" srcset=\"https:\/\/cuttale.com\/wp-content\/uploads\/2026\/02\/22-2.jpg 750w, https:\/\/cuttale.com\/wp-content\/uploads\/2026\/02\/22-2-300x300.jpg 300w, https:\/\/cuttale.com\/wp-content\/uploads\/2026\/02\/22-2-150x150.jpg 150w, https:\/\/cuttale.com\/wp-content\/uploads\/2026\/02\/22-2-430x430.jpg 430w, https:\/\/cuttale.com\/wp-content\/uploads\/2026\/02\/22-2-700x700.jpg 700w\" sizes=\"auto, (max-width: 750px) 100vw, 750px\" \/><\/p>","protected":false},"excerpt":{"rendered":"<ul>\n<li><strong>Data de chegada: Entrega prevista no prazo de 30 dias.<\/strong><\/li>\n<li><strong>Prazo de devolu\u00e7\u00e3o: tratando-se de um produto feito \u00e0 medida, n\u00e3o s\u00e3o aceites devolu\u00e7\u00f5es e reembolsos.<\/strong><strong>Apenas em caso de mercadorias danificadas, o vendedor providenciar\u00e1 o reenvio.<\/strong><\/li>\n<li><strong>Transporte: Este produto n\u00e3o est\u00e1 inclu\u00eddo nos custos de transporte.<\/strong><\/li>\n<li><strong>Portes de devolu\u00e7\u00e3o: O cliente \u00e9 respons\u00e1vel pelos portes de devolu\u00e7\u00e3o.<\/strong><\/li>\n<li><strong>Devolu\u00e7\u00f5es: este produto n\u00e3o pode ser devolvido.<\/strong><\/li>\n<\/ul>","protected":false},"featured_media":29466,"comment_status":"open","ping_status":"closed","template":"","meta":[],"product_brand":[],"product_cat":[75,101],"product_tag":[],"class_list":{"0":"post-29465","1":"product","2":"type-product","3":"status-publish","4":"has-post-thumbnail","6":"product_cat-3d-","7":"product_cat-q","9":"first","10":"instock","11":"sale","12":"shipping-taxable","13":"purchasable","14":"product-type-variable"},"_links":{"self":[{"href":"https:\/\/cuttale.com\/pt\/wp-json\/wp\/v2\/product\/29465","targetHints":{"allow":["GET"]}}],"collection":[{"href":"https:\/\/cuttale.com\/pt\/wp-json\/wp\/v2\/product"}],"about":[{"href":"https:\/\/cuttale.com\/pt\/wp-json\/wp\/v2\/types\/product"}],"replies":[{"embeddable":true,"href":"https:\/\/cuttale.com\/pt\/wp-json\/wp\/v2\/comments?post=29465"}],"version-history":[{"count":0,"href":"https:\/\/cuttale.com\/pt\/wp-json\/wp\/v2\/product\/29465\/revisions"}],"wp:featuredmedia":[{"embeddable":true,"href":"https:\/\/cuttale.com\/pt\/wp-json\/wp\/v2\/media\/29466"}],"wp:attachment":[{"href":"https:\/\/cuttale.com\/pt\/wp-json\/wp\/v2\/media?parent=29465"}],"wp:term":[{"taxonomy":"product_brand","embeddable":true,"href":"https:\/\/cuttale.com\/pt\/wp-json\/wp\/v2\/product_brand?post=29465"},{"taxonomy":"product_cat","embeddable":true,"href":"https:\/\/cuttale.com\/pt\/wp-json\/wp\/v2\/product_cat?post=29465"},{"taxonomy":"product_tag","embeddable":true,"href":"https:\/\/cuttale.com\/pt\/wp-json\/wp\/v2\/product_tag?post=29465"}],"curies":[{"name":"wp","href":"https:\/\/api.w.org\/{rel}","templated":true}]}}