{"id":29650,"date":"2026-03-13T09:01:05","date_gmt":"2026-03-13T01:01:05","guid":{"rendered":"https:\/\/cuttale.com\/?post_type=product&#038;p=29650"},"modified":"2026-04-21T03:24:49","modified_gmt":"2026-04-20T19:24:49","slug":"%e3%82%ab%e3%82%b9%e3%82%bf%e3%83%a0-3d%e3%82%af%e3%83%aa%e3%82%b9%e3%83%9e%e3%82%b9%e3%82%ae%e3%83%95%e3%83%88%e3%83%88%e3%82%a4","status":"publish","type":"product","link":"https:\/\/cuttale.com\/pt\/produto\/%e3%82%ab%e3%82%b9%e3%82%bf%e3%83%a0-3d%e3%82%af%e3%83%aa%e3%82%b9%e3%83%9e%e3%82%b9%e3%82%ae%e3%83%95%e3%83%88%e3%83%88%e3%82%a4\/","title":{"rendered":"Brinquedos 3D personalizados para prendas de Natal"},"content":{"rendered":"<p><img loading=\"lazy\" decoding=\"async\" class=\"alignnone size-full wp-image-29652\" src=\"http:\/\/cuttale.com\/wp-content\/uploads\/2026\/02\/\uff08Japanese\uff09-2-11.jpg\" alt=\"\" width=\"750\" height=\"750\" srcset=\"https:\/\/cuttale.com\/wp-content\/uploads\/2026\/02\/\uff08Japanese\uff09-2-11.jpg 750w, https:\/\/cuttale.com\/wp-content\/uploads\/2026\/02\/\uff08Japanese\uff09-2-11-300x300.jpg 300w, https:\/\/cuttale.com\/wp-content\/uploads\/2026\/02\/\uff08Japanese\uff09-2-11-150x150.jpg 150w, https:\/\/cuttale.com\/wp-content\/uploads\/2026\/02\/\uff08Japanese\uff09-2-11-430x430.jpg 430w, https:\/\/cuttale.com\/wp-content\/uploads\/2026\/02\/\uff08Japanese\uff09-2-11-700x700.jpg 700w\" sizes=\"auto, (max-width: 750px) 100vw, 750px\" \/> <img loading=\"lazy\" decoding=\"async\" class=\"alignnone size-full wp-image-29653\" src=\"http:\/\/cuttale.com\/wp-content\/uploads\/2026\/02\/\uff08Japanese\uff09-3-11.jpg\" alt=\"\" width=\"750\" height=\"750\" srcset=\"https:\/\/cuttale.com\/wp-content\/uploads\/2026\/02\/\uff08Japanese\uff09-3-11.jpg 750w, https:\/\/cuttale.com\/wp-content\/uploads\/2026\/02\/\uff08Japanese\uff09-3-11-300x300.jpg 300w, https:\/\/cuttale.com\/wp-content\/uploads\/2026\/02\/\uff08Japanese\uff09-3-11-150x150.jpg 150w, https:\/\/cuttale.com\/wp-content\/uploads\/2026\/02\/\uff08Japanese\uff09-3-11-430x430.jpg 430w, https:\/\/cuttale.com\/wp-content\/uploads\/2026\/02\/\uff08Japanese\uff09-3-11-700x700.jpg 700w\" sizes=\"auto, (max-width: 750px) 100vw, 750px\" \/> <img loading=\"lazy\" decoding=\"async\" class=\"alignnone size-full wp-image-29654\" src=\"http:\/\/cuttale.com\/wp-content\/uploads\/2026\/02\/\uff08Japanese\uff09-4-11.jpg\" alt=\"\" width=\"750\" height=\"750\" srcset=\"https:\/\/cuttale.com\/wp-content\/uploads\/2026\/02\/\uff08Japanese\uff09-4-11.jpg 750w, https:\/\/cuttale.com\/wp-content\/uploads\/2026\/02\/\uff08Japanese\uff09-4-11-300x300.jpg 300w, https:\/\/cuttale.com\/wp-content\/uploads\/2026\/02\/\uff08Japanese\uff09-4-11-150x150.jpg 150w, https:\/\/cuttale.com\/wp-content\/uploads\/2026\/02\/\uff08Japanese\uff09-4-11-430x430.jpg 430w, https:\/\/cuttale.com\/wp-content\/uploads\/2026\/02\/\uff08Japanese\uff09-4-11-700x700.jpg 700w\" sizes=\"auto, (max-width: 750px) 100vw, 750px\" \/> <img loading=\"lazy\" decoding=\"async\" class=\"alignnone size-full wp-image-29673\" src=\"http:\/\/cuttale.com\/wp-content\/uploads\/2026\/02\/\uff08Japanese\uff09\uff08English\uff09-19.jpg\" alt=\"\" width=\"750\" height=\"750\" srcset=\"https:\/\/cuttale.com\/wp-content\/uploads\/2026\/02\/\uff08Japanese\uff09\uff08English\uff09-19.jpg 750w, https:\/\/cuttale.com\/wp-content\/uploads\/2026\/02\/\uff08Japanese\uff09\uff08English\uff09-19-300x300.jpg 300w, https:\/\/cuttale.com\/wp-content\/uploads\/2026\/02\/\uff08Japanese\uff09\uff08English\uff09-19-150x150.jpg 150w, https:\/\/cuttale.com\/wp-content\/uploads\/2026\/02\/\uff08Japanese\uff09\uff08English\uff09-19-430x430.jpg 430w, https:\/\/cuttale.com\/wp-content\/uploads\/2026\/02\/\uff08Japanese\uff09\uff08English\uff09-19-700x700.jpg 700w\" sizes=\"auto, (max-width: 750px) 100vw, 750px\" \/> <img loading=\"lazy\" decoding=\"async\" class=\"alignnone size-full wp-image-29666\" src=\"http:\/\/cuttale.com\/wp-content\/uploads\/2026\/02\/\uff08Japanese\uff09\uff08English\uff09-2-7.jpg\" alt=\"\" width=\"750\" height=\"750\" srcset=\"https:\/\/cuttale.com\/wp-content\/uploads\/2026\/02\/\uff08Japanese\uff09\uff08English\uff09-2-7.jpg 750w, https:\/\/cuttale.com\/wp-content\/uploads\/2026\/02\/\uff08Japanese\uff09\uff08English\uff09-2-7-300x300.jpg 300w, https:\/\/cuttale.com\/wp-content\/uploads\/2026\/02\/\uff08Japanese\uff09\uff08English\uff09-2-7-150x150.jpg 150w, https:\/\/cuttale.com\/wp-content\/uploads\/2026\/02\/\uff08Japanese\uff09\uff08English\uff09-2-7-430x430.jpg 430w, https:\/\/cuttale.com\/wp-content\/uploads\/2026\/02\/\uff08Japanese\uff09\uff08English\uff09-2-7-700x700.jpg 700w\" sizes=\"auto, (max-width: 750px) 100vw, 750px\" \/> <img loading=\"lazy\" decoding=\"async\" class=\"alignnone size-full wp-image-29674\" src=\"http:\/\/cuttale.com\/wp-content\/uploads\/2026\/02\/7-7.jpg\" alt=\"\" width=\"750\" height=\"750\" srcset=\"https:\/\/cuttale.com\/wp-content\/uploads\/2026\/02\/7-7.jpg 750w, https:\/\/cuttale.com\/wp-content\/uploads\/2026\/02\/7-7-300x300.jpg 300w, https:\/\/cuttale.com\/wp-content\/uploads\/2026\/02\/7-7-150x150.jpg 150w, https:\/\/cuttale.com\/wp-content\/uploads\/2026\/02\/7-7-430x430.jpg 430w, https:\/\/cuttale.com\/wp-content\/uploads\/2026\/02\/7-7-700x700.jpg 700w\" sizes=\"auto, (max-width: 750px) 100vw, 750px\" \/> <img loading=\"lazy\" decoding=\"async\" class=\"alignnone size-full wp-image-29655\" src=\"http:\/\/cuttale.com\/wp-content\/uploads\/2026\/02\/\uff08Japanese\uff09-5-11.jpg\" alt=\"\" width=\"750\" height=\"750\" srcset=\"https:\/\/cuttale.com\/wp-content\/uploads\/2026\/02\/\uff08Japanese\uff09-5-11.jpg 750w, https:\/\/cuttale.com\/wp-content\/uploads\/2026\/02\/\uff08Japanese\uff09-5-11-300x300.jpg 300w, https:\/\/cuttale.com\/wp-content\/uploads\/2026\/02\/\uff08Japanese\uff09-5-11-150x150.jpg 150w, https:\/\/cuttale.com\/wp-content\/uploads\/2026\/02\/\uff08Japanese\uff09-5-11-430x430.jpg 430w, https:\/\/cuttale.com\/wp-content\/uploads\/2026\/02\/\uff08Japanese\uff09-5-11-700x700.jpg 700w\" sizes=\"auto, (max-width: 750px) 100vw, 750px\" \/> <img loading=\"lazy\" decoding=\"async\" class=\"alignnone size-full wp-image-29656\" src=\"http:\/\/cuttale.com\/wp-content\/uploads\/2026\/02\/\uff08Japanese\uff09-6-11.jpg\" alt=\"\" width=\"750\" height=\"750\" srcset=\"https:\/\/cuttale.com\/wp-content\/uploads\/2026\/02\/\uff08Japanese\uff09-6-11.jpg 750w, https:\/\/cuttale.com\/wp-content\/uploads\/2026\/02\/\uff08Japanese\uff09-6-11-300x300.jpg 300w, https:\/\/cuttale.com\/wp-content\/uploads\/2026\/02\/\uff08Japanese\uff09-6-11-150x150.jpg 150w, https:\/\/cuttale.com\/wp-content\/uploads\/2026\/02\/\uff08Japanese\uff09-6-11-430x430.jpg 430w, https:\/\/cuttale.com\/wp-content\/uploads\/2026\/02\/\uff08Japanese\uff09-6-11-700x700.jpg 700w\" sizes=\"auto, (max-width: 750px) 100vw, 750px\" \/> <img loading=\"lazy\" decoding=\"async\" class=\"alignnone size-full wp-image-29667\" src=\"http:\/\/cuttale.com\/wp-content\/uploads\/2026\/02\/\uff08Japanese\uff09\uff08English\uff09-3-7.jpg\" alt=\"\" width=\"750\" height=\"750\" srcset=\"https:\/\/cuttale.com\/wp-content\/uploads\/2026\/02\/\uff08Japanese\uff09\uff08English\uff09-3-7.jpg 750w, https:\/\/cuttale.com\/wp-content\/uploads\/2026\/02\/\uff08Japanese\uff09\uff08English\uff09-3-7-300x300.jpg 300w, https:\/\/cuttale.com\/wp-content\/uploads\/2026\/02\/\uff08Japanese\uff09\uff08English\uff09-3-7-150x150.jpg 150w, https:\/\/cuttale.com\/wp-content\/uploads\/2026\/02\/\uff08Japanese\uff09\uff08English\uff09-3-7-430x430.jpg 430w, https:\/\/cuttale.com\/wp-content\/uploads\/2026\/02\/\uff08Japanese\uff09\uff08English\uff09-3-7-700x700.jpg 700w\" sizes=\"auto, (max-width: 750px) 100vw, 750px\" \/> <img loading=\"lazy\" decoding=\"async\" class=\"alignnone size-full wp-image-29668\" src=\"http:\/\/cuttale.com\/wp-content\/uploads\/2026\/02\/\uff08Japanese\uff09\uff08English\uff09-4-7.jpg\" alt=\"\" width=\"750\" height=\"750\" srcset=\"https:\/\/cuttale.com\/wp-content\/uploads\/2026\/02\/\uff08Japanese\uff09\uff08English\uff09-4-7.jpg 750w, https:\/\/cuttale.com\/wp-content\/uploads\/2026\/02\/\uff08Japanese\uff09\uff08English\uff09-4-7-300x300.jpg 300w, https:\/\/cuttale.com\/wp-content\/uploads\/2026\/02\/\uff08Japanese\uff09\uff08English\uff09-4-7-150x150.jpg 150w, https:\/\/cuttale.com\/wp-content\/uploads\/2026\/02\/\uff08Japanese\uff09\uff08English\uff09-4-7-430x430.jpg 430w, https:\/\/cuttale.com\/wp-content\/uploads\/2026\/02\/\uff08Japanese\uff09\uff08English\uff09-4-7-700x700.jpg 700w\" sizes=\"auto, (max-width: 750px) 100vw, 750px\" \/> <img loading=\"lazy\" decoding=\"async\" class=\"alignnone size-full wp-image-29669\" src=\"http:\/\/cuttale.com\/wp-content\/uploads\/2026\/02\/\uff08Japanese\uff09\uff08English\uff09-5-6.jpg\" alt=\"\" width=\"750\" height=\"750\" srcset=\"https:\/\/cuttale.com\/wp-content\/uploads\/2026\/02\/\uff08Japanese\uff09\uff08English\uff09-5-6.jpg 750w, https:\/\/cuttale.com\/wp-content\/uploads\/2026\/02\/\uff08Japanese\uff09\uff08English\uff09-5-6-300x300.jpg 300w, https:\/\/cuttale.com\/wp-content\/uploads\/2026\/02\/\uff08Japanese\uff09\uff08English\uff09-5-6-150x150.jpg 150w, https:\/\/cuttale.com\/wp-content\/uploads\/2026\/02\/\uff08Japanese\uff09\uff08English\uff09-5-6-430x430.jpg 430w, https:\/\/cuttale.com\/wp-content\/uploads\/2026\/02\/\uff08Japanese\uff09\uff08English\uff09-5-6-700x700.jpg 700w\" sizes=\"auto, (max-width: 750px) 100vw, 750px\" \/> <img loading=\"lazy\" decoding=\"async\" class=\"alignnone size-full wp-image-29657\" src=\"http:\/\/cuttale.com\/wp-content\/uploads\/2026\/02\/\uff08Japanese\uff09-7-8.jpg\" alt=\"\" width=\"750\" height=\"750\" srcset=\"https:\/\/cuttale.com\/wp-content\/uploads\/2026\/02\/\uff08Japanese\uff09-7-8.jpg 750w, https:\/\/cuttale.com\/wp-content\/uploads\/2026\/02\/\uff08Japanese\uff09-7-8-300x300.jpg 300w, https:\/\/cuttale.com\/wp-content\/uploads\/2026\/02\/\uff08Japanese\uff09-7-8-150x150.jpg 150w, https:\/\/cuttale.com\/wp-content\/uploads\/2026\/02\/\uff08Japanese\uff09-7-8-430x430.jpg 430w, https:\/\/cuttale.com\/wp-content\/uploads\/2026\/02\/\uff08Japanese\uff09-7-8-700x700.jpg 700w\" sizes=\"auto, (max-width: 750px) 100vw, 750px\" \/> <img loading=\"lazy\" decoding=\"async\" class=\"alignnone size-full wp-image-29670\" src=\"http:\/\/cuttale.com\/wp-content\/uploads\/2026\/02\/\uff08Japanese\uff09\uff08English\uff09-6-6.jpg\" alt=\"\" width=\"750\" height=\"750\" srcset=\"https:\/\/cuttale.com\/wp-content\/uploads\/2026\/02\/\uff08Japanese\uff09\uff08English\uff09-6-6.jpg 750w, https:\/\/cuttale.com\/wp-content\/uploads\/2026\/02\/\uff08Japanese\uff09\uff08English\uff09-6-6-300x300.jpg 300w, https:\/\/cuttale.com\/wp-content\/uploads\/2026\/02\/\uff08Japanese\uff09\uff08English\uff09-6-6-150x150.jpg 150w, https:\/\/cuttale.com\/wp-content\/uploads\/2026\/02\/\uff08Japanese\uff09\uff08English\uff09-6-6-430x430.jpg 430w, https:\/\/cuttale.com\/wp-content\/uploads\/2026\/02\/\uff08Japanese\uff09\uff08English\uff09-6-6-700x700.jpg 700w\" sizes=\"auto, (max-width: 750px) 100vw, 750px\" \/> <img loading=\"lazy\" decoding=\"async\" class=\"alignnone size-full wp-image-29671\" src=\"http:\/\/cuttale.com\/wp-content\/uploads\/2026\/02\/\uff08Japanese\uff09\uff08English\uff09-7-6.jpg\" alt=\"\" width=\"750\" height=\"750\" srcset=\"https:\/\/cuttale.com\/wp-content\/uploads\/2026\/02\/\uff08Japanese\uff09\uff08English\uff09-7-6.jpg 750w, https:\/\/cuttale.com\/wp-content\/uploads\/2026\/02\/\uff08Japanese\uff09\uff08English\uff09-7-6-300x300.jpg 300w, https:\/\/cuttale.com\/wp-content\/uploads\/2026\/02\/\uff08Japanese\uff09\uff08English\uff09-7-6-150x150.jpg 150w, https:\/\/cuttale.com\/wp-content\/uploads\/2026\/02\/\uff08Japanese\uff09\uff08English\uff09-7-6-430x430.jpg 430w, https:\/\/cuttale.com\/wp-content\/uploads\/2026\/02\/\uff08Japanese\uff09\uff08English\uff09-7-6-700x700.jpg 700w\" sizes=\"auto, (max-width: 750px) 100vw, 750px\" \/> <img loading=\"lazy\" decoding=\"async\" class=\"alignnone size-full wp-image-29658\" src=\"http:\/\/cuttale.com\/wp-content\/uploads\/2026\/02\/\uff08Japanese\uff09-8-8.jpg\" alt=\"\" width=\"750\" height=\"750\" srcset=\"https:\/\/cuttale.com\/wp-content\/uploads\/2026\/02\/\uff08Japanese\uff09-8-8.jpg 750w, https:\/\/cuttale.com\/wp-content\/uploads\/2026\/02\/\uff08Japanese\uff09-8-8-300x300.jpg 300w, https:\/\/cuttale.com\/wp-content\/uploads\/2026\/02\/\uff08Japanese\uff09-8-8-150x150.jpg 150w, https:\/\/cuttale.com\/wp-content\/uploads\/2026\/02\/\uff08Japanese\uff09-8-8-430x430.jpg 430w, https:\/\/cuttale.com\/wp-content\/uploads\/2026\/02\/\uff08Japanese\uff09-8-8-700x700.jpg 700w\" sizes=\"auto, (max-width: 750px) 100vw, 750px\" \/> <img loading=\"lazy\" decoding=\"async\" class=\"alignnone size-full wp-image-29659\" src=\"http:\/\/cuttale.com\/wp-content\/uploads\/2026\/02\/\uff08Japanese\uff09-9-8.jpg\" alt=\"\" width=\"750\" height=\"750\" srcset=\"https:\/\/cuttale.com\/wp-content\/uploads\/2026\/02\/\uff08Japanese\uff09-9-8.jpg 750w, https:\/\/cuttale.com\/wp-content\/uploads\/2026\/02\/\uff08Japanese\uff09-9-8-300x300.jpg 300w, https:\/\/cuttale.com\/wp-content\/uploads\/2026\/02\/\uff08Japanese\uff09-9-8-150x150.jpg 150w, https:\/\/cuttale.com\/wp-content\/uploads\/2026\/02\/\uff08Japanese\uff09-9-8-430x430.jpg 430w, https:\/\/cuttale.com\/wp-content\/uploads\/2026\/02\/\uff08Japanese\uff09-9-8-700x700.jpg 700w\" sizes=\"auto, (max-width: 750px) 100vw, 750px\" \/> <img loading=\"lazy\" decoding=\"async\" class=\"alignnone size-full wp-image-29660\" src=\"http:\/\/cuttale.com\/wp-content\/uploads\/2026\/02\/\uff08Japanese\uff09-10-8.jpg\" alt=\"\" width=\"750\" height=\"750\" srcset=\"https:\/\/cuttale.com\/wp-content\/uploads\/2026\/02\/\uff08Japanese\uff09-10-8.jpg 750w, https:\/\/cuttale.com\/wp-content\/uploads\/2026\/02\/\uff08Japanese\uff09-10-8-300x300.jpg 300w, https:\/\/cuttale.com\/wp-content\/uploads\/2026\/02\/\uff08Japanese\uff09-10-8-150x150.jpg 150w, https:\/\/cuttale.com\/wp-content\/uploads\/2026\/02\/\uff08Japanese\uff09-10-8-430x430.jpg 430w, https:\/\/cuttale.com\/wp-content\/uploads\/2026\/02\/\uff08Japanese\uff09-10-8-700x700.jpg 700w\" sizes=\"auto, (max-width: 750px) 100vw, 750px\" \/> <img loading=\"lazy\" decoding=\"async\" class=\"alignnone size-full wp-image-29661\" src=\"http:\/\/cuttale.com\/wp-content\/uploads\/2026\/02\/\uff08Japanese\uff09-11-6.jpg\" alt=\"\" width=\"750\" height=\"750\" srcset=\"https:\/\/cuttale.com\/wp-content\/uploads\/2026\/02\/\uff08Japanese\uff09-11-6.jpg 750w, https:\/\/cuttale.com\/wp-content\/uploads\/2026\/02\/\uff08Japanese\uff09-11-6-300x300.jpg 300w, https:\/\/cuttale.com\/wp-content\/uploads\/2026\/02\/\uff08Japanese\uff09-11-6-150x150.jpg 150w, https:\/\/cuttale.com\/wp-content\/uploads\/2026\/02\/\uff08Japanese\uff09-11-6-430x430.jpg 430w, https:\/\/cuttale.com\/wp-content\/uploads\/2026\/02\/\uff08Japanese\uff09-11-6-700x700.jpg 700w\" sizes=\"auto, (max-width: 750px) 100vw, 750px\" \/> <img loading=\"lazy\" decoding=\"async\" class=\"alignnone size-full wp-image-29662\" src=\"http:\/\/cuttale.com\/wp-content\/uploads\/2026\/02\/\uff08Japanese\uff09-12-5.jpg\" alt=\"\" width=\"750\" height=\"750\" srcset=\"https:\/\/cuttale.com\/wp-content\/uploads\/2026\/02\/\uff08Japanese\uff09-12-5.jpg 750w, https:\/\/cuttale.com\/wp-content\/uploads\/2026\/02\/\uff08Japanese\uff09-12-5-300x300.jpg 300w, https:\/\/cuttale.com\/wp-content\/uploads\/2026\/02\/\uff08Japanese\uff09-12-5-150x150.jpg 150w, https:\/\/cuttale.com\/wp-content\/uploads\/2026\/02\/\uff08Japanese\uff09-12-5-430x430.jpg 430w, https:\/\/cuttale.com\/wp-content\/uploads\/2026\/02\/\uff08Japanese\uff09-12-5-700x700.jpg 700w\" sizes=\"auto, (max-width: 750px) 100vw, 750px\" \/> <img loading=\"lazy\" decoding=\"async\" class=\"alignnone size-full wp-image-29663\" src=\"http:\/\/cuttale.com\/wp-content\/uploads\/2026\/02\/\uff08Japanese\uff09-13-5.jpg\" alt=\"\" width=\"750\" height=\"750\" srcset=\"https:\/\/cuttale.com\/wp-content\/uploads\/2026\/02\/\uff08Japanese\uff09-13-5.jpg 750w, https:\/\/cuttale.com\/wp-content\/uploads\/2026\/02\/\uff08Japanese\uff09-13-5-300x300.jpg 300w, https:\/\/cuttale.com\/wp-content\/uploads\/2026\/02\/\uff08Japanese\uff09-13-5-150x150.jpg 150w, https:\/\/cuttale.com\/wp-content\/uploads\/2026\/02\/\uff08Japanese\uff09-13-5-430x430.jpg 430w, https:\/\/cuttale.com\/wp-content\/uploads\/2026\/02\/\uff08Japanese\uff09-13-5-700x700.jpg 700w\" sizes=\"auto, (max-width: 750px) 100vw, 750px\" \/> <img loading=\"lazy\" decoding=\"async\" class=\"alignnone size-full wp-image-29664\" src=\"http:\/\/cuttale.com\/wp-content\/uploads\/2026\/02\/\uff08Japanese\uff09-14-5.jpg\" alt=\"\" width=\"750\" height=\"750\" srcset=\"https:\/\/cuttale.com\/wp-content\/uploads\/2026\/02\/\uff08Japanese\uff09-14-5.jpg 750w, https:\/\/cuttale.com\/wp-content\/uploads\/2026\/02\/\uff08Japanese\uff09-14-5-300x300.jpg 300w, https:\/\/cuttale.com\/wp-content\/uploads\/2026\/02\/\uff08Japanese\uff09-14-5-150x150.jpg 150w, https:\/\/cuttale.com\/wp-content\/uploads\/2026\/02\/\uff08Japanese\uff09-14-5-430x430.jpg 430w, https:\/\/cuttale.com\/wp-content\/uploads\/2026\/02\/\uff08Japanese\uff09-14-5-700x700.jpg 700w\" sizes=\"auto, (max-width: 750px) 100vw, 750px\" \/> <img loading=\"lazy\" decoding=\"async\" class=\"alignnone size-full wp-image-29665\" src=\"http:\/\/cuttale.com\/wp-content\/uploads\/2026\/02\/\uff08Japanese\uff09-15-5.jpg\" alt=\"\" width=\"750\" height=\"750\" srcset=\"https:\/\/cuttale.com\/wp-content\/uploads\/2026\/02\/\uff08Japanese\uff09-15-5.jpg 750w, https:\/\/cuttale.com\/wp-content\/uploads\/2026\/02\/\uff08Japanese\uff09-15-5-300x300.jpg 300w, https:\/\/cuttale.com\/wp-content\/uploads\/2026\/02\/\uff08Japanese\uff09-15-5-150x150.jpg 150w, https:\/\/cuttale.com\/wp-content\/uploads\/2026\/02\/\uff08Japanese\uff09-15-5-430x430.jpg 430w, https:\/\/cuttale.com\/wp-content\/uploads\/2026\/02\/\uff08Japanese\uff09-15-5-700x700.jpg 700w\" sizes=\"auto, (max-width: 750px) 100vw, 750px\" \/> <img loading=\"lazy\" decoding=\"async\" class=\"alignnone size-full wp-image-29672\" src=\"http:\/\/cuttale.com\/wp-content\/uploads\/2026\/02\/\uff08Japanese\uff09\uff08English\uff09-8-6.jpg\" alt=\"\" width=\"750\" height=\"750\" srcset=\"https:\/\/cuttale.com\/wp-content\/uploads\/2026\/02\/\uff08Japanese\uff09\uff08English\uff09-8-6.jpg 750w, https:\/\/cuttale.com\/wp-content\/uploads\/2026\/02\/\uff08Japanese\uff09\uff08English\uff09-8-6-300x300.jpg 300w, https:\/\/cuttale.com\/wp-content\/uploads\/2026\/02\/\uff08Japanese\uff09\uff08English\uff09-8-6-150x150.jpg 150w, https:\/\/cuttale.com\/wp-content\/uploads\/2026\/02\/\uff08Japanese\uff09\uff08English\uff09-8-6-430x430.jpg 430w, https:\/\/cuttale.com\/wp-content\/uploads\/2026\/02\/\uff08Japanese\uff09\uff08English\uff09-8-6-700x700.jpg 700w\" sizes=\"auto, (max-width: 750px) 100vw, 750px\" \/><\/p>","protected":false},"excerpt":{"rendered":"<ul>\n<li><strong>Data de chegada: Entrega prevista no prazo de 30 dias.<\/strong><\/li>\n<li><strong>Prazo de devolu\u00e7\u00e3o: tratando-se de um produto feito \u00e0 medida, n\u00e3o s\u00e3o aceites devolu\u00e7\u00f5es e reembolsos.<\/strong><strong>Apenas em caso de mercadorias danificadas, o vendedor providenciar\u00e1 o reenvio.<\/strong><\/li>\n<li><strong>Transporte: Este produto n\u00e3o est\u00e1 inclu\u00eddo nos custos de transporte.<\/strong><\/li>\n<li><strong>Portes de devolu\u00e7\u00e3o: O cliente \u00e9 respons\u00e1vel pelos portes de devolu\u00e7\u00e3o.<\/strong><\/li>\n<li><strong>Devolu\u00e7\u00f5es: este produto n\u00e3o pode ser devolvido.<\/strong><\/li>\n<\/ul>","protected":false},"featured_media":29651,"comment_status":"open","ping_status":"closed","template":"","meta":[],"product_brand":[],"product_cat":[94],"product_tag":[],"class_list":{"0":"post-29650","1":"product","2":"type-product","3":"status-publish","4":"has-post-thumbnail","6":"product_cat--3d-q-","8":"first","9":"instock","10":"sale","11":"shipping-taxable","12":"purchasable","13":"product-type-variable","14":"wvs-archive-product-wrapper"},"_links":{"self":[{"href":"https:\/\/cuttale.com\/pt\/wp-json\/wp\/v2\/product\/29650","targetHints":{"allow":["GET"]}}],"collection":[{"href":"https:\/\/cuttale.com\/pt\/wp-json\/wp\/v2\/product"}],"about":[{"href":"https:\/\/cuttale.com\/pt\/wp-json\/wp\/v2\/types\/product"}],"replies":[{"embeddable":true,"href":"https:\/\/cuttale.com\/pt\/wp-json\/wp\/v2\/comments?post=29650"}],"version-history":[{"count":0,"href":"https:\/\/cuttale.com\/pt\/wp-json\/wp\/v2\/product\/29650\/revisions"}],"wp:featuredmedia":[{"embeddable":true,"href":"https:\/\/cuttale.com\/pt\/wp-json\/wp\/v2\/media\/29651"}],"wp:attachment":[{"href":"https:\/\/cuttale.com\/pt\/wp-json\/wp\/v2\/media?parent=29650"}],"wp:term":[{"taxonomy":"product_brand","embeddable":true,"href":"https:\/\/cuttale.com\/pt\/wp-json\/wp\/v2\/product_brand?post=29650"},{"taxonomy":"product_cat","embeddable":true,"href":"https:\/\/cuttale.com\/pt\/wp-json\/wp\/v2\/product_cat?post=29650"},{"taxonomy":"product_tag","embeddable":true,"href":"https:\/\/cuttale.com\/pt\/wp-json\/wp\/v2\/product_tag?post=29650"}],"curies":[{"name":"wp","href":"https:\/\/api.w.org\/{rel}","templated":true}]}}