{"id":30678,"date":"2026-03-13T01:40:46","date_gmt":"2026-03-12T17:40:46","guid":{"rendered":"https:\/\/cuttale.com\/?post_type=product&#038;p=30678"},"modified":"2026-03-21T02:47:17","modified_gmt":"2026-03-20T18:47:17","slug":"%e3%81%ac%e3%81%84%e3%81%90%e3%82%8b%e3%81%bf%e3%81%b2%e3%81%be%e3%82%8f%e3%82%8a%e3%81%8a%e3%82%82%e3%81%a1%e3%82%83%e3%81%ae%e3%82%ab%e3%82%b9%e3%82%bf%e3%83%9e%e3%82%a4%e3%82%ba","status":"publish","type":"product","link":"https:\/\/cuttale.com\/pt\/produto\/%e3%81%ac%e3%81%84%e3%81%90%e3%82%8b%e3%81%bf%e3%81%b2%e3%81%be%e3%82%8f%e3%82%8a%e3%81%8a%e3%82%82%e3%81%a1%e3%82%83%e3%81%ae%e3%82%ab%e3%82%b9%e3%82%bf%e3%83%9e%e3%82%a4%e3%82%ba\/","title":{"rendered":"Brinquedo de girassol em peluche personalizado"},"content":{"rendered":"<p><img loading=\"lazy\" decoding=\"async\" class=\"alignnone size-full wp-image-30690\" src=\"http:\/\/cuttale.com\/wp-content\/uploads\/2026\/03\/2-3.jpg\" alt=\"\" width=\"750\" height=\"750\" srcset=\"https:\/\/cuttale.com\/wp-content\/uploads\/2026\/03\/2-3.jpg 750w, https:\/\/cuttale.com\/wp-content\/uploads\/2026\/03\/2-3-300x300.jpg 300w, https:\/\/cuttale.com\/wp-content\/uploads\/2026\/03\/2-3-150x150.jpg 150w, https:\/\/cuttale.com\/wp-content\/uploads\/2026\/03\/2-3-12x12.jpg 12w, https:\/\/cuttale.com\/wp-content\/uploads\/2026\/03\/2-3-430x430.jpg 430w, https:\/\/cuttale.com\/wp-content\/uploads\/2026\/03\/2-3-700x700.jpg 700w, https:\/\/cuttale.com\/wp-content\/uploads\/2026\/03\/2-3-50x50.jpg 50w, https:\/\/cuttale.com\/wp-content\/uploads\/2026\/03\/2-3-100x100.jpg 100w\" sizes=\"auto, (max-width: 750px) 100vw, 750px\" \/> <img loading=\"lazy\" decoding=\"async\" class=\"alignnone size-full wp-image-30698\" src=\"http:\/\/cuttale.com\/wp-content\/uploads\/2026\/03\/\uff08Chinese-Traditional\uff09-1.jpg\" alt=\"\" width=\"750\" height=\"750\" srcset=\"https:\/\/cuttale.com\/wp-content\/uploads\/2026\/03\/\uff08Chinese-Traditional\uff09-1.jpg 750w, https:\/\/cuttale.com\/wp-content\/uploads\/2026\/03\/\uff08Chinese-Traditional\uff09-1-300x300.jpg 300w, https:\/\/cuttale.com\/wp-content\/uploads\/2026\/03\/\uff08Chinese-Traditional\uff09-1-150x150.jpg 150w, https:\/\/cuttale.com\/wp-content\/uploads\/2026\/03\/\uff08Chinese-Traditional\uff09-1-12x12.jpg 12w, https:\/\/cuttale.com\/wp-content\/uploads\/2026\/03\/\uff08Chinese-Traditional\uff09-1-430x430.jpg 430w, https:\/\/cuttale.com\/wp-content\/uploads\/2026\/03\/\uff08Chinese-Traditional\uff09-1-700x700.jpg 700w, https:\/\/cuttale.com\/wp-content\/uploads\/2026\/03\/\uff08Chinese-Traditional\uff09-1-50x50.jpg 50w, https:\/\/cuttale.com\/wp-content\/uploads\/2026\/03\/\uff08Chinese-Traditional\uff09-1-100x100.jpg 100w\" sizes=\"auto, (max-width: 750px) 100vw, 750px\" \/> <img loading=\"lazy\" decoding=\"async\" class=\"alignnone size-full wp-image-30692\" src=\"http:\/\/cuttale.com\/wp-content\/uploads\/2026\/03\/4-3.jpg\" alt=\"\" width=\"750\" height=\"750\" srcset=\"https:\/\/cuttale.com\/wp-content\/uploads\/2026\/03\/4-3.jpg 750w, https:\/\/cuttale.com\/wp-content\/uploads\/2026\/03\/4-3-300x300.jpg 300w, https:\/\/cuttale.com\/wp-content\/uploads\/2026\/03\/4-3-150x150.jpg 150w, https:\/\/cuttale.com\/wp-content\/uploads\/2026\/03\/4-3-12x12.jpg 12w, https:\/\/cuttale.com\/wp-content\/uploads\/2026\/03\/4-3-430x430.jpg 430w, https:\/\/cuttale.com\/wp-content\/uploads\/2026\/03\/4-3-700x700.jpg 700w, https:\/\/cuttale.com\/wp-content\/uploads\/2026\/03\/4-3-50x50.jpg 50w, https:\/\/cuttale.com\/wp-content\/uploads\/2026\/03\/4-3-100x100.jpg 100w\" sizes=\"auto, (max-width: 750px) 100vw, 750px\" \/> <img loading=\"lazy\" decoding=\"async\" class=\"alignnone size-full wp-image-30693\" src=\"http:\/\/cuttale.com\/wp-content\/uploads\/2026\/03\/5-4.jpg\" alt=\"\" width=\"750\" height=\"750\" srcset=\"https:\/\/cuttale.com\/wp-content\/uploads\/2026\/03\/5-4.jpg 750w, https:\/\/cuttale.com\/wp-content\/uploads\/2026\/03\/5-4-300x300.jpg 300w, https:\/\/cuttale.com\/wp-content\/uploads\/2026\/03\/5-4-150x150.jpg 150w, https:\/\/cuttale.com\/wp-content\/uploads\/2026\/03\/5-4-12x12.jpg 12w, https:\/\/cuttale.com\/wp-content\/uploads\/2026\/03\/5-4-430x430.jpg 430w, https:\/\/cuttale.com\/wp-content\/uploads\/2026\/03\/5-4-700x700.jpg 700w, https:\/\/cuttale.com\/wp-content\/uploads\/2026\/03\/5-4-50x50.jpg 50w, https:\/\/cuttale.com\/wp-content\/uploads\/2026\/03\/5-4-100x100.jpg 100w\" sizes=\"auto, (max-width: 750px) 100vw, 750px\" \/> <img loading=\"lazy\" decoding=\"async\" class=\"alignnone size-full wp-image-30694\" src=\"http:\/\/cuttale.com\/wp-content\/uploads\/2026\/03\/6-3.jpg\" alt=\"\" width=\"750\" height=\"750\" srcset=\"https:\/\/cuttale.com\/wp-content\/uploads\/2026\/03\/6-3.jpg 750w, https:\/\/cuttale.com\/wp-content\/uploads\/2026\/03\/6-3-300x300.jpg 300w, https:\/\/cuttale.com\/wp-content\/uploads\/2026\/03\/6-3-150x150.jpg 150w, https:\/\/cuttale.com\/wp-content\/uploads\/2026\/03\/6-3-12x12.jpg 12w, https:\/\/cuttale.com\/wp-content\/uploads\/2026\/03\/6-3-430x430.jpg 430w, https:\/\/cuttale.com\/wp-content\/uploads\/2026\/03\/6-3-700x700.jpg 700w, https:\/\/cuttale.com\/wp-content\/uploads\/2026\/03\/6-3-50x50.jpg 50w, https:\/\/cuttale.com\/wp-content\/uploads\/2026\/03\/6-3-100x100.jpg 100w\" sizes=\"auto, (max-width: 750px) 100vw, 750px\" \/> <img loading=\"lazy\" decoding=\"async\" class=\"alignnone size-full wp-image-30695\" src=\"http:\/\/cuttale.com\/wp-content\/uploads\/2026\/03\/7-4.jpg\" alt=\"\" width=\"750\" height=\"750\" srcset=\"https:\/\/cuttale.com\/wp-content\/uploads\/2026\/03\/7-4.jpg 750w, https:\/\/cuttale.com\/wp-content\/uploads\/2026\/03\/7-4-300x300.jpg 300w, https:\/\/cuttale.com\/wp-content\/uploads\/2026\/03\/7-4-150x150.jpg 150w, https:\/\/cuttale.com\/wp-content\/uploads\/2026\/03\/7-4-12x12.jpg 12w, https:\/\/cuttale.com\/wp-content\/uploads\/2026\/03\/7-4-430x430.jpg 430w, https:\/\/cuttale.com\/wp-content\/uploads\/2026\/03\/7-4-700x700.jpg 700w, https:\/\/cuttale.com\/wp-content\/uploads\/2026\/03\/7-4-50x50.jpg 50w, https:\/\/cuttale.com\/wp-content\/uploads\/2026\/03\/7-4-100x100.jpg 100w\" sizes=\"auto, (max-width: 750px) 100vw, 750px\" \/> <img loading=\"lazy\" decoding=\"async\" class=\"alignnone size-full wp-image-30696\" src=\"http:\/\/cuttale.com\/wp-content\/uploads\/2026\/03\/8-4.jpg\" alt=\"\" width=\"750\" height=\"750\" srcset=\"https:\/\/cuttale.com\/wp-content\/uploads\/2026\/03\/8-4.jpg 750w, https:\/\/cuttale.com\/wp-content\/uploads\/2026\/03\/8-4-300x300.jpg 300w, https:\/\/cuttale.com\/wp-content\/uploads\/2026\/03\/8-4-150x150.jpg 150w, https:\/\/cuttale.com\/wp-content\/uploads\/2026\/03\/8-4-12x12.jpg 12w, https:\/\/cuttale.com\/wp-content\/uploads\/2026\/03\/8-4-430x430.jpg 430w, https:\/\/cuttale.com\/wp-content\/uploads\/2026\/03\/8-4-700x700.jpg 700w, https:\/\/cuttale.com\/wp-content\/uploads\/2026\/03\/8-4-50x50.jpg 50w, https:\/\/cuttale.com\/wp-content\/uploads\/2026\/03\/8-4-100x100.jpg 100w\" sizes=\"auto, (max-width: 750px) 100vw, 750px\" \/> <img loading=\"lazy\" decoding=\"async\" class=\"alignnone size-full wp-image-30697\" src=\"http:\/\/cuttale.com\/wp-content\/uploads\/2026\/03\/9-4.jpg\" alt=\"\" width=\"750\" height=\"750\" srcset=\"https:\/\/cuttale.com\/wp-content\/uploads\/2026\/03\/9-4.jpg 750w, https:\/\/cuttale.com\/wp-content\/uploads\/2026\/03\/9-4-300x300.jpg 300w, https:\/\/cuttale.com\/wp-content\/uploads\/2026\/03\/9-4-150x150.jpg 150w, https:\/\/cuttale.com\/wp-content\/uploads\/2026\/03\/9-4-12x12.jpg 12w, https:\/\/cuttale.com\/wp-content\/uploads\/2026\/03\/9-4-430x430.jpg 430w, https:\/\/cuttale.com\/wp-content\/uploads\/2026\/03\/9-4-700x700.jpg 700w, https:\/\/cuttale.com\/wp-content\/uploads\/2026\/03\/9-4-50x50.jpg 50w, https:\/\/cuttale.com\/wp-content\/uploads\/2026\/03\/9-4-100x100.jpg 100w\" sizes=\"auto, (max-width: 750px) 100vw, 750px\" \/> <img loading=\"lazy\" decoding=\"async\" class=\"alignnone size-full wp-image-30680\" src=\"http:\/\/cuttale.com\/wp-content\/uploads\/2026\/03\/10-4.jpg\" alt=\"\" width=\"750\" height=\"750\" srcset=\"https:\/\/cuttale.com\/wp-content\/uploads\/2026\/03\/10-4.jpg 750w, https:\/\/cuttale.com\/wp-content\/uploads\/2026\/03\/10-4-300x300.jpg 300w, https:\/\/cuttale.com\/wp-content\/uploads\/2026\/03\/10-4-150x150.jpg 150w, https:\/\/cuttale.com\/wp-content\/uploads\/2026\/03\/10-4-12x12.jpg 12w, https:\/\/cuttale.com\/wp-content\/uploads\/2026\/03\/10-4-430x430.jpg 430w, https:\/\/cuttale.com\/wp-content\/uploads\/2026\/03\/10-4-700x700.jpg 700w, https:\/\/cuttale.com\/wp-content\/uploads\/2026\/03\/10-4-50x50.jpg 50w, https:\/\/cuttale.com\/wp-content\/uploads\/2026\/03\/10-4-100x100.jpg 100w\" sizes=\"auto, (max-width: 750px) 100vw, 750px\" \/> <img loading=\"lazy\" decoding=\"async\" class=\"alignnone size-full wp-image-30681\" src=\"http:\/\/cuttale.com\/wp-content\/uploads\/2026\/03\/11-4.jpg\" alt=\"\" width=\"750\" height=\"750\" srcset=\"https:\/\/cuttale.com\/wp-content\/uploads\/2026\/03\/11-4.jpg 750w, https:\/\/cuttale.com\/wp-content\/uploads\/2026\/03\/11-4-300x300.jpg 300w, https:\/\/cuttale.com\/wp-content\/uploads\/2026\/03\/11-4-150x150.jpg 150w, https:\/\/cuttale.com\/wp-content\/uploads\/2026\/03\/11-4-12x12.jpg 12w, https:\/\/cuttale.com\/wp-content\/uploads\/2026\/03\/11-4-430x430.jpg 430w, https:\/\/cuttale.com\/wp-content\/uploads\/2026\/03\/11-4-700x700.jpg 700w, https:\/\/cuttale.com\/wp-content\/uploads\/2026\/03\/11-4-50x50.jpg 50w, https:\/\/cuttale.com\/wp-content\/uploads\/2026\/03\/11-4-100x100.jpg 100w\" sizes=\"auto, (max-width: 750px) 100vw, 750px\" \/> <img loading=\"lazy\" decoding=\"async\" class=\"alignnone size-full wp-image-30682\" src=\"http:\/\/cuttale.com\/wp-content\/uploads\/2026\/03\/12-4.jpg\" alt=\"\" width=\"750\" height=\"750\" srcset=\"https:\/\/cuttale.com\/wp-content\/uploads\/2026\/03\/12-4.jpg 750w, https:\/\/cuttale.com\/wp-content\/uploads\/2026\/03\/12-4-300x300.jpg 300w, https:\/\/cuttale.com\/wp-content\/uploads\/2026\/03\/12-4-150x150.jpg 150w, https:\/\/cuttale.com\/wp-content\/uploads\/2026\/03\/12-4-12x12.jpg 12w, https:\/\/cuttale.com\/wp-content\/uploads\/2026\/03\/12-4-430x430.jpg 430w, https:\/\/cuttale.com\/wp-content\/uploads\/2026\/03\/12-4-700x700.jpg 700w, https:\/\/cuttale.com\/wp-content\/uploads\/2026\/03\/12-4-50x50.jpg 50w, https:\/\/cuttale.com\/wp-content\/uploads\/2026\/03\/12-4-100x100.jpg 100w\" sizes=\"auto, (max-width: 750px) 100vw, 750px\" \/> <img loading=\"lazy\" decoding=\"async\" class=\"alignnone size-full wp-image-30683\" src=\"http:\/\/cuttale.com\/wp-content\/uploads\/2026\/03\/13-3.jpg\" alt=\"\" width=\"750\" height=\"750\" srcset=\"https:\/\/cuttale.com\/wp-content\/uploads\/2026\/03\/13-3.jpg 750w, https:\/\/cuttale.com\/wp-content\/uploads\/2026\/03\/13-3-300x300.jpg 300w, https:\/\/cuttale.com\/wp-content\/uploads\/2026\/03\/13-3-150x150.jpg 150w, https:\/\/cuttale.com\/wp-content\/uploads\/2026\/03\/13-3-12x12.jpg 12w, https:\/\/cuttale.com\/wp-content\/uploads\/2026\/03\/13-3-430x430.jpg 430w, https:\/\/cuttale.com\/wp-content\/uploads\/2026\/03\/13-3-700x700.jpg 700w, https:\/\/cuttale.com\/wp-content\/uploads\/2026\/03\/13-3-50x50.jpg 50w, https:\/\/cuttale.com\/wp-content\/uploads\/2026\/03\/13-3-100x100.jpg 100w\" sizes=\"auto, (max-width: 750px) 100vw, 750px\" \/> <img loading=\"lazy\" decoding=\"async\" class=\"alignnone size-full wp-image-30684\" src=\"http:\/\/cuttale.com\/wp-content\/uploads\/2026\/03\/14-3.jpg\" alt=\"\" width=\"750\" height=\"750\" srcset=\"https:\/\/cuttale.com\/wp-content\/uploads\/2026\/03\/14-3.jpg 750w, https:\/\/cuttale.com\/wp-content\/uploads\/2026\/03\/14-3-300x300.jpg 300w, https:\/\/cuttale.com\/wp-content\/uploads\/2026\/03\/14-3-150x150.jpg 150w, https:\/\/cuttale.com\/wp-content\/uploads\/2026\/03\/14-3-12x12.jpg 12w, https:\/\/cuttale.com\/wp-content\/uploads\/2026\/03\/14-3-430x430.jpg 430w, https:\/\/cuttale.com\/wp-content\/uploads\/2026\/03\/14-3-700x700.jpg 700w, https:\/\/cuttale.com\/wp-content\/uploads\/2026\/03\/14-3-50x50.jpg 50w, https:\/\/cuttale.com\/wp-content\/uploads\/2026\/03\/14-3-100x100.jpg 100w\" sizes=\"auto, (max-width: 750px) 100vw, 750px\" \/> <img loading=\"lazy\" decoding=\"async\" class=\"alignnone size-full wp-image-30685\" src=\"http:\/\/cuttale.com\/wp-content\/uploads\/2026\/03\/15-3.jpg\" alt=\"\" width=\"750\" height=\"750\" srcset=\"https:\/\/cuttale.com\/wp-content\/uploads\/2026\/03\/15-3.jpg 750w, https:\/\/cuttale.com\/wp-content\/uploads\/2026\/03\/15-3-300x300.jpg 300w, https:\/\/cuttale.com\/wp-content\/uploads\/2026\/03\/15-3-150x150.jpg 150w, https:\/\/cuttale.com\/wp-content\/uploads\/2026\/03\/15-3-12x12.jpg 12w, https:\/\/cuttale.com\/wp-content\/uploads\/2026\/03\/15-3-430x430.jpg 430w, https:\/\/cuttale.com\/wp-content\/uploads\/2026\/03\/15-3-700x700.jpg 700w, https:\/\/cuttale.com\/wp-content\/uploads\/2026\/03\/15-3-50x50.jpg 50w, https:\/\/cuttale.com\/wp-content\/uploads\/2026\/03\/15-3-100x100.jpg 100w\" sizes=\"auto, (max-width: 750px) 100vw, 750px\" \/> <img loading=\"lazy\" decoding=\"async\" class=\"alignnone size-full wp-image-30686\" src=\"http:\/\/cuttale.com\/wp-content\/uploads\/2026\/03\/16-3.jpg\" alt=\"\" width=\"750\" height=\"750\" srcset=\"https:\/\/cuttale.com\/wp-content\/uploads\/2026\/03\/16-3.jpg 750w, https:\/\/cuttale.com\/wp-content\/uploads\/2026\/03\/16-3-300x300.jpg 300w, https:\/\/cuttale.com\/wp-content\/uploads\/2026\/03\/16-3-150x150.jpg 150w, https:\/\/cuttale.com\/wp-content\/uploads\/2026\/03\/16-3-12x12.jpg 12w, https:\/\/cuttale.com\/wp-content\/uploads\/2026\/03\/16-3-430x430.jpg 430w, https:\/\/cuttale.com\/wp-content\/uploads\/2026\/03\/16-3-700x700.jpg 700w, https:\/\/cuttale.com\/wp-content\/uploads\/2026\/03\/16-3-50x50.jpg 50w, https:\/\/cuttale.com\/wp-content\/uploads\/2026\/03\/16-3-100x100.jpg 100w\" sizes=\"auto, (max-width: 750px) 100vw, 750px\" \/> <img loading=\"lazy\" decoding=\"async\" class=\"alignnone size-full wp-image-30687\" src=\"http:\/\/cuttale.com\/wp-content\/uploads\/2026\/03\/17-3.jpg\" alt=\"\" width=\"750\" height=\"750\" srcset=\"https:\/\/cuttale.com\/wp-content\/uploads\/2026\/03\/17-3.jpg 750w, https:\/\/cuttale.com\/wp-content\/uploads\/2026\/03\/17-3-300x300.jpg 300w, https:\/\/cuttale.com\/wp-content\/uploads\/2026\/03\/17-3-150x150.jpg 150w, https:\/\/cuttale.com\/wp-content\/uploads\/2026\/03\/17-3-12x12.jpg 12w, https:\/\/cuttale.com\/wp-content\/uploads\/2026\/03\/17-3-430x430.jpg 430w, https:\/\/cuttale.com\/wp-content\/uploads\/2026\/03\/17-3-700x700.jpg 700w, https:\/\/cuttale.com\/wp-content\/uploads\/2026\/03\/17-3-50x50.jpg 50w, https:\/\/cuttale.com\/wp-content\/uploads\/2026\/03\/17-3-100x100.jpg 100w\" sizes=\"auto, (max-width: 750px) 100vw, 750px\" \/> <img loading=\"lazy\" decoding=\"async\" class=\"alignnone size-full wp-image-30688\" src=\"http:\/\/cuttale.com\/wp-content\/uploads\/2026\/03\/18-3.jpg\" alt=\"\" width=\"750\" height=\"750\" srcset=\"https:\/\/cuttale.com\/wp-content\/uploads\/2026\/03\/18-3.jpg 750w, https:\/\/cuttale.com\/wp-content\/uploads\/2026\/03\/18-3-300x300.jpg 300w, https:\/\/cuttale.com\/wp-content\/uploads\/2026\/03\/18-3-150x150.jpg 150w, https:\/\/cuttale.com\/wp-content\/uploads\/2026\/03\/18-3-12x12.jpg 12w, https:\/\/cuttale.com\/wp-content\/uploads\/2026\/03\/18-3-430x430.jpg 430w, https:\/\/cuttale.com\/wp-content\/uploads\/2026\/03\/18-3-700x700.jpg 700w, https:\/\/cuttale.com\/wp-content\/uploads\/2026\/03\/18-3-50x50.jpg 50w, https:\/\/cuttale.com\/wp-content\/uploads\/2026\/03\/18-3-100x100.jpg 100w\" sizes=\"auto, (max-width: 750px) 100vw, 750px\" \/> <img loading=\"lazy\" decoding=\"async\" class=\"alignnone size-full wp-image-30689\" src=\"http:\/\/cuttale.com\/wp-content\/uploads\/2026\/03\/19-4.jpg\" alt=\"\" width=\"750\" height=\"750\" srcset=\"https:\/\/cuttale.com\/wp-content\/uploads\/2026\/03\/19-4.jpg 750w, https:\/\/cuttale.com\/wp-content\/uploads\/2026\/03\/19-4-300x300.jpg 300w, https:\/\/cuttale.com\/wp-content\/uploads\/2026\/03\/19-4-150x150.jpg 150w, https:\/\/cuttale.com\/wp-content\/uploads\/2026\/03\/19-4-12x12.jpg 12w, https:\/\/cuttale.com\/wp-content\/uploads\/2026\/03\/19-4-430x430.jpg 430w, https:\/\/cuttale.com\/wp-content\/uploads\/2026\/03\/19-4-700x700.jpg 700w, https:\/\/cuttale.com\/wp-content\/uploads\/2026\/03\/19-4-50x50.jpg 50w, https:\/\/cuttale.com\/wp-content\/uploads\/2026\/03\/19-4-100x100.jpg 100w\" sizes=\"auto, (max-width: 750px) 100vw, 750px\" \/><\/p>","protected":false},"excerpt":{"rendered":"<ul>\n<li><strong>Data de chegada: Entrega prevista no prazo de 30 dias.<\/strong><\/li>\n<li><strong>Prazo de devolu\u00e7\u00e3o: tratando-se de um produto feito \u00e0 medida, n\u00e3o s\u00e3o aceites devolu\u00e7\u00f5es e reembolsos.<\/strong><strong>Apenas em caso de mercadorias danificadas, o vendedor providenciar\u00e1 o reenvio.<\/strong><\/li>\n<li><strong>Transporte: Este produto n\u00e3o est\u00e1 inclu\u00eddo nos custos de transporte.<\/strong><\/li>\n<li><strong>Portes de devolu\u00e7\u00e3o: O cliente \u00e9 respons\u00e1vel pelos portes de devolu\u00e7\u00e3o.<\/strong><\/li>\n<li><strong>Devolu\u00e7\u00f5es: este produto n\u00e3o pode ser devolvido.<\/strong><\/li>\n<\/ul>","protected":false},"featured_media":30679,"comment_status":"open","ping_status":"closed","template":"","meta":[],"product_brand":[],"product_cat":[95,105],"product_tag":[],"class_list":{"0":"post-30678","1":"product","2":"type-product","3":"status-publish","4":"has-post-thumbnail","6":"product_cat-95","7":"product_cat-105","9":"first","10":"instock","11":"sale","12":"shipping-taxable","13":"purchasable","14":"product-type-variable"},"_links":{"self":[{"href":"https:\/\/cuttale.com\/pt\/wp-json\/wp\/v2\/product\/30678","targetHints":{"allow":["GET"]}}],"collection":[{"href":"https:\/\/cuttale.com\/pt\/wp-json\/wp\/v2\/product"}],"about":[{"href":"https:\/\/cuttale.com\/pt\/wp-json\/wp\/v2\/types\/product"}],"replies":[{"embeddable":true,"href":"https:\/\/cuttale.com\/pt\/wp-json\/wp\/v2\/comments?post=30678"}],"version-history":[{"count":0,"href":"https:\/\/cuttale.com\/pt\/wp-json\/wp\/v2\/product\/30678\/revisions"}],"wp:featuredmedia":[{"embeddable":true,"href":"https:\/\/cuttale.com\/pt\/wp-json\/wp\/v2\/media\/30679"}],"wp:attachment":[{"href":"https:\/\/cuttale.com\/pt\/wp-json\/wp\/v2\/media?parent=30678"}],"wp:term":[{"taxonomy":"product_brand","embeddable":true,"href":"https:\/\/cuttale.com\/pt\/wp-json\/wp\/v2\/product_brand?post=30678"},{"taxonomy":"product_cat","embeddable":true,"href":"https:\/\/cuttale.com\/pt\/wp-json\/wp\/v2\/product_cat?post=30678"},{"taxonomy":"product_tag","embeddable":true,"href":"https:\/\/cuttale.com\/pt\/wp-json\/wp\/v2\/product_tag?post=30678"}],"curies":[{"name":"wp","href":"https:\/\/api.w.org\/{rel}","templated":true}]}}